{"id":996,"date":"2021-11-17T15:15:36","date_gmt":"2021-11-17T08:15:36","guid":{"rendered":"https:\/\/hanoilanguage.vn\/vn\/?post_type=product&#038;p=996"},"modified":"2025-08-09T11:53:39","modified_gmt":"2025-08-09T04:53:39","slug":"tieng-anh-chuyen-nganh","status":"publish","type":"product","link":"https:\/\/hanoilanguage.vn\/vn\/english\/tieng-anh-chuyen-nganh\/","title":{"rendered":"TI\u1ebeNG ANH CHUY\u00caN NG\u00c0NH"},"content":{"rendered":"<header class=\"entry-header\"><span style=\"font-size: 130%;\"><strong><span style=\"color: #f99b1c;\">KHO\u00c1 H\u1eccC TI\u1ebeNG ANH CHUY\u00caN NG\u00c0NH ONLINE 1:1 V\u1edaI GI\u00c1O VI\u00caN PHILIPPINES<\/span><\/strong><\/span><\/header>\n<header><\/header>\n<header><\/header>\n<header><\/header>\n<header class=\"entry-header\"><strong><span style=\"color: #f99b1c;\">1. T\u1ea0I SAO N\u00caN H\u1eccC ONLINE 1:1 V\u1edaI GI\u00c1O VI\u00caN PHILIPPINES?\u00a0<\/span><\/strong><\/header>\n<header><\/header>\n<header><\/header>\n<header class=\"entry-header\"><strong>H\u1eccC TI\u1ebeNG ANH ONLINE HI\u1ec6U QU\u1ea2\u00a0\u2013 TI\u1ebeT KI\u1ec6M CHI PH\u00cd V\u00c0 TH\u1edcI GIAN LINH HO\u1ea0T<\/strong>\u25a0\u00a0 H\u1ecdc ti\u1ebfng Anh hi\u1ec7u qu\u1ea3 \u2013 Ti\u1ebft ki\u1ec7m chi ph\u00ed v\u00e0 th\u1eddi gian linh ho\u1ea1t.\u25a0 H\u1ecdc ti\u1ebfng Anh Online v\u1edbi Hanoi L&amp;C Academy, b\u1ea1n s\u1ebd \u0111\u01b0\u1ee3c t\u01b0\u01a1ng t\u00e1c tr\u1ef1c ti\u1ebfp 1 k\u00e8m 1 v\u1edbi gi\u00e1o vi\u00ean n\u01b0\u1edbc ngo\u00e0i m\u1ed7i ng\u00e0y<\/p>\n<p>\u25a0 Qu\u00ean \u0111i n\u1ed7i s\u1ee3 h\u00e3i n\u00f3i ti\u1ebfng Anh \u2013 t\u1ef1 tin ph\u00e1t \u00e2m chu\u1ea9n \u2013 \u0111\u00fang ng\u1eef \u0111i\u1ec7u nh\u01b0 ng\u01b0\u1eddi b\u1ea3n x\u1ee9.<\/p>\n<p>\u25a0 C\u00f3 m\u00f4i tr\u01b0\u1eddng n\u00f3i ti\u1ebfng Anh v\u1edbi gi\u00e1o vi\u00ean n\u01b0\u1edbc ngo\u00e0i m\u00e0 kh\u00f4ng ph\u1ea3i m\u1ea5t th\u1eddi gian v\u00e0 chi ph\u00ed di chuy\u1ec3n<\/p>\n<p>\u25a0 B\u1ea1n s\u1ebd \u0111\u01b0\u1ee3c linh \u0111\u1ed9ng trong vi\u1ec7c l\u1ef1a ch\u1ecdn l\u1ecbch h\u1ecdc ph\u00f9 h\u1ee3p v\u1edbi th\u1eddi gian c\u1ee7a m\u00ecnh.<\/p>\n<p>\u25a0 Ch\u1ee7 \u0111\u1ed9ng v\u1edbi kh\u00f4ng gian h\u1ecdc, b\u1ea1n c\u00f3 th\u1ec3 l\u1ef1a ch\u1ecdn n\u01a1i h\u1ecdc khi\u1ebfn m\u00ecnh tho\u1ea3i m\u00e1i nh\u1ea5t.<\/p>\n<p>\u25a0 C\u00e1c kh\u00f3a h\u1ecdc \u0111\u01b0\u1ee3c thi\u1ebft k\u1ebf \u0111a d\u1ea1ng, ph\u00f9 h\u1ee3p v\u1edbi m\u1ecdi \u0111\u1ed1i t\u01b0\u1ee3ng.<\/p>\n<p><span style=\"color: #f99b1c;\"><b><strong>2. T\u1ed4NG QUAN KHO\u00c1 H\u1eccC.<\/strong><\/b><\/span><\/p>\n<\/header>\n<div class=\"entry-content-wrapper\">\n<p><strong>\u0110\u1ed1i t\u01b0\u1ee3ng:<\/strong> Hoc vi\u00ean ho\u00e0n th\u00e0nh kho\u00e1 h\u1ecdc Ti\u1ebfng Anh th\u01b0\u01a1ng m\u1ea1i ho\u1eb7c c\u00f3 tr\u00ecnh \u0111\u1ed9 t\u01b0\u01a1ng \u0111\u01b0\u01a1ng B1.<\/p>\n<p><strong>N\u1ed9i dung:<\/strong> Sau khi ho\u00e0n th\u00e0nh kh\u00f3a h\u1ecdc, h\u1ecdc vi\u00ean \u0111\u01b0\u1ee3c trang b\u1ecb c\u00e1c k\u0129 n\u0103ng ti\u1ebfng Anh trong c\u00e1c chuy\u00ean ng\u00e0nh c\u1ee5 th\u1ec3 \u0111\u1ec3 th\u00e0nh c\u00f4ng trong c\u00f4ng vi\u1ec7c v\u00e0 h\u1ecdc t\u1eadp. H\u1ecdc Ti\u1ebfng Anh th\u00f4ng qua c\u00e1c t\u00ecnh hu\u1ed1ng l\u00e0m vi\u1ec7c \u0111i\u1ec3n h\u00ecnh h\u00e0ng ng\u00e0y, v\u00ed d\u1ee5 nh\u01b0 khi ti\u1ebfp kh\u00e1ch, n\u00f3i chuy\u1ec7n \u0111i\u1ec7n tho\u1ea1i, h\u1ecdp \u2013 trao \u0111\u1ed5i tr\u1ef1c ti\u1ebfp B\u1ed5 sung t\u1eeb v\u1ef1ng chuy\u00ean ng\u00e0nh c\u1ea7n thi\u1ebft cho vi\u1ec7c nghe n\u00f3i, giao ti\u1ebfp trong chuy\u00ean ng\u00e0nh \u0111\u1eb7c th\u00f9 c\u1ee7a h\u1ecdc vi\u00ean.<\/p>\n<ul>\n<li>Ti\u1ebfng Anh chuy\u00ean ng\u00e0nh IT<\/li>\n<li>Ti\u1ebfng Anh chuy\u00ean ng\u00e0nh k\u1ebf to\u00e1n.<\/li>\n<li>Ti\u1ebfng Anh chuy\u00ean ng\u00e0nh nh\u00e2n s\u1ef1<\/li>\n<li>Ti\u1ebfng Anh chuy\u00ean ng\u00e0nh lu\u1eadt.<\/li>\n<li>Ti\u1ebfng Anh chuy\u00ean ng\u00e0nh logistic.<\/li>\n<li>Ti\u1ebfng Anh chuy\u00ean ng\u00e0nh Marketing v\u00e0 qu\u1ea3ng c\u00e1o<\/li>\n<li>Ti\u1ebfng Anh cho mua v\u00e0 b\u00e1n h\u00e0ng.<\/li>\n<\/ul>\n<p><span style=\"color: #f99b1c;\"><b><strong>2.\u00a0 GI\u00c1O TR\u00ccNH<\/strong><\/b><\/span><\/p>\n<p><strong>\u267b Oxford English for Information Technology<\/strong><\/p>\n<p><img loading=\"lazy\" class=\"alignnone size-medium wp-image-2700\" src=\"https:\/\/hanoilanguage.vn\/wp-content\/uploads\/2021\/11\/Screen-Shot-2022-01-07-at-15.30.43-288x400.png\" alt=\"\" width=\"288\" height=\"400\" \/> <img loading=\"lazy\" class=\"alignnone size-medium wp-image-2682\" src=\"https:\/\/hanoilanguage.vn\/vn\/wp-content\/uploads\/2021\/11\/Screen-Shot-2022-01-07-at-16.22.54-593x400.png\" alt=\"\" width=\"593\" height=\"400\" srcset=\"https:\/\/hanoilanguage.vn\/vn\/wp-content\/uploads\/2021\/11\/Screen-Shot-2022-01-07-at-16.22.54-593x400.png 593w, https:\/\/hanoilanguage.vn\/vn\/wp-content\/uploads\/2021\/11\/Screen-Shot-2022-01-07-at-16.22.54-768x518.png 768w, https:\/\/hanoilanguage.vn\/vn\/wp-content\/uploads\/2021\/11\/Screen-Shot-2022-01-07-at-16.22.54-300x202.png 300w, https:\/\/hanoilanguage.vn\/vn\/wp-content\/uploads\/2021\/11\/Screen-Shot-2022-01-07-at-16.22.54-600x405.png 600w, https:\/\/hanoilanguage.vn\/vn\/wp-content\/uploads\/2021\/11\/Screen-Shot-2022-01-07-at-16.22.54.png 950w\" sizes=\"(max-width: 593px) 100vw, 593px\" \/><\/p>\n<p><strong>\u267b English for accounting<\/strong><\/p>\n<p><img loading=\"lazy\" class=\"alignnone size-medium wp-image-2702\" src=\"https:\/\/hanoilanguage.vn\/wp-content\/uploads\/2021\/11\/English-for-accouting-301x400.jpeg\" alt=\"\" width=\"301\" height=\"400\" \/><img loading=\"lazy\" class=\"alignnone size-medium wp-image-2703\" src=\"https:\/\/hanoilanguage.vn\/wp-content\/uploads\/2021\/11\/Screen-Shot-2022-01-07-at-15.49.44-307x400.png\" alt=\"\" width=\"307\" height=\"400\" \/><\/p>\n<p>\u267b\u00a0 <strong>English for Human Resources<\/strong><\/p>\n<p><img loading=\"lazy\" class=\"alignnone size-medium wp-image-2704\" src=\"https:\/\/hanoilanguage.vn\/wp-content\/uploads\/2021\/11\/Screen-Shot-2022-01-07-at-15.51.10-293x400.png\" alt=\"\" width=\"293\" height=\"400\" \/> <img loading=\"lazy\" class=\"alignnone size-medium wp-image-2705\" src=\"https:\/\/hanoilanguage.vn\/wp-content\/uploads\/2021\/11\/Screen-Shot-2022-01-07-at-15.51.23-340x400.png\" alt=\"\" width=\"340\" height=\"400\" \/><\/p>\n<p><strong>\u267b English for Legal Professionals<\/strong><\/p>\n<p><img loading=\"lazy\" class=\"alignnone size-medium wp-image-2706\" src=\"https:\/\/hanoilanguage.vn\/wp-content\/uploads\/2021\/11\/Screen-Shot-2022-01-07-at-15.53.29-301x400.png\" alt=\"\" width=\"301\" height=\"400\" \/> <img loading=\"lazy\" class=\"alignnone size-medium wp-image-2707\" src=\"https:\/\/hanoilanguage.vn\/wp-content\/uploads\/2021\/11\/Screen-Shot-2022-01-07-at-15.53.40-294x400.png\" alt=\"\" width=\"294\" height=\"400\" \/><\/p>\n<p>\u267b <strong>English for Logistics<\/strong><\/p>\n<p><img loading=\"lazy\" class=\"alignnone size-medium wp-image-2708\" src=\"https:\/\/hanoilanguage.vn\/wp-content\/uploads\/2021\/11\/Screen-Shot-2022-01-07-at-15.54.56-298x400.png\" alt=\"\" width=\"298\" height=\"400\" \/> <img loading=\"lazy\" class=\"alignnone size-medium wp-image-2709\" src=\"https:\/\/hanoilanguage.vn\/wp-content\/uploads\/2021\/11\/Screen-Shot-2022-01-07-at-15.55.06-293x400.png\" alt=\"\" width=\"293\" height=\"400\" \/><\/p>\n<p>&nbsp;<\/p>\n<p>\u267b <strong>English for marketing and advertising<\/strong><\/p>\n<p><img loading=\"lazy\" class=\"alignnone size-medium wp-image-2710\" src=\"https:\/\/hanoilanguage.vn\/wp-content\/uploads\/2021\/11\/Screen-Shot-2022-01-07-at-15.56.08-311x400.png\" alt=\"\" width=\"311\" height=\"400\" \/> <img loading=\"lazy\" class=\"alignnone size-medium wp-image-2711\" src=\"https:\/\/hanoilanguage.vn\/wp-content\/uploads\/2021\/11\/Screen-Shot-2022-01-07-at-15.56.16-308x400.png\" alt=\"\" width=\"308\" height=\"400\" \/><\/p>\n<p>\u267b <strong>English for Sales &amp; Purchasing<\/strong><\/p>\n<p><img loading=\"lazy\" class=\"alignnone size-medium wp-image-2712\" src=\"https:\/\/hanoilanguage.vn\/wp-content\/uploads\/2021\/11\/Screen-Shot-2022-01-07-at-15.57.59-300x400.png\" alt=\"\" width=\"300\" height=\"400\" \/> <img loading=\"lazy\" class=\"alignnone size-medium wp-image-2713\" src=\"https:\/\/hanoilanguage.vn\/wp-content\/uploads\/2021\/11\/Screen-Shot-2022-01-07-at-15.58.07-294x400.png\" alt=\"\" width=\"294\" height=\"400\" \/><\/p>\n<p style=\"font-weight: 400;\"><span style=\"color: #f99b1c;\"><strong>4. L\u1edaP H\u1eccC TH\u1eec V\u00c0 \u0110\u00c1NH GI\u00c1 TR\u00ccNH \u0110\u1ed8<\/strong><\/span><\/p>\n<p style=\"font-weight: 400;\">The registration steps at Hanoi L&amp;C Academy are very simple and can be done quickly on your phone\/computer\/laptop,&#8230; as long as you have technology devices and can access the internet.<\/p>\n<p style=\"font-weight: 400;\"><span style=\"color: #f99b1c;\"><b>B\u01af\u1edaC 1<\/b><\/span><span style=\"font-weight: 400;\"> &#8211; T\u01b0 v\u1ea5n v\u00e0 \u0111\u00e1nh gi\u00e1 s\u01a1 b\u1ed9 v\u1ec1 tr\u00ecnh \u0111\u1ed9 ti\u1ebfng Anh<\/span><\/p>\n<p style=\"font-weight: 400;\"><strong><span style=\"color: #f99b1c;\"><b>B\u01af\u1edaC 2<\/b>\u00a0&#8211; <\/span><\/strong> H\u1ecdc th\u1eed v\u00e0 l\u00e0m b\u00e0i ki\u1ec3m tra \u0111\u00e1nh gi\u00e1: H\u1ecdc vi\u00ean \u0111\u01b0\u1ee3c h\u1ecdc th\u1eed 1:1 v\u1edbi gi\u00e1o vi\u00ean Philippines MI\u1ec4N PH\u00cd qua Skype trong 30 ph\u00fat \u0111\u1ec3 tr\u1ea3i nghi\u1ec7m l\u1edbp h\u1ecdc v\u00e0 \u0111\u01b0\u1ee3c \u0111\u00e1nh gi\u00e1 tr\u00ecnh \u0111\u1ed9.<\/p>\n<p style=\"font-weight: 400;\"><span style=\"color: #f99b1c;\"><b>B\u01af\u1edaC 3<\/b><\/span>\u00a0&#8211; Nh\u1eadn l\u1ed9 tr\u00ecnh h\u1ecdc v\u00e0 gi\u00e1o tr\u00ecnh h\u1ecdc: L\u1ed9 tr\u00ecnh v\u00e0 gi\u00e1o tr\u00ecnh h\u1ecdc s\u1ebd ph\u00f9 h\u1ee3p v\u1edbi tr\u00ecnh \u0111\u1ed9 c\u1ee7a h\u1ecdc vi\u00ean c\u0169ng nh\u01b0 mong mu\u1ed1n c\u1ee7a h\u1ecdc vi\u00ean.<\/p>\n<p style=\"font-weight: 400;\"><span style=\"color: #f99b1c;\"><b>B\u01af\u1edaC 4<\/b><\/span> &#8211; \u0110\u0103ng k\u00fd th\u1eddi gian h\u1ecdc v\u00e0 kh\u00f3a h\u1ecdc: Ng\u01b0\u1eddi h\u1ecdc ch\u1ee7 \u0111\u1ed9ng ch\u1ecdn th\u1eddi gian h\u1ecdc c\u0169ng nh\u01b0 kh\u00f3a h\u1ecdc m\u00e0 b\u1ea1n mong mu\u1ed1n.<\/p>\n<p style=\"font-weight: 400;\"><strong><span style=\"color: #f99b1c;\"><b>B\u01af\u1edaC 5<\/b>\u00a0<\/span>&#8211;\u00a0 <\/strong>\u0110\u00f3ng h\u1ecdc ph\u00ed v\u00e0 b\u1eaft \u0111\u1ea7u h\u1ecdc t\u1eadp: Sau khi \u0111\u00f3ng h\u1ecdc ph\u00ed theo h\u1ecdc, h\u1ecdc vi\u00ean b\u1eaft \u0111\u1ea7u tham gia kh\u00f3a h\u1ecdc v\u00e0 c\u1ea3m nh\u1eadn s\u1ef1 thay \u0111\u1ed5i t\u1eebng ng\u00e0y.<\/p>\n<blockquote><p><a href=\"https:\/\/docs.google.com\/forms\/d\/e\/1FAIpQLSf8MxHYkmySz3wiIZFSn6e1ibYG-OglhrrEb0TlcodCf73uiQ\/viewform\"><span style=\"font-size: 115%;\">&gt;&gt; \u0110\u0103ng k\u00fd h\u1ecdc th\u1eed mi\u1ec5n ph\u00ed T\u1ea0I \u0110\u00c2Y<\/span><\/a><\/p><\/blockquote>\n<p class=\"p1\"><strong><span style=\"color: #f99b1c;\">HANOI LANGUAGE &amp;\u00a0CULTURE ACADEMY<\/span><\/strong><\/p>\n<p class=\"p1\"><b>M\u1ecdi chi ti\u1ebft th\u1eafc m\u1eafc vui l\u00f2ng li\u00ean h\u1ec7 v\u1edbi Hanoi L&amp;C Academy qua c\u00e1c k\u00eanh sau:<\/b><\/p>\n<p class=\"p2\"><span class=\"s1\">? Email: <a href=\"mailto:info.hanoiacademy@gmail.com\"><span class=\"s2\">info.hanoiacademy@gmail.com<\/span><\/a><\/span><\/p>\n<p class=\"p1\">? \u0110\u1ecba ch\u1ec9: CT4, Khu \u0111\u00f4 th\u1ecb M\u1ef9 \u0110\u00ecnh &#8211; S\u00f4ng \u0110\u00e0, Nam T\u1eeb Li\u00eam, H\u00e0 N\u1ed9i<\/p>\n<p class=\"p1\">? Hotline\/Zalo\/WhasApp: +84 38 8383 789<\/p>\n<p class=\"p1\">? ID Kakaotalk: Thuylinh590<\/p>\n<p class=\"p1\">? Fanapge: <a href=\"https:\/\/www.facebook.com\/hanoiacad\">https:\/\/www.facebook.com\/hanoiacad<\/a><\/p>\n<p class=\"p1\">? Instagram: hanoi.vietnamese<\/p>\n<p class=\"p1\"><span class=\"s3\">?<\/span> Tiktok: @hanoi.academy<\/p>\n<p>&nbsp;<\/p>\n<\/div>\n","protected":false},"excerpt":{"rendered":"<p>KHO\u00c1 H\u1eccC TI\u1ebeNG ANH CHUY\u00caN NG\u00c0NH ONLINE 1:1 V\u1edaI GI\u00c1O VI\u00caN PHILIPPINES 1. T\u1ea0I SAO N\u00caN H\u1eccC ONLINE 1:1 V\u1edaI GI\u00c1O VI\u00caN PHILIPPINES?\u00a0 H\u1eccC TI\u1ebeNG ANH ONLINE HI\u1ec6U QU\u1ea2\u00a0\u2013 TI\u1ebeT KI\u1ec6M CHI PH\u00cd V\u00c0 TH\u1edcI GIAN LINH HO\u1ea0T\u25a0\u00a0 H\u1ecdc ti\u1ebfng Anh hi\u1ec7u qu\u1ea3 \u2013 Ti\u1ebft ki\u1ec7m chi ph\u00ed v\u00e0 th\u1eddi gian linh ho\u1ea1t.\u25a0 H\u1ecdc ti\u1ebfng&#8230;<\/p>\n","protected":false},"featured_media":3145,"comment_status":"open","ping_status":"closed","template":"","meta":[],"product_cat":[70],"product_tag":[],"yoast_head":"<!-- This site is optimized with the Yoast SEO plugin v17.7.1 - https:\/\/yoast.com\/wordpress\/plugins\/seo\/ -->\n<title>TI\u1ebeNG ANH CHUY\u00caN NG\u00c0NH - Language School<\/title>\n<meta name=\"robots\" content=\"index, follow, max-snippet:-1, max-image-preview:large, max-video-preview:-1\" \/>\n<link rel=\"canonical\" href=\"https:\/\/hanoilanguage.vn\/vn\/english\/tieng-anh-chuyen-nganh\/\" \/>\n<meta property=\"og:locale\" content=\"en_US\" \/>\n<meta property=\"og:type\" content=\"article\" \/>\n<meta property=\"og:title\" content=\"TI\u1ebeNG ANH CHUY\u00caN NG\u00c0NH - Language School\" \/>\n<meta property=\"og:description\" content=\"KHO\u00c1 H\u1eccC TI\u1ebeNG ANH CHUY\u00caN NG\u00c0NH ONLINE 1:1 V\u1edaI GI\u00c1O VI\u00caN PHILIPPINES 1. T\u1ea0I SAO N\u00caN H\u1eccC ONLINE 1:1 V\u1edaI GI\u00c1O VI\u00caN PHILIPPINES?\u00a0 H\u1eccC TI\u1ebeNG ANH ONLINE HI\u1ec6U QU\u1ea2\u00a0\u2013 TI\u1ebeT KI\u1ec6M CHI PH\u00cd V\u00c0 TH\u1edcI GIAN LINH HO\u1ea0T\u25a0\u00a0 H\u1ecdc ti\u1ebfng Anh hi\u1ec7u qu\u1ea3 \u2013 Ti\u1ebft ki\u1ec7m chi ph\u00ed v\u00e0 th\u1eddi gian linh ho\u1ea1t.\u25a0 H\u1ecdc ti\u1ebfng...\" \/>\n<meta property=\"og:url\" content=\"https:\/\/hanoilanguage.vn\/vn\/english\/tieng-anh-chuyen-nganh\/\" \/>\n<meta property=\"og:site_name\" content=\"Language School\" \/>\n<meta property=\"article:modified_time\" content=\"2025-08-09T04:53:39+00:00\" \/>\n<meta property=\"og:image\" content=\"https:\/\/hanoilanguage.vn\/vn\/wp-content\/uploads\/2021\/11\/22.jpg\" \/>\n\t<meta property=\"og:image:width\" content=\"2560\" \/>\n\t<meta property=\"og:image:height\" content=\"1920\" \/>\n<meta name=\"twitter:card\" content=\"summary_large_image\" \/>\n<meta name=\"twitter:label1\" content=\"Est. reading time\" \/>\n\t<meta name=\"twitter:data1\" content=\"6 minutes\" \/>\n<script type=\"application\/ld+json\" class=\"yoast-schema-graph\">{\"@context\":\"https:\/\/schema.org\",\"@graph\":[{\"@type\":\"WebSite\",\"@id\":\"https:\/\/hanoilanguage.vn\/vn\/#website\",\"url\":\"https:\/\/hanoilanguage.vn\/vn\/\",\"name\":\"Language School\",\"description\":\"HTH\",\"potentialAction\":[{\"@type\":\"SearchAction\",\"target\":{\"@type\":\"EntryPoint\",\"urlTemplate\":\"https:\/\/hanoilanguage.vn\/vn\/?s={search_term_string}\"},\"query-input\":\"required name=search_term_string\"}],\"inLanguage\":\"en-US\"},{\"@type\":\"ImageObject\",\"@id\":\"https:\/\/hanoilanguage.vn\/vn\/english\/tieng-anh-chuyen-nganh\/#primaryimage\",\"inLanguage\":\"en-US\",\"url\":\"https:\/\/hanoilanguage.vn\/vn\/wp-content\/uploads\/2021\/11\/22.jpg\",\"contentUrl\":\"https:\/\/hanoilanguage.vn\/vn\/wp-content\/uploads\/2021\/11\/22.jpg\",\"width\":2560,\"height\":1920},{\"@type\":\"WebPage\",\"@id\":\"https:\/\/hanoilanguage.vn\/vn\/english\/tieng-anh-chuyen-nganh\/#webpage\",\"url\":\"https:\/\/hanoilanguage.vn\/vn\/english\/tieng-anh-chuyen-nganh\/\",\"name\":\"TI\\u1ebeNG ANH CHUY\\u00caN NG\\u00c0NH - Language School\",\"isPartOf\":{\"@id\":\"https:\/\/hanoilanguage.vn\/vn\/#website\"},\"primaryImageOfPage\":{\"@id\":\"https:\/\/hanoilanguage.vn\/vn\/english\/tieng-anh-chuyen-nganh\/#primaryimage\"},\"datePublished\":\"2021-11-17T08:15:36+00:00\",\"dateModified\":\"2025-08-09T04:53:39+00:00\",\"breadcrumb\":{\"@id\":\"https:\/\/hanoilanguage.vn\/vn\/english\/tieng-anh-chuyen-nganh\/#breadcrumb\"},\"inLanguage\":\"en-US\",\"potentialAction\":[{\"@type\":\"ReadAction\",\"target\":[\"https:\/\/hanoilanguage.vn\/vn\/english\/tieng-anh-chuyen-nganh\/\"]}]},{\"@type\":\"BreadcrumbList\",\"@id\":\"https:\/\/hanoilanguage.vn\/vn\/english\/tieng-anh-chuyen-nganh\/#breadcrumb\",\"itemListElement\":[{\"@type\":\"ListItem\",\"position\":1,\"name\":\"Home\",\"item\":\"https:\/\/hanoilanguage.vn\/vn\/\"},{\"@type\":\"ListItem\",\"position\":2,\"name\":\"Courses &#8211; 2\",\"item\":\"https:\/\/hanoilanguage.vn\/vn\/courses-2\/\"},{\"@type\":\"ListItem\",\"position\":3,\"name\":\"TI\\u1ebeNG ANH CHUY\\u00caN NG\\u00c0NH\"}]}]}<\/script>\n<!-- \/ Yoast SEO plugin. -->","yoast_head_json":{"title":"TI\u1ebeNG ANH CHUY\u00caN NG\u00c0NH - Language School","robots":{"index":"index","follow":"follow","max-snippet":"max-snippet:-1","max-image-preview":"max-image-preview:large","max-video-preview":"max-video-preview:-1"},"canonical":"https:\/\/hanoilanguage.vn\/vn\/english\/tieng-anh-chuyen-nganh\/","og_locale":"en_US","og_type":"article","og_title":"TI\u1ebeNG ANH CHUY\u00caN NG\u00c0NH - Language School","og_description":"KHO\u00c1 H\u1eccC TI\u1ebeNG ANH CHUY\u00caN NG\u00c0NH ONLINE 1:1 V\u1edaI GI\u00c1O VI\u00caN PHILIPPINES 1. T\u1ea0I SAO N\u00caN H\u1eccC ONLINE 1:1 V\u1edaI GI\u00c1O VI\u00caN PHILIPPINES?\u00a0 H\u1eccC TI\u1ebeNG ANH ONLINE HI\u1ec6U QU\u1ea2\u00a0\u2013 TI\u1ebeT KI\u1ec6M CHI PH\u00cd V\u00c0 TH\u1edcI GIAN LINH HO\u1ea0T\u25a0\u00a0 H\u1ecdc ti\u1ebfng Anh hi\u1ec7u qu\u1ea3 \u2013 Ti\u1ebft ki\u1ec7m chi ph\u00ed v\u00e0 th\u1eddi gian linh ho\u1ea1t.\u25a0 H\u1ecdc ti\u1ebfng...","og_url":"https:\/\/hanoilanguage.vn\/vn\/english\/tieng-anh-chuyen-nganh\/","og_site_name":"Language School","article_modified_time":"2025-08-09T04:53:39+00:00","og_image":[{"width":2560,"height":1920,"url":"https:\/\/hanoilanguage.vn\/vn\/wp-content\/uploads\/2021\/11\/22.jpg","type":"image\/jpeg"}],"twitter_card":"summary_large_image","twitter_misc":{"Est. reading time":"6 minutes"},"schema":{"@context":"https:\/\/schema.org","@graph":[{"@type":"WebSite","@id":"https:\/\/hanoilanguage.vn\/vn\/#website","url":"https:\/\/hanoilanguage.vn\/vn\/","name":"Language School","description":"HTH","potentialAction":[{"@type":"SearchAction","target":{"@type":"EntryPoint","urlTemplate":"https:\/\/hanoilanguage.vn\/vn\/?s={search_term_string}"},"query-input":"required name=search_term_string"}],"inLanguage":"en-US"},{"@type":"ImageObject","@id":"https:\/\/hanoilanguage.vn\/vn\/english\/tieng-anh-chuyen-nganh\/#primaryimage","inLanguage":"en-US","url":"https:\/\/hanoilanguage.vn\/vn\/wp-content\/uploads\/2021\/11\/22.jpg","contentUrl":"https:\/\/hanoilanguage.vn\/vn\/wp-content\/uploads\/2021\/11\/22.jpg","width":2560,"height":1920},{"@type":"WebPage","@id":"https:\/\/hanoilanguage.vn\/vn\/english\/tieng-anh-chuyen-nganh\/#webpage","url":"https:\/\/hanoilanguage.vn\/vn\/english\/tieng-anh-chuyen-nganh\/","name":"TI\u1ebeNG ANH CHUY\u00caN NG\u00c0NH - Language School","isPartOf":{"@id":"https:\/\/hanoilanguage.vn\/vn\/#website"},"primaryImageOfPage":{"@id":"https:\/\/hanoilanguage.vn\/vn\/english\/tieng-anh-chuyen-nganh\/#primaryimage"},"datePublished":"2021-11-17T08:15:36+00:00","dateModified":"2025-08-09T04:53:39+00:00","breadcrumb":{"@id":"https:\/\/hanoilanguage.vn\/vn\/english\/tieng-anh-chuyen-nganh\/#breadcrumb"},"inLanguage":"en-US","potentialAction":[{"@type":"ReadAction","target":["https:\/\/hanoilanguage.vn\/vn\/english\/tieng-anh-chuyen-nganh\/"]}]},{"@type":"BreadcrumbList","@id":"https:\/\/hanoilanguage.vn\/vn\/english\/tieng-anh-chuyen-nganh\/#breadcrumb","itemListElement":[{"@type":"ListItem","position":1,"name":"Home","item":"https:\/\/hanoilanguage.vn\/vn\/"},{"@type":"ListItem","position":2,"name":"Courses &#8211; 2","item":"https:\/\/hanoilanguage.vn\/vn\/courses-2\/"},{"@type":"ListItem","position":3,"name":"TI\u1ebeNG ANH CHUY\u00caN NG\u00c0NH"}]}]}},"_links":{"self":[{"href":"https:\/\/hanoilanguage.vn\/vn\/wp-json\/wp\/v2\/product\/996"}],"collection":[{"href":"https:\/\/hanoilanguage.vn\/vn\/wp-json\/wp\/v2\/product"}],"about":[{"href":"https:\/\/hanoilanguage.vn\/vn\/wp-json\/wp\/v2\/types\/product"}],"replies":[{"embeddable":true,"href":"https:\/\/hanoilanguage.vn\/vn\/wp-json\/wp\/v2\/comments?post=996"}],"wp:featuredmedia":[{"embeddable":true,"href":"https:\/\/hanoilanguage.vn\/vn\/wp-json\/wp\/v2\/media\/3145"}],"wp:attachment":[{"href":"https:\/\/hanoilanguage.vn\/vn\/wp-json\/wp\/v2\/media?parent=996"}],"wp:term":[{"taxonomy":"product_cat","embeddable":true,"href":"https:\/\/hanoilanguage.vn\/vn\/wp-json\/wp\/v2\/product_cat?post=996"},{"taxonomy":"product_tag","embeddable":true,"href":"https:\/\/hanoilanguage.vn\/vn\/wp-json\/wp\/v2\/product_tag?post=996"}],"curies":[{"name":"wp","href":"https:\/\/api.w.org\/{rel}","templated":true}]}}