{"id":1173,"date":"2021-11-27T11:20:49","date_gmt":"2021-11-27T04:20:49","guid":{"rendered":"https:\/\/hanoilanguage.vn\/vn\/?post_type=product&#038;p=1173"},"modified":"2025-08-09T10:48:14","modified_gmt":"2025-08-09T03:48:14","slug":"tieng-han-trung-cap-1","status":"publish","type":"product","link":"https:\/\/hanoilanguage.vn\/vn\/korean\/tieng-han-trung-cap-1\/","title":{"rendered":"TI\u1ebeNG H\u00c0N TRUNG C\u1ea4P 1"},"content":{"rendered":"<div class=\"cmsmasters_text\">\n<p><span style=\"color: #ff6600;\"><strong>I, L\u1ecaCH KHAI GI\u1ea2NG<\/strong><\/span><\/p>\n<p>L\u1ecbch khai gi\u1ea3ng kho\u00e1 m\u1edbi \u1edf <a href=\"https:\/\/hanoilanguage.vn\/vn\/lich-khai-giang\/\">\u0110\u00c2Y.<\/a><\/p>\n<p><span style=\"color: #ff6600;\"><strong>II, TH\u00d4NG TIN KHO\u00c1 H\u1eccC\u00a0<\/strong><\/span><\/p>\n<table dir=\"ltr\" border=\"1\" cellspacing=\"0\" cellpadding=\"0\">\n<colgroup>\n<col width=\"81\" \/>\n<col width=\"81\" \/>\n<col width=\"81\" \/>\n<col width=\"81\" \/>\n<col width=\"81\" \/>\n<col width=\"81\" \/>\n<col width=\"81\" \/>\n<col width=\"81\" \/><\/colgroup>\n<tbody>\n<tr>\n<td style=\"text-align: center;\" data-sheets-value=\"{&quot;1&quot;:2,&quot;2&quot;:&quot;Kho\u00e1 h\u1ecdc&quot;}\">Kho\u00e1 h\u1ecdc<\/td>\n<td style=\"text-align: center;\" colspan=\"3\" rowspan=\"1\" data-sheets-value=\"{&quot;1&quot;:2,&quot;2&quot;:&quot;H\u00ecnh th\u1ee9c h\u1ecdc&quot;}\">H\u00ecnh th\u1ee9c h\u1ecdc<\/td>\n<td style=\"text-align: center;\" colspan=\"2\" rowspan=\"1\" data-sheets-value=\"{&quot;1&quot;:2,&quot;2&quot;:&quot; S\u1ed1 l\u01b0\u1ee3ng h\u1ecdc vi\u00ean&quot;}\">S\u1ed1 l\u01b0\u1ee3ng h\u1ecdc vi\u00ean<\/td>\n<td style=\"text-align: center;\" data-sheets-value=\"{&quot;1&quot;:2,&quot;2&quot;:&quot; B\u00e0i gi\u1ea3ng&quot;}\">B\u00e0i gi\u1ea3ng<\/td>\n<td style=\"text-align: center;\" data-sheets-value=\"{&quot;1&quot;:2,&quot;2&quot;:&quot;B\u00e0i ki\u1ec3m tra&quot;}\">B\u00e0i ki\u1ec3m tra<\/td>\n<\/tr>\n<tr>\n<td style=\"text-align: center;\" data-sheets-value=\"{&quot;1&quot;:2,&quot;2&quot;:&quot;S\u01a1 c\u1ea5p 1&quot;}\">Trung c\u1ea5p 1<\/td>\n<td style=\"text-align: center;\" data-sheets-value=\"{&quot;1&quot;:2,&quot;2&quot;:&quot;Online&quot;}\">Online<\/td>\n<td style=\"text-align: center;\" data-sheets-value=\"{&quot;1&quot;:2,&quot;2&quot;:&quot;\\rOffline&quot;}\">Offline<\/td>\n<td style=\"text-align: center;\" data-sheets-value=\"{&quot;1&quot;:2,&quot;2&quot;:&quot;Gia s\u01b0&quot;}\">Gia s\u01b0<\/td>\n<td style=\"text-align: center;\" data-sheets-value=\"{&quot;1&quot;:2,&quot;2&quot;:&quot;H\u1ecdc 1:1&quot;}\">H\u1ecdc 1:1<\/td>\n<td style=\"text-align: center;\" data-sheets-value=\"{&quot;1&quot;:2,&quot;2&quot;:&quot;H\u1ecdc nh\u00f3m&quot;}\">H\u1ecdc nh\u00f3m<\/td>\n<td style=\"text-align: center;\" data-sheets-value=\"{&quot;1&quot;:2,&quot;2&quot;:&quot;15 b\u00e0i&quot;}\">12 &#8211; 15 b\u00e0i<\/td>\n<td style=\"text-align: center;\" data-sheets-value=\"{&quot;1&quot;:2,&quot;2&quot;:&quot;3 b\u00e0i &quot;}\">2 b\u00e0i<\/td>\n<\/tr>\n<\/tbody>\n<\/table>\n<\/div>\n<div class=\"cmsmasters_text\">\n<p><span style=\"color: #ff6600;\"><strong>III, M\u1ee4C TI\u00caU KHO\u00c1 H\u1eccC<\/strong>.<\/span><\/p>\n<p><span data-sheets-value=\"{&quot;1&quot;:2,&quot;2&quot;:&quot;Kho\u00e1 h\u1ecdc ti\u1ebfng H\u00e0n trung c\u1ea5p 1 d\u00e0nh cho h\u1ecdc vi\u00ean \u0111\u00e3 ho\u00e0n th\u00e0nh ch\u01b0\u01a1ng tr\u00ecnh ti\u1ebfng H\u00e0n s\u01a1 c\u1ea5p. Sau khi k\u1ebft th\u00fac kh\u00f3a h\u1ecdc, h\u1ecdc vi\u00ean s\u1ebd \u0111\u1ea1t \u0111\u01b0\u1ee3c: \\n\u2022 S\u1ef1 t\u1ef1 nhi\u00ean trong c\u00e1c t\u00ecnh hu\u1ed1ng giao ti\u1ebfp \u0111\u1eddi s\u1ed1ng h\u00e0ng ng\u00e0y, n\u1eafm ch\u1eafc v\u00e0 s\u1eed d\u1ee5ng \u0111\u01b0\u1ee3c \u0111a d\u1ea1ng c\u00e1c t\u1eeb v\u1ef1ng v\u00e0 ng\u1eef ph\u00e1p \u1edf tr\u00ecnh \u0111\u1ed9 trung c\u1ea5p.\\n\u2022 Ph\u00e1t tr\u1ec3n t\u1ed1t c\u00e1c k\u1ef9 n\u0103ng nghe - n\u00f3i - \u0111\u1ecdc - vi\u1ebft. \\n\u2022 T\u1ef1 tin trong vi\u1ec7c \u0111\u1ecdc - hi\u1ec3u c\u00e1c t\u1ea1p ch\u00ed ti\u1ebfng H\u00e0n, phim \u1ea3nh,... n\u00e2ng cao hi\u1ec3u bi\u1ebft v\u1ec1 v\u0103n h\u00f3a, l\u1ecbch s\u1eed, phong c\u00e1ch l\u00e0m vi\u1ec7c v\u00e0 sinh ho\u1ea1t c\u1ee7a ng\u01b0\u1eddi H\u00e0n Qu\u1ed1c \u0111\u1ec3 d\u1ec5 d\u00e0ng h\u00f2a nh\u1eadp trong qu\u00e1 tr\u00ecnh h\u1ecdc t\u1eadp v\u00e0 l\u00e0m vi\u1ec7c.\\n\u2022 S\u1ef1 cam k\u1ebft c\u1ee7a trung t\u00e2m v\u1ec1 l\u01b0\u1ee3ng ki\u1ebfn th\u1ee9c (t\u1eeb v\u1ef1ng v\u00e0 ng\u1eef ph\u00e1p) chu\u1ea9n \u0111\u1ea7u ra l\u00e0m h\u00e0nh trang cho k\u1ef3 thi \u0111\u00e1nh gi\u00e1 n\u0103ng l\u1ef1c tr\u00ecnh \u0111\u1ed9 trung c\u1ea5p (b\u1eadc B) TOPIK II&quot;}\" data-sheets-userformat=\"{&quot;2&quot;:7107,&quot;3&quot;:{&quot;1&quot;:0},&quot;4&quot;:{&quot;1&quot;:3,&quot;3&quot;:2},&quot;9&quot;:0,&quot;10&quot;:1,&quot;11&quot;:4,&quot;12&quot;:0,&quot;14&quot;:{&quot;1&quot;:2,&quot;2&quot;:0},&quot;15&quot;:&quot;Arial&quot;}\">Kho\u00e1 h\u1ecdc ti\u1ebfng H\u00e0n trung c\u1ea5p 1 d\u00e0nh cho h\u1ecdc vi\u00ean \u0111\u00e3 ho\u00e0n th\u00e0nh ch\u01b0\u01a1ng tr\u00ecnh ti\u1ebfng H\u00e0n s\u01a1 c\u1ea5p. Sau khi k\u1ebft th\u00fac kh\u00f3a h\u1ecdc, h\u1ecdc vi\u00ean s\u1ebd \u0111\u1ea1t \u0111\u01b0\u1ee3c:<br \/>\n\u2022 S\u1ef1 t\u1ef1 nhi\u00ean trong c\u00e1c t\u00ecnh hu\u1ed1ng giao ti\u1ebfp \u0111\u1eddi s\u1ed1ng h\u00e0ng ng\u00e0y, n\u1eafm ch\u1eafc v\u00e0 s\u1eed d\u1ee5ng \u0111\u01b0\u1ee3c \u0111a d\u1ea1ng c\u00e1c t\u1eeb v\u1ef1ng v\u00e0 ng\u1eef ph\u00e1p \u1edf tr\u00ecnh \u0111\u1ed9 trung c\u1ea5p.<br \/>\n\u2022 Ph\u00e1t tr\u1ec3n t\u1ed1t v\u00e0 \u0111\u1ed3ng \u0111\u1ec1u c\u00e1c k\u1ef9 n\u0103ng nghe &#8211; n\u00f3i &#8211; \u0111\u1ecdc &#8211; vi\u1ebft.<br \/>\n\u2022 T\u1ef1 tin trong vi\u1ec7c \u0111\u1ecdc &#8211; hi\u1ec3u c\u00e1c t\u1ea1p ch\u00ed ti\u1ebfng H\u00e0n, phim \u1ea3nh,&#8230; n\u00e2ng cao hi\u1ec3u bi\u1ebft v\u1ec1 v\u0103n h\u00f3a, l\u1ecbch s\u1eed, phong c\u00e1ch l\u00e0m vi\u1ec7c v\u00e0 sinh ho\u1ea1t c\u1ee7a ng\u01b0\u1eddi H\u00e0n Qu\u1ed1c \u0111\u1ec3 d\u1ec5 d\u00e0ng h\u00f2a nh\u1eadp trong qu\u00e1 tr\u00ecnh h\u1ecdc t\u1eadp v\u00e0 l\u00e0m vi\u1ec7c.<br \/>\n\u2022 S\u1ef1 cam k\u1ebft c\u1ee7a trung t\u00e2m v\u1ec1 l\u01b0\u1ee3ng ki\u1ebfn th\u1ee9c (t\u1eeb v\u1ef1ng v\u00e0 ng\u1eef ph\u00e1p) chu\u1ea9n \u0111\u1ea7u ra l\u00e0m h\u00e0nh trang cho k\u1ef3 thi \u0111\u00e1nh gi\u00e1 n\u0103ng l\u1ef1c tr\u00ecnh \u0111\u1ed9 trung c\u1ea5p (b\u1eadc B) TOPIK II<\/span><\/p>\n<div class=\"cmsmasters_text\">\n<div class=\"cmsmasters_text\">\n<p><span style=\"color: #ff6600;\"><strong>IV, GI\u00c1O VI\u00caN<\/strong><\/span><\/p>\n<p>+ Gi\u00e1o vi\u00ean Vi\u1ec7t Nam: c\u00f3 kinh nghi\u1ec7m t\u1ed1i thi\u1ec3u 2 n\u0103m trong vi\u1ec7c gi\u1ea3ng d\u1ea1y ti\u1ebfng H\u00e0n.<\/p>\n<p>+ Gi\u00e1o vi\u00ean H\u00e0n Qu\u1ed1c: chu\u1ea9n h\u00f3a ph\u00e1t \u00e2m, luy\u1ec7n n\u00f3i v\u00e0 ph\u1ea3n x\u1ea1 cho h\u1ecdc vi\u00ean.<\/p>\n<p>+ Tr\u1ee3 gi\u1ea3ng: c\u00f3 tr\u00e1ch nhi\u1ec7m \u00f4n b\u00e0i cho h\u1ecdc vi\u00ean, h\u1ed7 tr\u1ee3 h\u1ecdc vi\u00ean trong vi\u1ec7c l\u00e0m b\u00e0i t\u1eadp, ng\u1eef ph\u00e1p, t\u1eeb v\u1ef1ng.<\/p>\n<p><span style=\"color: #ff6600;\"><strong>V, C\u00c1C K\u1ef2 THI \u0110\u00c1NH GI\u00c1 N\u0102NG L\u1ef0C.<\/strong><\/span><\/p>\n<p>Khi h\u1ecdc xong kho\u00e1 h\u1ecdc trung c\u1ea5p 1, h\u1ecdc vi\u00ean c\u00f3 th\u1ec3 tham c\u00e1c k\u1ef3 thi \u0111\u1ec3 \u0111\u00e1nh gi\u00e1 n\u0103ng l\u1ef1c.<\/p>\n<p><strong>1. TOPIK <\/strong>\u2013 K\u00ec thi \u0111\u00e1nh gi\u00e1 n\u0103ng l\u1ef1c Ti\u1ebfng H\u00e0n, Tr\u01b0\u1eddng Qu\u1ed1c t\u1ebf H\u00e0n Qu\u1ed1c H\u00e0 N\u1ed9i<\/p>\n<p><strong>2. OPIC\/ OPI<\/strong> \u2013 K\u00ec thi \u0111\u00e1nh gi\u00e1 n\u0103ng l\u1ef1c n\u00f3i Ti\u1ebfng H\u00e0n, Tr\u01b0\u1eddng \u0110\u1ea1i h\u1ecdc Khoa h\u1ecdc X\u00e3 h\u1ed9i v\u00e0 Nh\u00e2n V\u0103n.<\/p>\n<\/div>\n<div class=\"cmsmasters_text\">\n<blockquote><p><a href=\"https:\/\/docs.google.com\/forms\/d\/11Vy6ykYpVB-7QDpaXo6ydi4SqrVZg7kY16ak4N0Seqs\/viewform?edit_requested=true\"><span style=\"font-size: 110%;\">&gt; \u0110\u0103ng k\u00fd l\u1edbp h\u1ecdc th\u1eed t\u1ea1i \u0110\u00e2y.\u00a0<\/span><\/a><\/p><\/blockquote>\n<p><strong><span style=\"color: #f99b1c;\">HANOI LANGUAGE &amp; CULTURE ACADEMY<\/span><\/strong><\/p>\n<\/div>\n<p><strong><span class=\"text\">M\u1ecdi chi ti\u1ebft th\u1eafc m\u1eafc vui l\u00f2ng li\u00ean h\u1ec7 v\u1edbi Hanoi L&amp;C Academy qua c\u00e1c k\u00eanh sau:<\/span><\/strong><\/p>\n<p><span class=\"emoji-sizer emoji-outer \">?<\/span><span class=\"text\"> Email: <\/span><a class=\"text-is-email\" href=\"mailto:info.hanoiacademy@gmail.com\" target=\"_blank\" rel=\"noopener\">info.hanoiacademy@gmail.com<\/a><\/p>\n<p><span class=\"emoji-sizer emoji-outer \">?<\/span><span class=\"text\"> \u0110\u1ecba ch\u1ec9: CT4, Khu \u0111\u00f4 th\u1ecb M\u1ef9 \u0110\u00ecnh &#8211; S\u00f4ng \u0110\u00e0, Nam T\u1eeb Li\u00eam, H\u00e0 N\u1ed9i <\/span><\/p>\n<p><span class=\"emoji-sizer emoji-outer \">?<\/span><span class=\"text\"> Hotline\/Zalo\/WhatsApp: <\/span><a class=\"text-is-phone-number\">+84 38 8383 789<\/a><\/p>\n<p><span class=\"emoji-sizer emoji-outer \">?<\/span><span class=\"text\"> ID Kakaotalk: Thuylinh590 <\/span><\/p>\n<p><span class=\"emoji-sizer emoji-outer \">?<\/span><span class=\"text\"> Fanapge: <\/span><a class=\"text-is-link\" href=\"https:\/\/www.facebook.com\/hnlcacademy\" target=\"_blank\" rel=\"noopener noreferrer\">https:\/\/www.facebook.com\/hnlcacademy<\/a><\/p>\n<p><span class=\"emoji-sizer emoji-outer \">?<\/span><span class=\"text\"> Instagram: hanoi.vietnamese <\/span><\/p>\n<p><span class=\"emoji-sizer emoji-outer \">?<\/span><span class=\"text\"> Tiktok: @hanoi.academy<\/span><\/p>\n<\/div>\n<\/div>\n","protected":false},"excerpt":{"rendered":"<p>I, L\u1ecaCH KHAI GI\u1ea2NG L\u1ecbch khai gi\u1ea3ng kho\u00e1 m\u1edbi \u1edf \u0110\u00c2Y. II, TH\u00d4NG TIN KHO\u00c1 H\u1eccC\u00a0 Kho\u00e1 h\u1ecdc H\u00ecnh th\u1ee9c h\u1ecdc S\u1ed1 l\u01b0\u1ee3ng h\u1ecdc vi\u00ean B\u00e0i gi\u1ea3ng B\u00e0i ki\u1ec3m tra Trung c\u1ea5p 1 Online Offline Gia s\u01b0 H\u1ecdc 1:1 H\u1ecdc nh\u00f3m 12 &#8211; 15 b\u00e0i 2 b\u00e0i III, M\u1ee4C TI\u00caU KHO\u00c1 H\u1eccC. Kho\u00e1 h\u1ecdc ti\u1ebfng&#8230;<\/p>\n","protected":false},"featured_media":3134,"comment_status":"open","ping_status":"closed","template":"","meta":[],"product_cat":[78],"product_tag":[],"yoast_head":"<!-- This site is optimized with the Yoast SEO plugin v17.7.1 - https:\/\/yoast.com\/wordpress\/plugins\/seo\/ -->\n<title>TI\u1ebeNG H\u00c0N TRUNG C\u1ea4P 1 - Language School<\/title>\n<meta name=\"robots\" content=\"index, follow, max-snippet:-1, max-image-preview:large, max-video-preview:-1\" \/>\n<link rel=\"canonical\" href=\"https:\/\/hanoilanguage.vn\/vn\/korean\/tieng-han-trung-cap-1\/\" \/>\n<meta property=\"og:locale\" content=\"en_US\" \/>\n<meta property=\"og:type\" content=\"article\" \/>\n<meta property=\"og:title\" content=\"TI\u1ebeNG H\u00c0N TRUNG C\u1ea4P 1 - Language School\" \/>\n<meta property=\"og:description\" content=\"I, L\u1ecaCH KHAI GI\u1ea2NG L\u1ecbch khai gi\u1ea3ng kho\u00e1 m\u1edbi \u1edf \u0110\u00c2Y. II, TH\u00d4NG TIN KHO\u00c1 H\u1eccC\u00a0 Kho\u00e1 h\u1ecdc H\u00ecnh th\u1ee9c h\u1ecdc S\u1ed1 l\u01b0\u1ee3ng h\u1ecdc vi\u00ean B\u00e0i gi\u1ea3ng B\u00e0i ki\u1ec3m tra Trung c\u1ea5p 1 Online Offline Gia s\u01b0 H\u1ecdc 1:1 H\u1ecdc nh\u00f3m 12 &#8211; 15 b\u00e0i 2 b\u00e0i III, M\u1ee4C TI\u00caU KHO\u00c1 H\u1eccC. Kho\u00e1 h\u1ecdc ti\u1ebfng...\" \/>\n<meta property=\"og:url\" content=\"https:\/\/hanoilanguage.vn\/vn\/korean\/tieng-han-trung-cap-1\/\" \/>\n<meta property=\"og:site_name\" content=\"Language School\" \/>\n<meta property=\"article:modified_time\" content=\"2025-08-09T03:48:14+00:00\" \/>\n<meta property=\"og:image\" content=\"https:\/\/hanoilanguage.vn\/vn\/wp-content\/uploads\/2021\/11\/12.jpg\" \/>\n\t<meta property=\"og:image:width\" content=\"1280\" \/>\n\t<meta property=\"og:image:height\" content=\"846\" \/>\n<meta name=\"twitter:card\" content=\"summary_large_image\" \/>\n<meta name=\"twitter:label1\" content=\"Est. reading time\" \/>\n\t<meta name=\"twitter:data1\" content=\"2 minutes\" \/>\n<script type=\"application\/ld+json\" class=\"yoast-schema-graph\">{\"@context\":\"https:\/\/schema.org\",\"@graph\":[{\"@type\":\"WebSite\",\"@id\":\"https:\/\/hanoilanguage.vn\/vn\/#website\",\"url\":\"https:\/\/hanoilanguage.vn\/vn\/\",\"name\":\"Language School\",\"description\":\"HTH\",\"potentialAction\":[{\"@type\":\"SearchAction\",\"target\":{\"@type\":\"EntryPoint\",\"urlTemplate\":\"https:\/\/hanoilanguage.vn\/vn\/?s={search_term_string}\"},\"query-input\":\"required name=search_term_string\"}],\"inLanguage\":\"en-US\"},{\"@type\":\"ImageObject\",\"@id\":\"https:\/\/hanoilanguage.vn\/vn\/korean\/tieng-han-trung-cap-1\/#primaryimage\",\"inLanguage\":\"en-US\",\"url\":\"https:\/\/hanoilanguage.vn\/vn\/wp-content\/uploads\/2021\/11\/12.jpg\",\"contentUrl\":\"https:\/\/hanoilanguage.vn\/vn\/wp-content\/uploads\/2021\/11\/12.jpg\",\"width\":1280,\"height\":846},{\"@type\":\"WebPage\",\"@id\":\"https:\/\/hanoilanguage.vn\/vn\/korean\/tieng-han-trung-cap-1\/#webpage\",\"url\":\"https:\/\/hanoilanguage.vn\/vn\/korean\/tieng-han-trung-cap-1\/\",\"name\":\"TI\\u1ebeNG H\\u00c0N TRUNG C\\u1ea4P 1 - Language School\",\"isPartOf\":{\"@id\":\"https:\/\/hanoilanguage.vn\/vn\/#website\"},\"primaryImageOfPage\":{\"@id\":\"https:\/\/hanoilanguage.vn\/vn\/korean\/tieng-han-trung-cap-1\/#primaryimage\"},\"datePublished\":\"2021-11-27T04:20:49+00:00\",\"dateModified\":\"2025-08-09T03:48:14+00:00\",\"breadcrumb\":{\"@id\":\"https:\/\/hanoilanguage.vn\/vn\/korean\/tieng-han-trung-cap-1\/#breadcrumb\"},\"inLanguage\":\"en-US\",\"potentialAction\":[{\"@type\":\"ReadAction\",\"target\":[\"https:\/\/hanoilanguage.vn\/vn\/korean\/tieng-han-trung-cap-1\/\"]}]},{\"@type\":\"BreadcrumbList\",\"@id\":\"https:\/\/hanoilanguage.vn\/vn\/korean\/tieng-han-trung-cap-1\/#breadcrumb\",\"itemListElement\":[{\"@type\":\"ListItem\",\"position\":1,\"name\":\"Home\",\"item\":\"https:\/\/hanoilanguage.vn\/vn\/\"},{\"@type\":\"ListItem\",\"position\":2,\"name\":\"Courses &#8211; 2\",\"item\":\"https:\/\/hanoilanguage.vn\/vn\/courses-2\/\"},{\"@type\":\"ListItem\",\"position\":3,\"name\":\"TI\\u1ebeNG H\\u00c0N TRUNG C\\u1ea4P 1\"}]}]}<\/script>\n<!-- \/ Yoast SEO plugin. -->","yoast_head_json":{"title":"TI\u1ebeNG H\u00c0N TRUNG C\u1ea4P 1 - Language School","robots":{"index":"index","follow":"follow","max-snippet":"max-snippet:-1","max-image-preview":"max-image-preview:large","max-video-preview":"max-video-preview:-1"},"canonical":"https:\/\/hanoilanguage.vn\/vn\/korean\/tieng-han-trung-cap-1\/","og_locale":"en_US","og_type":"article","og_title":"TI\u1ebeNG H\u00c0N TRUNG C\u1ea4P 1 - Language School","og_description":"I, L\u1ecaCH KHAI GI\u1ea2NG L\u1ecbch khai gi\u1ea3ng kho\u00e1 m\u1edbi \u1edf \u0110\u00c2Y. II, TH\u00d4NG TIN KHO\u00c1 H\u1eccC\u00a0 Kho\u00e1 h\u1ecdc H\u00ecnh th\u1ee9c h\u1ecdc S\u1ed1 l\u01b0\u1ee3ng h\u1ecdc vi\u00ean B\u00e0i gi\u1ea3ng B\u00e0i ki\u1ec3m tra Trung c\u1ea5p 1 Online Offline Gia s\u01b0 H\u1ecdc 1:1 H\u1ecdc nh\u00f3m 12 &#8211; 15 b\u00e0i 2 b\u00e0i III, M\u1ee4C TI\u00caU KHO\u00c1 H\u1eccC. Kho\u00e1 h\u1ecdc ti\u1ebfng...","og_url":"https:\/\/hanoilanguage.vn\/vn\/korean\/tieng-han-trung-cap-1\/","og_site_name":"Language School","article_modified_time":"2025-08-09T03:48:14+00:00","og_image":[{"width":1280,"height":846,"url":"https:\/\/hanoilanguage.vn\/vn\/wp-content\/uploads\/2021\/11\/12.jpg","type":"image\/jpeg"}],"twitter_card":"summary_large_image","twitter_misc":{"Est. reading time":"2 minutes"},"schema":{"@context":"https:\/\/schema.org","@graph":[{"@type":"WebSite","@id":"https:\/\/hanoilanguage.vn\/vn\/#website","url":"https:\/\/hanoilanguage.vn\/vn\/","name":"Language School","description":"HTH","potentialAction":[{"@type":"SearchAction","target":{"@type":"EntryPoint","urlTemplate":"https:\/\/hanoilanguage.vn\/vn\/?s={search_term_string}"},"query-input":"required name=search_term_string"}],"inLanguage":"en-US"},{"@type":"ImageObject","@id":"https:\/\/hanoilanguage.vn\/vn\/korean\/tieng-han-trung-cap-1\/#primaryimage","inLanguage":"en-US","url":"https:\/\/hanoilanguage.vn\/vn\/wp-content\/uploads\/2021\/11\/12.jpg","contentUrl":"https:\/\/hanoilanguage.vn\/vn\/wp-content\/uploads\/2021\/11\/12.jpg","width":1280,"height":846},{"@type":"WebPage","@id":"https:\/\/hanoilanguage.vn\/vn\/korean\/tieng-han-trung-cap-1\/#webpage","url":"https:\/\/hanoilanguage.vn\/vn\/korean\/tieng-han-trung-cap-1\/","name":"TI\u1ebeNG H\u00c0N TRUNG C\u1ea4P 1 - Language School","isPartOf":{"@id":"https:\/\/hanoilanguage.vn\/vn\/#website"},"primaryImageOfPage":{"@id":"https:\/\/hanoilanguage.vn\/vn\/korean\/tieng-han-trung-cap-1\/#primaryimage"},"datePublished":"2021-11-27T04:20:49+00:00","dateModified":"2025-08-09T03:48:14+00:00","breadcrumb":{"@id":"https:\/\/hanoilanguage.vn\/vn\/korean\/tieng-han-trung-cap-1\/#breadcrumb"},"inLanguage":"en-US","potentialAction":[{"@type":"ReadAction","target":["https:\/\/hanoilanguage.vn\/vn\/korean\/tieng-han-trung-cap-1\/"]}]},{"@type":"BreadcrumbList","@id":"https:\/\/hanoilanguage.vn\/vn\/korean\/tieng-han-trung-cap-1\/#breadcrumb","itemListElement":[{"@type":"ListItem","position":1,"name":"Home","item":"https:\/\/hanoilanguage.vn\/vn\/"},{"@type":"ListItem","position":2,"name":"Courses &#8211; 2","item":"https:\/\/hanoilanguage.vn\/vn\/courses-2\/"},{"@type":"ListItem","position":3,"name":"TI\u1ebeNG H\u00c0N TRUNG C\u1ea4P 1"}]}]}},"_links":{"self":[{"href":"https:\/\/hanoilanguage.vn\/vn\/wp-json\/wp\/v2\/product\/1173"}],"collection":[{"href":"https:\/\/hanoilanguage.vn\/vn\/wp-json\/wp\/v2\/product"}],"about":[{"href":"https:\/\/hanoilanguage.vn\/vn\/wp-json\/wp\/v2\/types\/product"}],"replies":[{"embeddable":true,"href":"https:\/\/hanoilanguage.vn\/vn\/wp-json\/wp\/v2\/comments?post=1173"}],"wp:featuredmedia":[{"embeddable":true,"href":"https:\/\/hanoilanguage.vn\/vn\/wp-json\/wp\/v2\/media\/3134"}],"wp:attachment":[{"href":"https:\/\/hanoilanguage.vn\/vn\/wp-json\/wp\/v2\/media?parent=1173"}],"wp:term":[{"taxonomy":"product_cat","embeddable":true,"href":"https:\/\/hanoilanguage.vn\/vn\/wp-json\/wp\/v2\/product_cat?post=1173"},{"taxonomy":"product_tag","embeddable":true,"href":"https:\/\/hanoilanguage.vn\/vn\/wp-json\/wp\/v2\/product_tag?post=1173"}],"curies":[{"name":"wp","href":"https:\/\/api.w.org\/{rel}","templated":true}]}}