{"id":1020,"date":"2021-11-18T09:22:33","date_gmt":"2021-11-18T02:22:33","guid":{"rendered":"https:\/\/hanoilanguage.vn\/vn\/?post_type=product&#038;p=1020"},"modified":"2025-08-08T17:01:21","modified_gmt":"2025-08-08T10:01:21","slug":"tieng-viet-so-cap-1","status":"publish","type":"product","link":"https:\/\/hanoilanguage.vn\/vn\/vietnamese\/tieng-viet-so-cap-1\/","title":{"rendered":"TI\u1ebeNG VI\u1ec6T S\u01a0 C\u1ea4P 1"},"content":{"rendered":"<div id=\"cmsmasters_row_61948176317904_02795961\" class=\"cmsmasters_row cmsmasters_color_scheme_default cmsmasters_row_top_default cmsmasters_row_bot_default cmsmasters_row_boxed\">\n<div class=\"cmsmasters_row_outer_parent\">\n<div class=\"cmsmasters_row_outer\">\n<div class=\"cmsmasters_row_inner\">\n<div class=\"cmsmasters_row_margin cmsmasters_11\">\n<div class=\"cmsmasters_column one_first\">\n<div class=\"cmsmasters_text\">\n<div class=\"cmsmasters_text\">\n<p><span style=\"color: #ff6600;\"><strong>I, L\u1ecaCH KHAI GI\u1ea2NG<\/strong><\/span><\/p>\n<p>L\u1ecbch khai gi\u1ea3ng m\u1edbi \u1edf<a href=\"https:\/\/hanoilanguage.vn\/vn\/lich-khai-giang-thang-1\/\">\u00a0\u0110\u00e2y\u00a0<\/a><\/p>\n<p><span style=\"color: #ff6600;\"><strong>II, TH\u00d4NG TIN KHO\u00c1 H\u1eccC\u00a0<\/strong><\/span><\/p>\n<table dir=\"ltr\" style=\"width: 88.3938%; height: 44px;\" border=\"1\" cellspacing=\"0\" cellpadding=\"0\">\n<colgroup>\n<col width=\"81\" \/>\n<col width=\"81\" \/>\n<col width=\"81\" \/>\n<col width=\"81\" \/>\n<col width=\"81\" \/>\n<col width=\"81\" \/>\n<col width=\"81\" \/>\n<col width=\"81\" \/><\/colgroup>\n<tbody>\n<tr style=\"height: 22px;\">\n<td style=\"text-align: center; width: 79px; height: 22px;\" data-sheets-value=\"{&quot;1&quot;:2,&quot;2&quot;:&quot;Kho\u00e1 h\u1ecdc&quot;}\">Kho\u00e1 h\u1ecdc<\/td>\n<td style=\"text-align: center; width: 241px; height: 22px;\" colspan=\"3\" rowspan=\"1\" data-sheets-value=\"{&quot;1&quot;:2,&quot;2&quot;:&quot;H\u00ecnh th\u1ee9c h\u1ecdc&quot;}\">H\u00ecnh th\u1ee9c h\u1ecdc<\/td>\n<td style=\"text-align: center; width: 160px; height: 22px;\" colspan=\"2\" rowspan=\"1\" data-sheets-value=\"{&quot;1&quot;:2,&quot;2&quot;:&quot; S\u1ed1 l\u01b0\u1ee3ng h\u1ecdc vi\u00ean&quot;}\">S\u1ed1 l\u01b0\u1ee3ng h\u1ecdc vi\u00ean<\/td>\n<td style=\"text-align: center; width: 79px; height: 22px;\" data-sheets-value=\"{&quot;1&quot;:2,&quot;2&quot;:&quot; B\u00e0i gi\u1ea3ng&quot;}\">B\u00e0i gi\u1ea3ng<\/td>\n<td style=\"text-align: center; width: 79px; height: 22px;\" data-sheets-value=\"{&quot;1&quot;:2,&quot;2&quot;:&quot;B\u00e0i ki\u1ec3m tra&quot;}\">B\u00e0i ki\u1ec3m tra<\/td>\n<\/tr>\n<tr style=\"height: 22px;\">\n<td style=\"text-align: center; width: 79px; height: 22px;\" data-sheets-value=\"{&quot;1&quot;:2,&quot;2&quot;:&quot;S\u01a1 c\u1ea5p 1&quot;}\">S\u01a1 c\u1ea5p 1<\/td>\n<td style=\"text-align: center; width: 79px; height: 22px;\" data-sheets-value=\"{&quot;1&quot;:2,&quot;2&quot;:&quot;Online&quot;}\">Online<\/td>\n<td style=\"text-align: center; width: 79px; height: 22px;\" data-sheets-value=\"{&quot;1&quot;:2,&quot;2&quot;:&quot;rOffline&quot;}\">Offline<\/td>\n<td style=\"text-align: center; width: 79px; height: 22px;\" data-sheets-value=\"{&quot;1&quot;:2,&quot;2&quot;:&quot;Gia s\u01b0&quot;}\">Gia s\u01b0<\/td>\n<td style=\"text-align: center; width: 79px; height: 22px;\" data-sheets-value=\"{&quot;1&quot;:2,&quot;2&quot;:&quot;H\u1ecdc 1:1&quot;}\">H\u1ecdc 1:1<\/td>\n<td style=\"text-align: center; width: 79px; height: 22px;\" data-sheets-value=\"{&quot;1&quot;:2,&quot;2&quot;:&quot;H\u1ecdc nh\u00f3m&quot;}\">H\u1ecdc nh\u00f3m<\/td>\n<td style=\"text-align: center; width: 79px; height: 22px;\" data-sheets-value=\"{&quot;1&quot;:2,&quot;2&quot;:&quot;15 b\u00e0i&quot;}\">12 b\u00e0i<\/td>\n<td style=\"text-align: center; width: 79px; height: 22px;\" data-sheets-value=\"{&quot;1&quot;:2,&quot;2&quot;:&quot;3 b\u00e0i &quot;}\">2 b\u00e0i<\/td>\n<\/tr>\n<\/tbody>\n<\/table>\n<\/div>\n<div class=\"cmsmasters_text\">\n<p><span style=\"color: #ff6600;\"><strong>III, M\u1ee4C TI\u00caU KHO\u00c1 H\u1eccC<\/strong>.<\/span><\/p>\n<p style=\"text-align: justify;\">Kho\u00e1 h\u1ecdc ti\u1ebfng Vi\u1ec7t s\u01a1 c\u1ea5p 1 d\u00e0nh cho h\u1ecdc vi\u00ean ch\u01b0a t\u1eebng h\u1ecdc ti\u1ebfng Vi\u1ec7t ho\u1eb7c \u0111\u00e3 bi\u1ebft v\u1ec1 ch\u00e0o h\u1ecfi c\u01a1 b\u1ea3n trong ti\u1ebfng Vi\u1ec7t. Sau khi k\u1ebft th\u00fac kh\u00f3a h\u1ecdc, h\u1ecdc vi\u00ean s\u1ebd \u0111\u1ea1t \u0111\u01b0\u1ee3c:<\/p>\n<p style=\"text-align: justify;\">\u2022 H\u1ecdc vi\u00ean s\u1ebd s\u1eed d\u1ee5ng v\u00e0 vi\u1ebft th\u00e0nh th\u1ea1o b\u1ea3ng ch\u1eef c\u00e1i, thanh \u0111i\u1ec7u, ng\u1eef \u0111i\u1ec7u trong ti\u1ebfng Vi\u1ec7t.<\/p>\n<p style=\"text-align: justify;\">\u2022 H\u1ecdc vi\u00ean n\u1eafm ch\u1eafc c\u00e1ch gi\u1edbi thi\u1ec7u th\u00f4ng tin c\u01a1 b\u1ea3n v\u1ec1 b\u1ea3n th\u00e2n (t\u00ean, tu\u1ed5i, qu\u1ed1c t\u1ecbch, ngh\u1ec1 nghi\u1ec7p, gia \u0111\u00ecnh, s\u1edf th\u00edch,&#8230;)<\/p>\n<p style=\"text-align: justify;\">\u2022 H\u1ecdc vi\u00ean c\u00f3 th\u1ec3 giao ti\u1ebfp \u0111\u01b0\u1ee3c trong c\u00e1c t\u00ecnh hu\u1ed1ng sinh ho\u1ea1t \u0111\u01a1n gi\u1ea3n h\u00e0ng ng\u00e0y (ch\u00e0o h\u1ecfi, mua s\u1eafm, g\u1ecdi \u0111i\u1ec7n tho\u1ea1i, ch\u1ec9 \u0111\u01b0\u1eddng, th\u1eddi ti\u1ebft,&#8230;.)<\/p>\n<div class=\"cmsmasters_text\" style=\"text-align: justify;\">\n<div class=\"cmsmasters_text\">\n<p><span style=\"color: #ff6600;\"><strong>IV, GI\u00c1O VI\u00caN<\/strong><\/span><\/p>\n<p>+ C\u00f4 gi\u00e1o: c\u00f3 kinh nghi\u1ec7m t\u1ed1i thi\u1ec3u 2 n\u0103m trong vi\u1ec7c gi\u1ea3ng d\u1ea1y ti\u1ebfng Vi\u1ec7t.<\/p>\n<p>+ Tr\u1ee3 gi\u1ea3ng: c\u00f3 tr\u00e1ch nhi\u1ec7m \u00f4n b\u00e0i cho h\u1ecdc vi\u00ean, ch\u1ec9nh ph\u00e1t \u00e2m v\u00e0 gi\u00fap h\u1ecdc vi\u00ean t\u1ea1o n\u00f3i th\u00e0nh c\u00e2u ho\u00e0n ch\u1ec9nh.<\/p>\n<p><span style=\"color: #ff6600;\"><strong>V, C\u00c1C K\u1ef2 THI \u0110\u00c1NH GI\u00c1 N\u0102NG L\u1ef0C.<\/strong><\/span><\/p>\n<p>Sau khi h\u1ecdc xong kho\u00e1 h\u1ecdc s\u01a1 c\u1ea5p 1, h\u1ecdc vi\u00ean c\u00f3 th\u1ec3 tham gia c\u00e1c k\u1ef3 thi \u0111\u1ec3 \u0111\u00e1nh gi\u00e1 n\u0103ng l\u1ef1c.<\/p>\n<p><strong>1. VINATEST<\/strong> \u2013 K\u00ec thi \u0111\u00e1nh gi\u00e1 n\u0103ng l\u1ef1c Ti\u1ebfng Vi\u1ec7t, \u0110\u1ea1i h\u1ecdc H\u00e0 N\u1ed9i.<\/p>\n<p><strong>2. NLTV<\/strong>\u00a0\u2013 K\u00ec thi n\u0103ng l\u1ef1c Ti\u1ebfng Vi\u1ec7t (VNS) \u0110\u1ea1i h\u1ecdc khoa h\u1ecdc x\u00e3 h\u1ed9i v\u00e0 nh\u00e2n v\u0103n \u2013 \u0110\u1ea1i h\u1ecdc qu\u1ed1c gia th\u00e0nh ph\u1ed1 H\u1ed3 Ch\u00ed Minh.<\/p>\n<p><strong>3. VIETEST<\/strong> \u2013 H\u1ec7 th\u1ed1ng \u0111\u00e1nh gi\u00e1 n\u0103ng l\u1ef1c ti\u1ebfng Vi\u1ec7t cho ng\u01b0\u1eddi n\u01b0\u1edbc ngo\u00e0i, \u0110\u1ea1i h\u1ecdc Khoa h\u1ecdc x\u00e3 h\u1ed9i v\u00e0 nh\u00e2n v\u0103n \u2013 \u0110\u1ea1i h\u1ecdc qu\u1ed1c gia H\u00e0 N\u1ed9i.<\/p>\n<blockquote><p>&gt; <a href=\"https:\/\/docs.google.com\/forms\/d\/e\/1FAIpQLSfhMpeeESCZxWBpzAEON90KEI63Pet_GfDQSwCsE-9Kz77JXA\/viewform\">\u0110\u0103ng k\u00fd l\u1edbp h\u1ecdc th\u1eed mi\u1ec5n ph\u00ed T\u1ea0I \u0110\u00c2Y<\/a><\/p><\/blockquote>\n<p><strong><span style=\"color: #f99b1c;\">HANOI LANGUAGE &amp; CULTURE ACADEMY<\/span><\/strong><\/p>\n<\/div>\n<\/div>\n<div id=\"bb_msg_id_1637752866621\" class=\"chat-message wrap-message rotate-container \" data-node-type=\"bubble-message\">\n<div class=\"\">\n<div class=\"card show-sender card--text\" data-id=\"div_ReceivedMsg_Text\">\n<div>\n<p>M\u1ecdi chi ti\u1ebft th\u1eafc m\u1eafc vui l\u00f2ng li\u00ean h\u1ec7 v\u1edbi Hanoi L&amp;C Academy qua c\u00e1c k\u00eanh sau:<\/p>\n<p>? Email: info.hanoiacademy@gmail.com<\/p>\n<p>? \u0110\u1ecba ch\u1ec9: CT4, Khu \u0111\u00f4 th\u1ecb M\u1ef9 \u0110\u00ecnh &#8211; S\u00f4ng \u0110\u00e0, Nam T\u1eeb Li\u00eam, H\u00e0 N\u1ed9i<\/p>\n<p>? Hotline\/Zalo\/WhatsApp: +84 38 8383 789<\/p>\n<p>? ID Kakaotalk: Thuylinh590<\/p>\n<p>? Fanapge: https:\/\/www.facebook.com\/hanoiacademi<\/p>\n<p>? Instagram: hanoi.vietnamese<\/p>\n<p>? Tiktok: @hanoi.academy<\/p>\n<\/div>\n<div class=\"message-reaction-container show-react-btn\">\n<div data-id=\"btn_ReceivedMsg_React\">\n<div class=\"msg-reaction-icon\">\n<div class=\"default-react-icon-thumb\"><\/div>\n<\/div>\n<\/div>\n<\/div>\n<\/div>\n<\/div>\n<\/div>\n<\/div>\n<\/div>\n<\/div>\n<\/div>\n<\/div>\n<\/div>\n<\/div>\n<\/div>\n","protected":false},"excerpt":{"rendered":"<p>I, L\u1ecaCH KHAI GI\u1ea2NG L\u1ecbch khai gi\u1ea3ng m\u1edbi \u1edf\u00a0\u0110\u00e2y\u00a0 II, TH\u00d4NG TIN KHO\u00c1 H\u1eccC\u00a0 Kho\u00e1 h\u1ecdc H\u00ecnh th\u1ee9c h\u1ecdc S\u1ed1 l\u01b0\u1ee3ng h\u1ecdc vi\u00ean B\u00e0i gi\u1ea3ng B\u00e0i ki\u1ec3m tra S\u01a1 c\u1ea5p 1 Online Offline Gia s\u01b0 H\u1ecdc 1:1 H\u1ecdc nh\u00f3m 12 b\u00e0i 2 b\u00e0i III, M\u1ee4C TI\u00caU KHO\u00c1 H\u1eccC. Kho\u00e1 h\u1ecdc ti\u1ebfng Vi\u1ec7t s\u01a1 c\u1ea5p 1&#8230;<\/p>\n","protected":false},"featured_media":3126,"comment_status":"open","ping_status":"closed","template":"","meta":[],"product_cat":[77],"product_tag":[],"yoast_head":"<!-- This site is optimized with the Yoast SEO plugin v17.7.1 - https:\/\/yoast.com\/wordpress\/plugins\/seo\/ -->\n<title>TI\u1ebeNG VI\u1ec6T S\u01a0 C\u1ea4P 1 - Language School<\/title>\n<meta name=\"robots\" content=\"index, follow, max-snippet:-1, max-image-preview:large, max-video-preview:-1\" \/>\n<link rel=\"canonical\" href=\"https:\/\/hanoilanguage.vn\/vn\/vietnamese\/tieng-viet-so-cap-1\/\" \/>\n<meta property=\"og:locale\" content=\"en_US\" \/>\n<meta property=\"og:type\" content=\"article\" \/>\n<meta property=\"og:title\" content=\"TI\u1ebeNG VI\u1ec6T S\u01a0 C\u1ea4P 1 - Language School\" \/>\n<meta property=\"og:description\" content=\"I, L\u1ecaCH KHAI GI\u1ea2NG L\u1ecbch khai gi\u1ea3ng m\u1edbi \u1edf\u00a0\u0110\u00e2y\u00a0 II, TH\u00d4NG TIN KHO\u00c1 H\u1eccC\u00a0 Kho\u00e1 h\u1ecdc H\u00ecnh th\u1ee9c h\u1ecdc S\u1ed1 l\u01b0\u1ee3ng h\u1ecdc vi\u00ean B\u00e0i gi\u1ea3ng B\u00e0i ki\u1ec3m tra S\u01a1 c\u1ea5p 1 Online Offline Gia s\u01b0 H\u1ecdc 1:1 H\u1ecdc nh\u00f3m 12 b\u00e0i 2 b\u00e0i III, M\u1ee4C TI\u00caU KHO\u00c1 H\u1eccC. Kho\u00e1 h\u1ecdc ti\u1ebfng Vi\u1ec7t s\u01a1 c\u1ea5p 1...\" \/>\n<meta property=\"og:url\" content=\"https:\/\/hanoilanguage.vn\/vn\/vietnamese\/tieng-viet-so-cap-1\/\" \/>\n<meta property=\"og:site_name\" content=\"Language School\" \/>\n<meta property=\"article:modified_time\" content=\"2025-08-08T10:01:21+00:00\" \/>\n<meta property=\"og:image\" content=\"https:\/\/hanoilanguage.vn\/vn\/wp-content\/uploads\/2021\/11\/Screenshot-2025-08-08-at-17.00.07.png\" \/>\n\t<meta property=\"og:image:width\" content=\"1464\" \/>\n\t<meta property=\"og:image:height\" content=\"1344\" \/>\n<meta name=\"twitter:card\" content=\"summary_large_image\" \/>\n<meta name=\"twitter:label1\" content=\"Est. reading time\" \/>\n\t<meta name=\"twitter:data1\" content=\"2 minutes\" \/>\n<script type=\"application\/ld+json\" class=\"yoast-schema-graph\">{\"@context\":\"https:\/\/schema.org\",\"@graph\":[{\"@type\":\"WebSite\",\"@id\":\"https:\/\/hanoilanguage.vn\/vn\/#website\",\"url\":\"https:\/\/hanoilanguage.vn\/vn\/\",\"name\":\"Language School\",\"description\":\"HTH\",\"potentialAction\":[{\"@type\":\"SearchAction\",\"target\":{\"@type\":\"EntryPoint\",\"urlTemplate\":\"https:\/\/hanoilanguage.vn\/vn\/?s={search_term_string}\"},\"query-input\":\"required name=search_term_string\"}],\"inLanguage\":\"en-US\"},{\"@type\":\"ImageObject\",\"@id\":\"https:\/\/hanoilanguage.vn\/vn\/vietnamese\/tieng-viet-so-cap-1\/#primaryimage\",\"inLanguage\":\"en-US\",\"url\":\"https:\/\/hanoilanguage.vn\/vn\/wp-content\/uploads\/2021\/11\/Screenshot-2025-08-08-at-17.00.07.png\",\"contentUrl\":\"https:\/\/hanoilanguage.vn\/vn\/wp-content\/uploads\/2021\/11\/Screenshot-2025-08-08-at-17.00.07.png\",\"width\":1464,\"height\":1344},{\"@type\":\"WebPage\",\"@id\":\"https:\/\/hanoilanguage.vn\/vn\/vietnamese\/tieng-viet-so-cap-1\/#webpage\",\"url\":\"https:\/\/hanoilanguage.vn\/vn\/vietnamese\/tieng-viet-so-cap-1\/\",\"name\":\"TI\\u1ebeNG VI\\u1ec6T S\\u01a0 C\\u1ea4P 1 - Language School\",\"isPartOf\":{\"@id\":\"https:\/\/hanoilanguage.vn\/vn\/#website\"},\"primaryImageOfPage\":{\"@id\":\"https:\/\/hanoilanguage.vn\/vn\/vietnamese\/tieng-viet-so-cap-1\/#primaryimage\"},\"datePublished\":\"2021-11-18T02:22:33+00:00\",\"dateModified\":\"2025-08-08T10:01:21+00:00\",\"breadcrumb\":{\"@id\":\"https:\/\/hanoilanguage.vn\/vn\/vietnamese\/tieng-viet-so-cap-1\/#breadcrumb\"},\"inLanguage\":\"en-US\",\"potentialAction\":[{\"@type\":\"ReadAction\",\"target\":[\"https:\/\/hanoilanguage.vn\/vn\/vietnamese\/tieng-viet-so-cap-1\/\"]}]},{\"@type\":\"BreadcrumbList\",\"@id\":\"https:\/\/hanoilanguage.vn\/vn\/vietnamese\/tieng-viet-so-cap-1\/#breadcrumb\",\"itemListElement\":[{\"@type\":\"ListItem\",\"position\":1,\"name\":\"Home\",\"item\":\"https:\/\/hanoilanguage.vn\/vn\/\"},{\"@type\":\"ListItem\",\"position\":2,\"name\":\"Courses &#8211; 2\",\"item\":\"https:\/\/hanoilanguage.vn\/vn\/courses-2\/\"},{\"@type\":\"ListItem\",\"position\":3,\"name\":\"TI\\u1ebeNG VI\\u1ec6T S\\u01a0 C\\u1ea4P 1\"}]}]}<\/script>\n<!-- \/ Yoast SEO plugin. -->","yoast_head_json":{"title":"TI\u1ebeNG VI\u1ec6T S\u01a0 C\u1ea4P 1 - Language School","robots":{"index":"index","follow":"follow","max-snippet":"max-snippet:-1","max-image-preview":"max-image-preview:large","max-video-preview":"max-video-preview:-1"},"canonical":"https:\/\/hanoilanguage.vn\/vn\/vietnamese\/tieng-viet-so-cap-1\/","og_locale":"en_US","og_type":"article","og_title":"TI\u1ebeNG VI\u1ec6T S\u01a0 C\u1ea4P 1 - Language School","og_description":"I, L\u1ecaCH KHAI GI\u1ea2NG L\u1ecbch khai gi\u1ea3ng m\u1edbi \u1edf\u00a0\u0110\u00e2y\u00a0 II, TH\u00d4NG TIN KHO\u00c1 H\u1eccC\u00a0 Kho\u00e1 h\u1ecdc H\u00ecnh th\u1ee9c h\u1ecdc S\u1ed1 l\u01b0\u1ee3ng h\u1ecdc vi\u00ean B\u00e0i gi\u1ea3ng B\u00e0i ki\u1ec3m tra S\u01a1 c\u1ea5p 1 Online Offline Gia s\u01b0 H\u1ecdc 1:1 H\u1ecdc nh\u00f3m 12 b\u00e0i 2 b\u00e0i III, M\u1ee4C TI\u00caU KHO\u00c1 H\u1eccC. Kho\u00e1 h\u1ecdc ti\u1ebfng Vi\u1ec7t s\u01a1 c\u1ea5p 1...","og_url":"https:\/\/hanoilanguage.vn\/vn\/vietnamese\/tieng-viet-so-cap-1\/","og_site_name":"Language School","article_modified_time":"2025-08-08T10:01:21+00:00","og_image":[{"width":1464,"height":1344,"url":"https:\/\/hanoilanguage.vn\/vn\/wp-content\/uploads\/2021\/11\/Screenshot-2025-08-08-at-17.00.07.png","type":"image\/png"}],"twitter_card":"summary_large_image","twitter_misc":{"Est. reading time":"2 minutes"},"schema":{"@context":"https:\/\/schema.org","@graph":[{"@type":"WebSite","@id":"https:\/\/hanoilanguage.vn\/vn\/#website","url":"https:\/\/hanoilanguage.vn\/vn\/","name":"Language School","description":"HTH","potentialAction":[{"@type":"SearchAction","target":{"@type":"EntryPoint","urlTemplate":"https:\/\/hanoilanguage.vn\/vn\/?s={search_term_string}"},"query-input":"required name=search_term_string"}],"inLanguage":"en-US"},{"@type":"ImageObject","@id":"https:\/\/hanoilanguage.vn\/vn\/vietnamese\/tieng-viet-so-cap-1\/#primaryimage","inLanguage":"en-US","url":"https:\/\/hanoilanguage.vn\/vn\/wp-content\/uploads\/2021\/11\/Screenshot-2025-08-08-at-17.00.07.png","contentUrl":"https:\/\/hanoilanguage.vn\/vn\/wp-content\/uploads\/2021\/11\/Screenshot-2025-08-08-at-17.00.07.png","width":1464,"height":1344},{"@type":"WebPage","@id":"https:\/\/hanoilanguage.vn\/vn\/vietnamese\/tieng-viet-so-cap-1\/#webpage","url":"https:\/\/hanoilanguage.vn\/vn\/vietnamese\/tieng-viet-so-cap-1\/","name":"TI\u1ebeNG VI\u1ec6T S\u01a0 C\u1ea4P 1 - Language School","isPartOf":{"@id":"https:\/\/hanoilanguage.vn\/vn\/#website"},"primaryImageOfPage":{"@id":"https:\/\/hanoilanguage.vn\/vn\/vietnamese\/tieng-viet-so-cap-1\/#primaryimage"},"datePublished":"2021-11-18T02:22:33+00:00","dateModified":"2025-08-08T10:01:21+00:00","breadcrumb":{"@id":"https:\/\/hanoilanguage.vn\/vn\/vietnamese\/tieng-viet-so-cap-1\/#breadcrumb"},"inLanguage":"en-US","potentialAction":[{"@type":"ReadAction","target":["https:\/\/hanoilanguage.vn\/vn\/vietnamese\/tieng-viet-so-cap-1\/"]}]},{"@type":"BreadcrumbList","@id":"https:\/\/hanoilanguage.vn\/vn\/vietnamese\/tieng-viet-so-cap-1\/#breadcrumb","itemListElement":[{"@type":"ListItem","position":1,"name":"Home","item":"https:\/\/hanoilanguage.vn\/vn\/"},{"@type":"ListItem","position":2,"name":"Courses &#8211; 2","item":"https:\/\/hanoilanguage.vn\/vn\/courses-2\/"},{"@type":"ListItem","position":3,"name":"TI\u1ebeNG VI\u1ec6T S\u01a0 C\u1ea4P 1"}]}]}},"_links":{"self":[{"href":"https:\/\/hanoilanguage.vn\/vn\/wp-json\/wp\/v2\/product\/1020"}],"collection":[{"href":"https:\/\/hanoilanguage.vn\/vn\/wp-json\/wp\/v2\/product"}],"about":[{"href":"https:\/\/hanoilanguage.vn\/vn\/wp-json\/wp\/v2\/types\/product"}],"replies":[{"embeddable":true,"href":"https:\/\/hanoilanguage.vn\/vn\/wp-json\/wp\/v2\/comments?post=1020"}],"wp:featuredmedia":[{"embeddable":true,"href":"https:\/\/hanoilanguage.vn\/vn\/wp-json\/wp\/v2\/media\/3126"}],"wp:attachment":[{"href":"https:\/\/hanoilanguage.vn\/vn\/wp-json\/wp\/v2\/media?parent=1020"}],"wp:term":[{"taxonomy":"product_cat","embeddable":true,"href":"https:\/\/hanoilanguage.vn\/vn\/wp-json\/wp\/v2\/product_cat?post=1020"},{"taxonomy":"product_tag","embeddable":true,"href":"https:\/\/hanoilanguage.vn\/vn\/wp-json\/wp\/v2\/product_tag?post=1020"}],"curies":[{"name":"wp","href":"https:\/\/api.w.org\/{rel}","templated":true}]}}