{"id":1013,"date":"2021-11-18T09:19:18","date_gmt":"2021-11-18T02:19:18","guid":{"rendered":"https:\/\/hanoilanguage.vn\/vn\/?post_type=product&#038;p=1013"},"modified":"2025-08-08T18:03:18","modified_gmt":"2025-08-08T11:03:18","slug":"luyen-thi-chung-chi-tieng-viet","status":"publish","type":"product","link":"https:\/\/hanoilanguage.vn\/vn\/vietnamese\/luyen-thi-chung-chi-tieng-viet\/","title":{"rendered":"LUY\u1ec6N THI CH\u1ee8NG CH\u1ec8 TI\u1ebeNG VI\u1ec6T"},"content":{"rendered":"<div class=\"cmsmasters_text\">\n<p><span style=\"color: #ff6600;\"><strong>I, L\u1ecaCH KHAI GI\u1ea2NG<\/strong><\/span><\/p>\n<p>L\u1ecbch khai gi\u1ea3ng th\u00e1ng m\u1edbi \u1edf <a href=\"https:\/\/hanoilanguage.vn\/vn\/lich-khai-giang\/\">\u0110\u00c2Y<\/a><\/p>\n<p><span style=\"color: #ff6600;\"><strong>II, TH\u00d4NG TIN KHO\u00c1 H\u1eccC\u00a0<\/strong><\/span><\/p>\n<table dir=\"ltr\" border=\"1\" cellspacing=\"0\" cellpadding=\"0\">\n<colgroup>\n<col width=\"81\" \/>\n<col width=\"81\" \/>\n<col width=\"81\" \/>\n<col width=\"81\" \/>\n<col width=\"81\" \/>\n<col width=\"81\" \/>\n<col width=\"81\" \/>\n<col width=\"81\" \/><\/colgroup>\n<tbody>\n<tr>\n<td style=\"text-align: center;\" data-sheets-value=\"{&quot;1&quot;:2,&quot;2&quot;:&quot;Kho\u00e1 h\u1ecdc&quot;}\">Kho\u00e1 h\u1ecdc<\/td>\n<td style=\"text-align: center;\" colspan=\"3\" rowspan=\"1\" data-sheets-value=\"{&quot;1&quot;:2,&quot;2&quot;:&quot;H\u00ecnh th\u1ee9c h\u1ecdc&quot;}\">H\u00ecnh th\u1ee9c h\u1ecdc<\/td>\n<td style=\"text-align: center;\" colspan=\"2\" rowspan=\"1\" data-sheets-value=\"{&quot;1&quot;:2,&quot;2&quot;:&quot; S\u1ed1 l\u01b0\u1ee3ng h\u1ecdc vi\u00ean&quot;}\">S\u1ed1 l\u01b0\u1ee3ng h\u1ecdc vi\u00ean<\/td>\n<td style=\"text-align: center;\" data-sheets-value=\"{&quot;1&quot;:2,&quot;2&quot;:&quot; B\u00e0i gi\u1ea3ng&quot;}\">B\u00e0i gi\u1ea3ng<\/td>\n<td style=\"text-align: center;\" data-sheets-value=\"{&quot;1&quot;:2,&quot;2&quot;:&quot;B\u00e0i ki\u1ec3m tra&quot;}\">B\u00e0i ki\u1ec3m tra<\/td>\n<\/tr>\n<tr>\n<td style=\"text-align: center;\" data-sheets-value=\"{&quot;1&quot;:2,&quot;2&quot;:&quot;S\u01a1 c\u1ea5p 1&quot;}\">Luy\u1ec7n thi ch\u1ee9ng ch\u1ec9<\/td>\n<td style=\"text-align: center;\" data-sheets-value=\"{&quot;1&quot;:2,&quot;2&quot;:&quot;Online&quot;}\">Online<\/td>\n<td style=\"text-align: center;\" data-sheets-value=\"{&quot;1&quot;:2,&quot;2&quot;:&quot;\\rOffline&quot;}\">Offline<\/td>\n<td style=\"text-align: center;\" data-sheets-value=\"{&quot;1&quot;:2,&quot;2&quot;:&quot;Gia s\u01b0&quot;}\">Gia s\u01b0<\/td>\n<td style=\"text-align: center;\" data-sheets-value=\"{&quot;1&quot;:2,&quot;2&quot;:&quot;H\u1ecdc 1:1&quot;}\">H\u1ecdc 1:1<\/td>\n<td style=\"text-align: center;\" data-sheets-value=\"{&quot;1&quot;:2,&quot;2&quot;:&quot;H\u1ecdc nh\u00f3m&quot;}\">H\u1ecdc nh\u00f3m<\/td>\n<td style=\"text-align: center;\" data-sheets-value=\"{&quot;1&quot;:2,&quot;2&quot;:&quot;15 b\u00e0i&quot;}\">12 b\u00e0i<\/td>\n<td style=\"text-align: center;\" data-sheets-value=\"{&quot;1&quot;:2,&quot;2&quot;:&quot;3 b\u00e0i &quot;}\">2 b\u00e0i<\/td>\n<\/tr>\n<\/tbody>\n<\/table>\n<\/div>\n<div class=\"cmsmasters_text\">\n<p><span style=\"color: #ff6600;\"><strong>III, M\u1ee4C TI\u00caU KHO\u00c1 H\u1eccC<\/strong>.<\/span><\/p>\n<p><span data-sheets-value=\"{&quot;1&quot;:2,&quot;2&quot;:&quot;Kho\u00e1 h\u1ecdc d\u00e0nh cho h\u1ecdc vi\u00ean c\u00f3 nhu c\u1ea7u \u00f4n t\u1eadp \u0111\u1ec3 chu\u1ea9n b\u1ecb tham gia c\u00e1c k\u1ef3 thi \u0111\u00e1nh n\u0103ng l\u1ef1c Ti\u1ebfng Vi\u1ec7t 6 b\u1eadc (A1, A2, B1, B2, C1, C2), OPI, OPIc\u2026.. Sau khi k\u1ebft th\u00fac kho\u00e1 h\u1ecdc, h\u1ecdc vi\u00ean s\u1ebd \u0111\u1ea1t \u0111\u01b0\u1ee3c: \\n\u2022 N\u1eafm ch\u1eafc \u0111\u01b0\u1ee3c c\u1ea5u tr\u00fac v\u00e0 m\u00f4-tip ra \u0111\u1ec1 c\u1ee7a \u0111\u1ec1 thi ti\u1ebfng Vi\u1ec7t.\\n\u2022 C\u00f3 k\u0129 n\u0103ng x\u1eed l\u00fd th\u1eddi gian l\u00e0m b\u00e0i v\u00e0 ki\u1ebfn th\u1ee9c \u0111\u1ec3 t\u1ef1 tin l\u00e0m b\u00e0i thi ti\u1ebfng Vi\u1ec7t \\n\u2022 H\u1ecdc vi\u00ean s\u1ebd \u0111\u01b0\u1ee3c trung t\u00e2m h\u1ed7 tr\u1ee3 v\u1ec1 th\u1ee7 t\u1ee5c \u0111\u0103ng k\u00fd thi.&quot;}\" data-sheets-userformat=\"{&quot;2&quot;:7107,&quot;3&quot;:{&quot;1&quot;:0},&quot;4&quot;:{&quot;1&quot;:3,&quot;3&quot;:2},&quot;9&quot;:0,&quot;10&quot;:1,&quot;11&quot;:4,&quot;12&quot;:0,&quot;14&quot;:{&quot;1&quot;:2,&quot;2&quot;:0},&quot;15&quot;:&quot;Arial&quot;}\">Kho\u00e1 h\u1ecdc d\u00e0nh cho h\u1ecdc vi\u00ean c\u00f3 nhu c\u1ea7u \u00f4n t\u1eadp \u0111\u1ec3 chu\u1ea9n b\u1ecb tham gia c\u00e1c k\u1ef3 thi \u0111\u00e1nh n\u0103ng l\u1ef1c Ti\u1ebfng Vi\u1ec7t 6 b\u1eadc (A1, A2, B1, B2, C1, C2), OPI, OPIc\u2026.. Sau khi k\u1ebft th\u00fac kho\u00e1 h\u1ecdc, h\u1ecdc vi\u00ean s\u1ebd \u0111\u1ea1t \u0111\u01b0\u1ee3c:<br \/>\n\u2022 N\u1eafm ch\u1eafc \u0111\u01b0\u1ee3c c\u1ea5u tr\u00fac v\u00e0 m\u00f4-tip ra \u0111\u1ec1 c\u1ee7a \u0111\u1ec1 thi ti\u1ebfng Vi\u1ec7t.<br \/>\n\u2022 C\u00f3 k\u0129 n\u0103ng x\u1eed l\u00fd th\u1eddi gian l\u00e0m b\u00e0i v\u00e0 ki\u1ebfn th\u1ee9c \u0111\u1ec3 t\u1ef1 tin l\u00e0m b\u00e0i thi ti\u1ebfng Vi\u1ec7t<br \/>\n\u2022 H\u1ecdc vi\u00ean s\u1ebd \u0111\u01b0\u1ee3c trung t\u00e2m h\u1ed7 tr\u1ee3 v\u1ec1 th\u1ee7 t\u1ee5c \u0111\u0103ng k\u00fd thi.<\/span><\/p>\n<div class=\"cmsmasters_text\">\n<div class=\"cmsmasters_text\">\n<p><span style=\"color: #ff6600;\"><strong>IV, GI\u00c1O VI\u00caN<\/strong><\/span><\/p>\n<p>+ C\u00f4 gi\u00e1o: c\u00f3 kinh nghi\u1ec7m t\u1ed1i thi\u1ec3u 2 n\u0103m trong vi\u1ec7c gi\u1ea3ng d\u1ea1y ti\u1ebfng Vi\u1ec7t.<\/p>\n<p>+ Tr\u1ee3 gi\u1ea3ng: c\u00f3 tr\u00e1ch nhi\u1ec7m \u00f4n b\u00e0i cho h\u1ecdc vi\u00ean, ch\u1ec9nh ph\u00e1t \u00e2m v\u00e0 gi\u00fap h\u1ecdc vi\u00ean t\u1ea1o n\u00f3i th\u00e0nh c\u00e2u ho\u00e0n ch\u1ec9nh.<\/p>\n<p><span style=\"color: #ff6600;\"><strong>V, C\u00c1C K\u1ef2 THI \u0110\u00c1NH GI\u00c1 N\u0102NG L\u1ef0C.<\/strong><\/span><\/p>\n<p>Khi h\u1ecdc xong kho\u00e1 h\u1ecdc ti\u1ebfng Vi\u1ec7t luy\u1ec7n thi ch\u1ee9ng ch\u1ec9, h\u1ecdc vi\u00ean c\u00f3 th\u1ec3 tham c\u00e1c k\u1ef3 thi \u0111\u1ec3 \u0111\u00e1nh gi\u00e1 n\u0103ng l\u1ef1c.<\/p>\n<p><strong>1. VINATEST<\/strong>\u00a0\u2013 K\u00ec thi \u0111\u00e1nh gi\u00e1 n\u0103ng l\u1ef1c Ti\u1ebfng Vi\u1ec7t, \u0110\u1ea1i h\u1ecdc H\u00e0 N\u1ed9i<\/p>\n<p><strong>2. NLTV<\/strong> \u2013 K\u00ec thi n\u0103ng l\u1ef1c Ti\u1ebfng Vi\u1ec7t (VNS) \u0110\u1ea1i h\u1ecdc Khoa h\u1ecdc x\u00e3 h\u1ed9i v\u00e0 nh\u00e2n v\u0103n \u2013 \u0110\u1ea1i h\u1ecdc qu\u1ed1c gia th\u00e0nh ph\u1ed1 H\u1ed3 Ch\u00ed Minh.<\/p>\n<p><strong>3. VIETEST<\/strong> \u2013 H\u1ec7 th\u1ed1ng \u0111\u00e1nh gi\u00e1 n\u0103ng l\u1ef1c ti\u1ebfng Vi\u1ec7t cho ng\u01b0\u1eddi n\u01b0\u1edbc ngo\u00e0i, \u0110\u1ea1i h\u1ecdc Khoa h\u1ecdc x\u00e3 h\u1ed9i v\u00e0 nh\u00e2n v\u0103n \u2013 \u0110\u1ea1i h\u1ecdc qu\u1ed1c gia H\u00e0 N\u1ed9i.<\/p>\n<\/div>\n<p><a href=\"https:\/\/docs.google.com\/forms\/d\/e\/1FAIpQLSfhMpeeESCZxWBpzAEON90KEI63Pet_GfDQSwCsE-9Kz77JXA\/viewform\">\u0110\u0103ng k\u00fd l\u1edbp h\u1ecdc th\u1eed mi\u1ec5n ph\u00ed T\u1ea0I \u0110\u00c2Y<\/a><\/p>\n<div>\n<p><strong><span style=\"color: #f99b1c;\">HANOI LANGUAGE &amp;\u00a0CULTURE ACADEMY<\/span><\/strong><\/p>\n<p>M\u1ecdi chi ti\u1ebft th\u1eafc m\u1eafc vui l\u00f2ng li\u00ean h\u1ec7 v\u1edbi Hanoi L&amp;C Academy qua c\u00e1c k\u00eanh sau:<\/p>\n<p>? Email: info.hanoiacademy@gmail.com<\/p>\n<p>? \u0110\u1ecba ch\u1ec9: CT4, Khu \u0111\u00f4 th\u1ecb M\u1ef9 \u0110\u00ecnh &#8211; S\u00f4ng \u0110\u00e0, Nam T\u1eeb Li\u00eam, H\u00e0 N\u1ed9i<\/p>\n<p>? Hotline\/Zalo\/WhasApp: +84 38 8383 789<\/p>\n<p>? ID Kakaotalk: Thuylinh590<\/p>\n<p>? Fanapge: https:\/\/www.facebook.com\/hanoiacademi<\/p>\n<p>? Instagram: hanoi.vietnamese<\/p>\n<p>? Tiktok: @hanoi.academy<\/p>\n<\/div>\n<\/div>\n<\/div>\n","protected":false},"excerpt":{"rendered":"<p>I, L\u1ecaCH KHAI GI\u1ea2NG L\u1ecbch khai gi\u1ea3ng th\u00e1ng m\u1edbi \u1edf \u0110\u00c2Y II, TH\u00d4NG TIN KHO\u00c1 H\u1eccC\u00a0 Kho\u00e1 h\u1ecdc H\u00ecnh th\u1ee9c h\u1ecdc S\u1ed1 l\u01b0\u1ee3ng h\u1ecdc vi\u00ean B\u00e0i gi\u1ea3ng B\u00e0i ki\u1ec3m tra Luy\u1ec7n thi ch\u1ee9ng ch\u1ec9 Online Offline Gia s\u01b0 H\u1ecdc 1:1 H\u1ecdc nh\u00f3m 12 b\u00e0i 2 b\u00e0i III, M\u1ee4C TI\u00caU KHO\u00c1 H\u1eccC. Kho\u00e1 h\u1ecdc d\u00e0nh cho&#8230;<\/p>\n","protected":false},"featured_media":3130,"comment_status":"open","ping_status":"closed","template":"","meta":[],"product_cat":[77],"product_tag":[],"yoast_head":"<!-- This site is optimized with the Yoast SEO plugin v17.7.1 - https:\/\/yoast.com\/wordpress\/plugins\/seo\/ -->\n<title>LUY\u1ec6N THI CH\u1ee8NG CH\u1ec8 TI\u1ebeNG VI\u1ec6T - Language School<\/title>\n<meta name=\"robots\" content=\"index, follow, max-snippet:-1, max-image-preview:large, max-video-preview:-1\" \/>\n<link rel=\"canonical\" href=\"https:\/\/hanoilanguage.vn\/vn\/vietnamese\/luyen-thi-chung-chi-tieng-viet\/\" \/>\n<meta property=\"og:locale\" content=\"en_US\" \/>\n<meta property=\"og:type\" content=\"article\" \/>\n<meta property=\"og:title\" content=\"LUY\u1ec6N THI CH\u1ee8NG CH\u1ec8 TI\u1ebeNG VI\u1ec6T - Language School\" \/>\n<meta property=\"og:description\" content=\"I, L\u1ecaCH KHAI GI\u1ea2NG L\u1ecbch khai gi\u1ea3ng th\u00e1ng m\u1edbi \u1edf \u0110\u00c2Y II, TH\u00d4NG TIN KHO\u00c1 H\u1eccC\u00a0 Kho\u00e1 h\u1ecdc H\u00ecnh th\u1ee9c h\u1ecdc S\u1ed1 l\u01b0\u1ee3ng h\u1ecdc vi\u00ean B\u00e0i gi\u1ea3ng B\u00e0i ki\u1ec3m tra Luy\u1ec7n thi ch\u1ee9ng ch\u1ec9 Online Offline Gia s\u01b0 H\u1ecdc 1:1 H\u1ecdc nh\u00f3m 12 b\u00e0i 2 b\u00e0i III, M\u1ee4C TI\u00caU KHO\u00c1 H\u1eccC. Kho\u00e1 h\u1ecdc d\u00e0nh cho...\" \/>\n<meta property=\"og:url\" content=\"https:\/\/hanoilanguage.vn\/vn\/vietnamese\/luyen-thi-chung-chi-tieng-viet\/\" \/>\n<meta property=\"og:site_name\" content=\"Language School\" \/>\n<meta property=\"article:modified_time\" content=\"2025-08-08T11:03:18+00:00\" \/>\n<meta property=\"og:image\" content=\"https:\/\/hanoilanguage.vn\/vn\/wp-content\/uploads\/2021\/11\/9-1.jpg\" \/>\n\t<meta property=\"og:image:width\" content=\"1280\" \/>\n\t<meta property=\"og:image:height\" content=\"960\" \/>\n<meta name=\"twitter:card\" content=\"summary_large_image\" \/>\n<meta name=\"twitter:label1\" content=\"Est. reading time\" \/>\n\t<meta name=\"twitter:data1\" content=\"2 minutes\" \/>\n<script type=\"application\/ld+json\" class=\"yoast-schema-graph\">{\"@context\":\"https:\/\/schema.org\",\"@graph\":[{\"@type\":\"WebSite\",\"@id\":\"https:\/\/hanoilanguage.vn\/vn\/#website\",\"url\":\"https:\/\/hanoilanguage.vn\/vn\/\",\"name\":\"Language School\",\"description\":\"HTH\",\"potentialAction\":[{\"@type\":\"SearchAction\",\"target\":{\"@type\":\"EntryPoint\",\"urlTemplate\":\"https:\/\/hanoilanguage.vn\/vn\/?s={search_term_string}\"},\"query-input\":\"required name=search_term_string\"}],\"inLanguage\":\"en-US\"},{\"@type\":\"ImageObject\",\"@id\":\"https:\/\/hanoilanguage.vn\/vn\/vietnamese\/luyen-thi-chung-chi-tieng-viet\/#primaryimage\",\"inLanguage\":\"en-US\",\"url\":\"https:\/\/hanoilanguage.vn\/vn\/wp-content\/uploads\/2021\/11\/9-1.jpg\",\"contentUrl\":\"https:\/\/hanoilanguage.vn\/vn\/wp-content\/uploads\/2021\/11\/9-1.jpg\",\"width\":1280,\"height\":960},{\"@type\":\"WebPage\",\"@id\":\"https:\/\/hanoilanguage.vn\/vn\/vietnamese\/luyen-thi-chung-chi-tieng-viet\/#webpage\",\"url\":\"https:\/\/hanoilanguage.vn\/vn\/vietnamese\/luyen-thi-chung-chi-tieng-viet\/\",\"name\":\"LUY\\u1ec6N THI CH\\u1ee8NG CH\\u1ec8 TI\\u1ebeNG VI\\u1ec6T - Language School\",\"isPartOf\":{\"@id\":\"https:\/\/hanoilanguage.vn\/vn\/#website\"},\"primaryImageOfPage\":{\"@id\":\"https:\/\/hanoilanguage.vn\/vn\/vietnamese\/luyen-thi-chung-chi-tieng-viet\/#primaryimage\"},\"datePublished\":\"2021-11-18T02:19:18+00:00\",\"dateModified\":\"2025-08-08T11:03:18+00:00\",\"breadcrumb\":{\"@id\":\"https:\/\/hanoilanguage.vn\/vn\/vietnamese\/luyen-thi-chung-chi-tieng-viet\/#breadcrumb\"},\"inLanguage\":\"en-US\",\"potentialAction\":[{\"@type\":\"ReadAction\",\"target\":[\"https:\/\/hanoilanguage.vn\/vn\/vietnamese\/luyen-thi-chung-chi-tieng-viet\/\"]}]},{\"@type\":\"BreadcrumbList\",\"@id\":\"https:\/\/hanoilanguage.vn\/vn\/vietnamese\/luyen-thi-chung-chi-tieng-viet\/#breadcrumb\",\"itemListElement\":[{\"@type\":\"ListItem\",\"position\":1,\"name\":\"Home\",\"item\":\"https:\/\/hanoilanguage.vn\/vn\/\"},{\"@type\":\"ListItem\",\"position\":2,\"name\":\"Courses &#8211; 2\",\"item\":\"https:\/\/hanoilanguage.vn\/vn\/courses-2\/\"},{\"@type\":\"ListItem\",\"position\":3,\"name\":\"LUY\\u1ec6N THI CH\\u1ee8NG CH\\u1ec8 TI\\u1ebeNG VI\\u1ec6T\"}]}]}<\/script>\n<!-- \/ Yoast SEO plugin. -->","yoast_head_json":{"title":"LUY\u1ec6N THI CH\u1ee8NG CH\u1ec8 TI\u1ebeNG VI\u1ec6T - Language School","robots":{"index":"index","follow":"follow","max-snippet":"max-snippet:-1","max-image-preview":"max-image-preview:large","max-video-preview":"max-video-preview:-1"},"canonical":"https:\/\/hanoilanguage.vn\/vn\/vietnamese\/luyen-thi-chung-chi-tieng-viet\/","og_locale":"en_US","og_type":"article","og_title":"LUY\u1ec6N THI CH\u1ee8NG CH\u1ec8 TI\u1ebeNG VI\u1ec6T - Language School","og_description":"I, L\u1ecaCH KHAI GI\u1ea2NG L\u1ecbch khai gi\u1ea3ng th\u00e1ng m\u1edbi \u1edf \u0110\u00c2Y II, TH\u00d4NG TIN KHO\u00c1 H\u1eccC\u00a0 Kho\u00e1 h\u1ecdc H\u00ecnh th\u1ee9c h\u1ecdc S\u1ed1 l\u01b0\u1ee3ng h\u1ecdc vi\u00ean B\u00e0i gi\u1ea3ng B\u00e0i ki\u1ec3m tra Luy\u1ec7n thi ch\u1ee9ng ch\u1ec9 Online Offline Gia s\u01b0 H\u1ecdc 1:1 H\u1ecdc nh\u00f3m 12 b\u00e0i 2 b\u00e0i III, M\u1ee4C TI\u00caU KHO\u00c1 H\u1eccC. Kho\u00e1 h\u1ecdc d\u00e0nh cho...","og_url":"https:\/\/hanoilanguage.vn\/vn\/vietnamese\/luyen-thi-chung-chi-tieng-viet\/","og_site_name":"Language School","article_modified_time":"2025-08-08T11:03:18+00:00","og_image":[{"width":1280,"height":960,"url":"https:\/\/hanoilanguage.vn\/vn\/wp-content\/uploads\/2021\/11\/9-1.jpg","type":"image\/jpeg"}],"twitter_card":"summary_large_image","twitter_misc":{"Est. reading time":"2 minutes"},"schema":{"@context":"https:\/\/schema.org","@graph":[{"@type":"WebSite","@id":"https:\/\/hanoilanguage.vn\/vn\/#website","url":"https:\/\/hanoilanguage.vn\/vn\/","name":"Language School","description":"HTH","potentialAction":[{"@type":"SearchAction","target":{"@type":"EntryPoint","urlTemplate":"https:\/\/hanoilanguage.vn\/vn\/?s={search_term_string}"},"query-input":"required name=search_term_string"}],"inLanguage":"en-US"},{"@type":"ImageObject","@id":"https:\/\/hanoilanguage.vn\/vn\/vietnamese\/luyen-thi-chung-chi-tieng-viet\/#primaryimage","inLanguage":"en-US","url":"https:\/\/hanoilanguage.vn\/vn\/wp-content\/uploads\/2021\/11\/9-1.jpg","contentUrl":"https:\/\/hanoilanguage.vn\/vn\/wp-content\/uploads\/2021\/11\/9-1.jpg","width":1280,"height":960},{"@type":"WebPage","@id":"https:\/\/hanoilanguage.vn\/vn\/vietnamese\/luyen-thi-chung-chi-tieng-viet\/#webpage","url":"https:\/\/hanoilanguage.vn\/vn\/vietnamese\/luyen-thi-chung-chi-tieng-viet\/","name":"LUY\u1ec6N THI CH\u1ee8NG CH\u1ec8 TI\u1ebeNG VI\u1ec6T - Language School","isPartOf":{"@id":"https:\/\/hanoilanguage.vn\/vn\/#website"},"primaryImageOfPage":{"@id":"https:\/\/hanoilanguage.vn\/vn\/vietnamese\/luyen-thi-chung-chi-tieng-viet\/#primaryimage"},"datePublished":"2021-11-18T02:19:18+00:00","dateModified":"2025-08-08T11:03:18+00:00","breadcrumb":{"@id":"https:\/\/hanoilanguage.vn\/vn\/vietnamese\/luyen-thi-chung-chi-tieng-viet\/#breadcrumb"},"inLanguage":"en-US","potentialAction":[{"@type":"ReadAction","target":["https:\/\/hanoilanguage.vn\/vn\/vietnamese\/luyen-thi-chung-chi-tieng-viet\/"]}]},{"@type":"BreadcrumbList","@id":"https:\/\/hanoilanguage.vn\/vn\/vietnamese\/luyen-thi-chung-chi-tieng-viet\/#breadcrumb","itemListElement":[{"@type":"ListItem","position":1,"name":"Home","item":"https:\/\/hanoilanguage.vn\/vn\/"},{"@type":"ListItem","position":2,"name":"Courses &#8211; 2","item":"https:\/\/hanoilanguage.vn\/vn\/courses-2\/"},{"@type":"ListItem","position":3,"name":"LUY\u1ec6N THI CH\u1ee8NG CH\u1ec8 TI\u1ebeNG VI\u1ec6T"}]}]}},"_links":{"self":[{"href":"https:\/\/hanoilanguage.vn\/vn\/wp-json\/wp\/v2\/product\/1013"}],"collection":[{"href":"https:\/\/hanoilanguage.vn\/vn\/wp-json\/wp\/v2\/product"}],"about":[{"href":"https:\/\/hanoilanguage.vn\/vn\/wp-json\/wp\/v2\/types\/product"}],"replies":[{"embeddable":true,"href":"https:\/\/hanoilanguage.vn\/vn\/wp-json\/wp\/v2\/comments?post=1013"}],"wp:featuredmedia":[{"embeddable":true,"href":"https:\/\/hanoilanguage.vn\/vn\/wp-json\/wp\/v2\/media\/3130"}],"wp:attachment":[{"href":"https:\/\/hanoilanguage.vn\/vn\/wp-json\/wp\/v2\/media?parent=1013"}],"wp:term":[{"taxonomy":"product_cat","embeddable":true,"href":"https:\/\/hanoilanguage.vn\/vn\/wp-json\/wp\/v2\/product_cat?post=1013"},{"taxonomy":"product_tag","embeddable":true,"href":"https:\/\/hanoilanguage.vn\/vn\/wp-json\/wp\/v2\/product_tag?post=1013"}],"curies":[{"name":"wp","href":"https:\/\/api.w.org\/{rel}","templated":true}]}}