{"id":1010,"date":"2021-11-18T09:19:14","date_gmt":"2021-11-18T02:19:14","guid":{"rendered":"https:\/\/hanoilanguage.vn\/vn\/?post_type=product&#038;p=1010"},"modified":"2025-08-09T11:45:52","modified_gmt":"2025-08-09T04:45:52","slug":"tieng-anh-giao-tiep","status":"publish","type":"product","link":"https:\/\/hanoilanguage.vn\/vn\/english\/tieng-anh-giao-tiep\/","title":{"rendered":"TI\u1ebeNG ANH GIAO TI\u1ebeP"},"content":{"rendered":"<p><span style=\"font-size: 150%; color: #f99b1c;\"><b>KHO\u00c1 H\u1eccC TI\u1ebeNG ANH GIAO TI\u1ebeP ONLINE 1:1 V\u1edaI GI\u00c1O VI\u00caN PHILIPPINES<\/b><\/span><\/p>\n<p><span style=\"color: #f99b1c;\"><b><strong>1. T\u1ea0I SAO N\u00caN H\u1eccC ONLINE 1:1 V\u1edaI GI\u00c1O VI\u00caN PHILIPPINES?\u00a0<\/strong><\/b><\/span><\/p>\n<p><b>H\u1eccC TI\u1ebeNG ANH ONLINE HI\u1ec6U QU\u1ea2\u00a0&#8211; TI\u1ebeT KI\u1ec6M CHI PH\u00cd V\u00c0 TH\u1edcI GIAN LINH HO\u1ea0T<\/b><\/p>\n<p>H\u1ecdc ti\u1ebfng Anh hi\u1ec7u qu\u1ea3 &#8211; Ti\u1ebft ki\u1ec7m chi ph\u00ed v\u00e0 th\u1eddi gian linh ho\u1ea1t.<\/p>\n<p>\u25a0 H\u1ecdc ti\u1ebfng Anh Online v\u1edbi Hanoi L&amp;C Academy, b\u1ea1n s\u1ebd \u0111\u01b0\u1ee3c t\u01b0\u01a1ng t\u00e1c tr\u1ef1c ti\u1ebfp 1 k\u00e8m 1 v\u1edbi gi\u00e1o vi\u00ean n\u01b0\u1edbc ngo\u00e0i m\u1ed7i ng\u00e0y.<\/p>\n<p>\u25a0 Qu\u00ean \u0111i n\u1ed7i s\u1ee3 h\u00e3i n\u00f3i ti\u1ebfng Anh \u2013 t\u1ef1 tin ph\u00e1t \u00e2m chu\u1ea9n \u2013 \u0111\u00fang ng\u1eef \u0111i\u1ec7u nh\u01b0 ng\u01b0\u1eddi b\u1ea3n x\u1ee9.<\/p>\n<p>\u25a0 C\u00f3 m\u00f4i tr\u01b0\u1eddng n\u00f3i ti\u1ebfng Anh v\u1edbi gi\u00e1o vi\u00ean n\u01b0\u1edbc ngo\u00e0i m\u00e0 kh\u00f4ng ph\u1ea3i m\u1ea5t th\u1eddi gian v\u00e0 chi ph\u00ed di chuy\u1ec3n.<\/p>\n<p>\u25a0 B\u1ea1n s\u1ebd \u0111\u01b0\u1ee3c linh \u0111\u1ed9ng trong vi\u1ec7c l\u1ef1a ch\u1ecdn l\u1ecbch h\u1ecdc ph\u00f9 h\u1ee3p v\u1edbi th\u1eddi gian c\u1ee7a m\u00ecnh.<\/p>\n<p>\u25a0 Ch\u1ee7 \u0111\u1ed9ng v\u1edbi kh\u00f4ng gian h\u1ecdc, b\u1ea1n c\u00f3 th\u1ec3 l\u1ef1a ch\u1ecdn n\u01a1i h\u1ecdc khi\u1ebfn m\u00ecnh tho\u1ea3i m\u00e1i nh\u1ea5t.<\/p>\n<p>\u25a0 C\u00e1c kh\u00f3a h\u1ecdc \u0111\u01b0\u1ee3c thi\u1ebft k\u1ebf \u0111a d\u1ea1ng, ph\u00f9 h\u1ee3p v\u1edbi m\u1ecdi \u0111\u1ed1i t\u01b0\u1ee3ng.<\/p>\n<p style=\"font-weight: 400;\"><span style=\"color: #f99b1c;\"><b><strong>2. L\u1ed8 TR\u00ccNH H\u1eccC\u00a0<\/strong><\/b><\/span><\/p>\n<p style=\"font-weight: 400;\">L\u1ed9 tr\u00ecnh h\u1ecdc ti\u1ebfng Anh d\u00e0nh cho ng\u01b0\u1eddi l\u1edbn d\u1ef1a v\u00e0o tham chi\u1ebfu khung tr\u00ecnh \u0111\u1ed9 ngo\u1ea1i ng\u1eef chung Ch\u00e2u \u00c2u CEFR \u2013 Common European Framework of Reference) V\u00e0 Cambridge chia th\u00e0nh 7 c\u1ea5p \u0111\u1ed9. Trong \u0111\u00f3:<\/p>\n<p><img loading=\"lazy\" class=\"size-medium wp-image-1900 aligncenter\" src=\"https:\/\/hanoilanguage.vn\/vn\/wp-content\/uploads\/2021\/11\/CEFR-ADULT-562x400.jpg\" alt=\"\" width=\"562\" height=\"400\" srcset=\"https:\/\/hanoilanguage.vn\/vn\/wp-content\/uploads\/2021\/11\/CEFR-ADULT-562x400.jpg 562w, https:\/\/hanoilanguage.vn\/vn\/wp-content\/uploads\/2021\/11\/CEFR-ADULT-1124x800.jpg 1124w, https:\/\/hanoilanguage.vn\/vn\/wp-content\/uploads\/2021\/11\/CEFR-ADULT-768x547.jpg 768w, https:\/\/hanoilanguage.vn\/vn\/wp-content\/uploads\/2021\/11\/CEFR-ADULT-300x214.jpg 300w, https:\/\/hanoilanguage.vn\/vn\/wp-content\/uploads\/2021\/11\/CEFR-ADULT-600x427.jpg 600w, https:\/\/hanoilanguage.vn\/vn\/wp-content\/uploads\/2021\/11\/CEFR-ADULT.jpg 1250w\" sizes=\"(max-width: 562px) 100vw, 562px\" \/><\/p>\n<p><em>\u00a0 \u00a0 \u00a0 \u00a0 \u00a0 \u00a0 \u00a0 \u00a0 \u00a0 \u00a0 \u00a0 \u00a0 \u00a0 \u00a0 \u00a0 \u00a0 \u00a0 \u00a0 \u00a0 \u00a0 \u00a0 \u00a0 Khung chi\u1ebfu khung tr\u00ecnh \u0111\u1ed9 ngo\u1ea1i ng\u1eef chung Ch\u00e2u \u00c2u CEFR<\/em><\/p>\n<ul>\n<li style=\"text-align: justify;\"><strong><span style=\"color: #f99b1c;\">LEVEL 1- ELEMENTARY (A1<\/span>):<\/strong> H\u1ecdc vi\u00ean c\u00f3 th\u1ec3 hi\u1ec3u, s\u1eed d\u1ee5ng c\u00e1c c\u1ea5u tr\u00fac quen thu\u1ed9c th\u01b0\u1eddng nh\u1eadt; c\u00e1c t\u1eeb ng\u1eef c\u01a1 b\u1ea3n \u0111\u00e1p \u1ee9ng nhu c\u1ea7u giao ti\u1ebfp c\u1ee5 th\u1ec3. C\u00f3 th\u1ec3 t\u1ef1 gi\u1edbi thi\u1ec7u b\u1ea3n th\u00e2n v\u00e0 ng\u01b0\u1eddi kh\u00e1c hay tr\u1ea3 l\u1eddi nh\u1eefng th\u00f4ng tin v\u1ec1 b\u1ea3n th\u00e2n nh\u01b0 n\u01a1i s\u1ed1ng, qu\u00ea h\u01b0\u01a1ng, ng\u01b0\u1eddi th\u00e2n\/b\u1ea1n b\u00e8 v.v\u2026 C\u00f3 th\u1ec3 giao ti\u1ebfp \u0111\u01a1n gi\u1ea3n n\u1ebfu ng\u01b0\u1eddi \u0111\u1ed1i tho\u1ea1i n\u00f3i ch\u1eadm, r\u00f5 r\u00e0ng v\u00e0 s\u1eb5n s\u00e0ng h\u1ee3p t\u00e1c gi\u00fap \u0111\u1ee1.<\/li>\n<li style=\"text-align: justify;\"><span style=\"color: #f99b1c;\"><strong>LEVEL 2- PRE-INTERMEDIATE (A2):<\/strong> <\/span>H\u1ecdc vi\u00ean s\u1ebd hi\u1ec3u v\u00e0 s\u1eed d\u1ee5ng \u0111\u01b0\u1ee3c c\u00e1c ng\u1eef ph\u00e1p v\u00e0 t\u1eeb v\u1ef1ng\u00a0 li\u00ean quan \u0111\u1ebfn nhu c\u1ea7u giao ti\u1ebfp c\u01a1 b\u1ea3n (nh\u01b0 c\u00e1c th\u00f4ng tin v\u1ec1 gia \u0111\u00ecnh, b\u1ea3n th\u00e2n, mua s\u1eafm, h\u1ecfi \u0111\u01b0\u1eddng, vi\u1ec7c l\u00e0m,&#8230;). C\u00f3 kh\u1ea3 n\u0103ng trao \u0111\u1ed5i th\u00f4ng tin v\u1edbi nh\u1eefng ch\u1ee7 \u0111\u1ec1 \u0111\u01a1n gi\u1ea3n, quen thu\u1ed9c h\u1eb1ng ng\u00e0y hay m\u00f4 t\u1ea3 v\u1ec1 b\u1ea3n th\u00e2n, m\u00f4i tr\u01b0\u1eddng xung quanh v\u00e0 nh\u1eefng v\u1ea5n \u0111\u1ec1 thu\u1ed9c nhu c\u1ea7u thi\u1ebft y\u1ebfu.<\/li>\n<li style=\"text-align: justify;\"><span style=\"color: #f99b1c;\"><strong>LEVEL 3- INTERMEDIATE (B1):<\/strong><\/span> H\u1ecdc vi\u00ean c\u00f3 th\u1ec3 hi\u1ec3u \u0111\u01b0\u1ee3c c\u00e1c \u00fd ch\u00ednh c\u1ee7a m\u1ed9t \u0111o\u1ea1n v\u0103n hay b\u00e0i ph\u00e1t bi\u1ec3u chu\u1ea9n m\u1ef1c, r\u00f5 r\u00e0ng v\u1ec1 c\u00e1c ch\u1ee7 \u0111\u1ec1 trong c\u00f4ng vi\u1ec7c, tr\u01b0\u1eddng h\u1ecdc, gi\u1ea3i tr\u00ed, v.v&#8230; v\u00e0 c\u00f3 n\u0103ng l\u1ef1c x\u1eed l\u00fd h\u1ea7u h\u1ebft c\u00e1c t\u00ecnh hu\u1ed1ng x\u1ea3y ra khi \u0111\u1ebfn khu v\u1ef1c c\u00f3 s\u1eed d\u1ee5ng ng\u00f4n ng\u1eef \u0111\u00f3. C\u00f3 th\u1ec3 vi\u1ebft \u0111o\u1ea1n v\u0103n \u0111\u01a1n gi\u1ea3n li\u00ean quan \u0111\u1ebfn c\u00e1c ch\u1ee7 \u0111\u1ec1 quen thu\u1ed9c ho\u1eb7c c\u00e1 nh\u00e2n quan t\u00e2m hay m\u00f4 t\u1ea3 \u0111\u01b0\u1ee3c nh\u1eefng kinh nghi\u1ec7m, s\u1ef1 ki\u1ec7n, gi\u1ea5c m\u01a1, hy v\u1ecdng, ho\u00e0i b\u00e3o, c\u00f3 th\u1ec3 tr\u00ecnh b\u00e0y ng\u1eafn g\u1ecdn c\u00e1c l\u00fd do, gi\u1ea3i th\u00edch \u00fd ki\u1ebfn v\u00e0 k\u1ebf ho\u1ea1ch c\u1ee7a m\u00ecnh.<\/li>\n<li style=\"text-align: justify;\"><span style=\"color: #f99b1c;\"><strong>LEVEL 4 &#8211; UPPER- INTERMEDIATE (B2)<\/strong>:<\/span> H\u1ecdc vi\u00ean c\u00f3 th\u1ec3 hi\u1ec3u t\u01b0\u01a1ng \u0111\u1ed1i s\u00e2u s\u1eafc c\u1ee7a v\u0103n b\u1ea3n v\u1ec1 c\u00e1c ch\u1ee7 \u0111\u1ec1 c\u00f3 t\u00ednh chuy\u00ean ng\u00e0nh v\u00e0 tr\u1eebu t\u01b0\u1ee3ng. C\u00f3 kh\u1ea3 n\u0103ng giao ti\u1ebfp \u1edf m\u1ee9c \u0111\u1ed9 tr\u00f4i ch\u1ea3y, t\u1ef1 nhi\u00ean v\u1edbi ng\u01b0\u1eddi b\u1ea3n ng\u1eef. Ngo\u00e0i ra, ng\u01b0\u1eddi h\u1ecdc c\u00f2n c\u00f3 th\u1ec3 vi\u1ebft \u0111\u01b0\u1ee3c c\u00e1c v\u0103n b\u1ea3n r\u00f5 r\u00e0ng, chi ti\u1ebft v\u1edbi nhi\u1ec1u ch\u1ee7 \u0111\u1ec1 kh\u00e1c nhau v\u00e0 c\u00f3 th\u1ec3 \u0111\u01b0a ra, \u0111\u00e1nh gi\u00e1 quan \u0111i\u1ec3m \u0111\u1ed1i v\u1edbi m\u1ed7i v\u1ea5n \u0111\u1ec1.<\/li>\n<li style=\"text-align: justify;\"><span style=\"color: #f99b1c;\"><strong>LEVEL 5 &#8211; ADVANCED (C1<\/strong>):<\/span> H\u1ecdc vi\u00ean c\u00f3 th\u1ec3 hi\u1ec3u v\u00e0 nh\u1eadn bi\u1ebft \u0111\u01b0\u1ee3c h\u00e0m \u00fd c\u1ee7a c\u00e1c v\u0103n b\u1ea3n d\u00e0i v\u1edbi ph\u1ea1m vi r\u1ed9ng. Ng\u01b0\u1eddi h\u1ecdc c\u00f3 kh\u1ea3 n\u0103ng di\u1ec5n \u0111\u1ea1t tr\u00f4i ch\u1ea3y, ph\u1ea3n x\u1ea1 nhanh ch\u00f3ng v\u00e0 kh\u00f4ng g\u1eb7p kh\u00f3 kh\u0103n trong vi\u1ec7c di\u1ec5n \u0111\u1ea1t. C\u00f3 th\u1ec3 s\u1eed d\u1ee5ng ng\u00f4n ng\u1eef linh ho\u1ea1t v\u00e0 hi\u1ec7u qu\u1ea3 ph\u1ee5c v\u1ee5 c\u00e1c m\u1ee5c \u0111\u00edch x\u00e3 h\u1ed9i, h\u1ecdc thu\u1eadt v\u00e0 chuy\u00ean m\u00f4n. C\u00f3 th\u1ec3 vi\u1ebft r\u00f5 r\u00e0ng, ch\u1eb7t ch\u1ebd, chi ti\u1ebft v\u1ec1 c\u00e1c ch\u1ee7 \u0111\u1ec1 ph\u1ee9c t\u1ea1p, th\u1ec3 hi\u1ec7n \u0111\u01b0\u1ee3c kh\u1ea3 n\u0103ng t\u1ed5 ch\u1ee9c v\u0103n b\u1ea3n, s\u1eed d\u1ee5ng t\u1ed1t t\u1eeb ng\u1eef n\u1ed1i c\u00e2u v\u00e0 c\u00e1c c\u00f4ng c\u1ee5 li\u00ean k\u1ebft.<\/li>\n<li style=\"text-align: justify;\"><span style=\"color: #f99b1c;\"><strong>LEVEL 6 &#8211; EXPERT (C2):<\/strong><\/span> H\u1ecdc vi\u00ean s\u1ebd hi\u1ec3u m\u1ed9t c\u00e1ch d\u1ec5 d\u00e0ng h\u1ea7u h\u1ebft v\u0103n n\u00f3i v\u00e0 vi\u1ebft. C\u00f3 k\u1ef9 n\u0103ng t\u00f3m t\u1eaft c\u00e1c ngu\u1ed3n th\u00f4ng tin n\u00f3i ho\u1eb7c vi\u1ebft, s\u1eafp x\u1ebfp l\u1ea1i th\u00f4ng tin v\u00e0 tr\u00ecnh b\u00e0y l\u1ea1i m\u1ed9t c\u00e1ch logic. C\u00f3 th\u1ec3 di\u1ec5n \u0111\u1ea1t t\u1ee9c th\u00ec, r\u1ea5t tr\u00f4i ch\u1ea3y.<\/li>\n<\/ul>\n<p style=\"font-weight: 400;\"><b><strong><span style=\"color: #f99b1c;\">3. GI\u00c1O TR\u00ccNH H\u1eccC CHO C\u00c1C C\u1ea4P \u0110\u1ed8<\/span> <\/strong><\/b><\/p>\n<p style=\"font-weight: 400;\"><strong>\u267b GI\u00c1O TR\u00ccNH INTERCHANGE<\/strong><\/p>\n<p>N\u1ed9i dung:\u00a0<b><strong>Cambridge Interchange 4th ho\u1eb7c 5th<\/strong><\/b> l\u00e0 b\u1ed9 gi\u00e1o tr\u00ecnh hay nh\u1ea5t tr\u00ean th\u1ebf gi\u1edbi d\u00e0nh cho vi\u1ec7c h\u1ecdc ti\u1ebfng anh online 1 k\u00e8m 1 c\u1ee7a sinh vi\u00ean ho\u1eb7c ng\u01b0\u1eddi \u0111i l\u00e0m. <b><strong>M\u1ed9t s\u1ed1 \u0111\u1eb7c \u0111i\u1ec3m ch\u00ednh c\u1ee7a Gi\u00e1o tr\u00ecnh Interchange Fifth Edition:<\/strong><\/b><\/p>\n<p>&#8211; L\u00e0 b\u1ed9 gi\u00e1o tr\u00ecnh \u0111a k\u1ef9 n\u0103ng \u0111\u00e3 \u0111\u01b0\u1ee3c ch\u1ee9ng minh v\u00e0 ki\u1ec3m ch\u1ee9ng.<br \/>\n&#8211; T\u1eadp trung v\u00e0o t\u00ednh ch\u00ednh x\u00e1c v\u00e0 l\u01b0u lo\u00e1t.<br \/>\n&#8211; C\u00e1c ch\u1ee7 \u0111\u1ec1 h\u1ecdc ph\u00f9 h\u1ee3p v\u1edbi th\u1ebf gi\u1edbi \u0111\u01b0\u01a1ng \u0111\u1ea1i.<br \/>\n&#8211; T\u1ef1 nhi\u00ean trong c\u00e1ch \u0111\u00e0m tho\u1ea1i.<br \/>\n&#8211; Ng\u1eef ph\u00e1p \u0111\u01b0\u1ee3c t\u00edch h\u1ee3p trong t\u1eebng ng\u1eef c\u1ea3nh giao ti\u1ebfp.<br \/>\n&#8211; C\u00e1c ho\u1ea1t \u0111\u1ed9ng nghe \u0111\u01b0\u1ee3c ch\u00fa tr\u1ecdng.<br \/>\n&#8211; L\u00e0 b\u1ed9 gi\u00e1o tr\u00ecnh lu\u00f4n ch\u00fa tr\u1ecdng \u0111\u1ebfn s\u1ef1 ch\u00ednh x\u00e1c trong ph\u00e1t \u00e2m.<\/p>\n<p><a href=\"https:\/\/hanoilanguage.vn\/vn\/book\/interchange-123\/\">&gt;&gt; Chi ti\u1ebft v\u1ec1 b\u1ed9 s\u00e1ch Interchange<\/a><\/p>\n<p style=\"font-weight: 400;\"><span style=\"color: #f99b1c;\"><strong>4. L\u1edaP H\u1eccC TH\u1eec V\u00c0 \u0110\u00c1NH GI\u00c1 TR\u00ccNH \u0110\u1ed8.<\/strong><\/span><\/p>\n<p style=\"font-weight: 400;\">C\u00e1c b\u01b0\u1edbc \u0111\u0103ng k\u00fd t\u1ea1i Hanoi L&amp;C Academy v\u00f4 c\u00f9ng \u0111\u01a1n gi\u1ea3n v\u00e0 \u0111\u01b0\u1ee3c th\u1ef1c hi\u1ec7n nhanh ch\u00f3ng tr\u00ean \u0111i\u1ec7n tho\u1ea1i\/ m\u00e1y t\u00ednh\/ laptop,&#8230; mi\u1ec5n l\u00e0 \u0111\u1ed3 c\u00f4ng ngh\u1ec7 v\u00e0 c\u00f3 th\u1ec3 truy c\u1eadp internet.<\/p>\n<p style=\"font-weight: 400;\"><span style=\"color: #f99b1c;\"><strong>B\u01b0\u1edbc 1<\/strong><\/span> &#8211; T\u01b0 v\u1ea5n v\u00e0 \u0111\u00e1nh gi\u00e1 s\u01a1 b\u1ed9 v\u1ec1 tr\u00ecnh \u0111\u1ed9 ti\u1ebfng Anh<\/p>\n<p style=\"font-weight: 400;\"><strong><span style=\"color: #f99b1c;\">B\u01b0\u1edbc 2<\/span>:<\/strong> H\u1ecdc th\u1eed v\u00e0 l\u00e0m b\u00e0i ki\u1ec3m tra \u0111\u00e1nh gi\u00e1: H\u1ecdc vi\u00ean \u0111\u01b0\u1ee3c h\u1ecdc th\u1eed 1:1 v\u1edbi gi\u00e1o vi\u00ean Philippines MI\u1ec4N PH\u00cd qua Skype trong 30 ph\u00fat \u0111\u1ec3 tr\u1ea3i nghi\u1ec7m l\u1edbp h\u1ecdc v\u00e0 \u0111\u01b0\u1ee3c \u0111\u00e1nh gi\u00e1 tr\u00ecnh \u0111\u1ed9.<\/p>\n<p style=\"font-weight: 400;\"><span style=\"color: #f99b1c;\"><strong>B\u01b0\u1edbc 3<\/strong><\/span> &#8211; Nh\u1eadn l\u1ed9 tr\u00ecnh h\u1ecdc v\u00e0 gi\u00e1o tr\u00ecnh h\u1ecdc: L\u1ed9 tr\u00ecnh v\u00e0 gi\u00e1o tr\u00ecnh h\u1ecdc s\u1ebd ph\u00f9 h\u1ee3p v\u1edbi tr\u00ecnh \u0111\u1ed9 c\u1ee7a h\u1ecdc vi\u00ean c\u0169ng nh\u01b0 mong mu\u1ed1n c\u1ee7a h\u1ecdc vi\u00ean.<\/p>\n<p style=\"font-weight: 400;\"><span style=\"color: #f99b1c;\"><strong>B\u01b0\u1edbc 4<\/strong> <\/span>&#8211; \u0110\u0103ng k\u00fd th\u1eddi gian h\u1ecdc v\u00e0 kh\u00f3a h\u1ecdc: Ng\u01b0\u1eddi h\u1ecdc ch\u1ee7 \u0111\u1ed9ng ch\u1ecdn th\u1eddi gian h\u1ecdc c\u0169ng nh\u01b0 kh\u00f3a h\u1ecdc m\u00e0 b\u1ea1n mong mu\u1ed1n.<\/p>\n<p style=\"font-weight: 400;\"><strong><span style=\"color: #f99b1c;\">B\u01b0\u1edbc 5 <\/span>&#8211;<\/strong> \u0110\u00f3ng h\u1ecdc ph\u00ed v\u00e0 b\u1eaft \u0111\u1ea7u h\u1ecdc t\u1eadp: Sau khi \u0111\u00f3ng h\u1ecdc ph\u00ed theo h\u1ecdc, h\u1ecdc vi\u00ean b\u1eaft \u0111\u1ea7u tham gia kh\u00f3a h\u1ecdc v\u00e0 c\u1ea3m nh\u1eadn s\u1ef1 thay \u0111\u1ed5i t\u1eebng ng\u00e0y.<\/p>\n<blockquote><p><span style=\"font-size: 110%;\"><a href=\"https:\/\/docs.google.com\/forms\/d\/e\/1FAIpQLSf8MxHYkmySz3wiIZFSn6e1ibYG-OglhrrEb0TlcodCf73uiQ\/viewform\">&gt;&gt; \u0110\u0103ng k\u00fd h\u1ecdc th\u1eed mi\u1ec5n ph\u00ed T\u1ea0I \u0110\u00c2Y<\/a><\/span><\/p><\/blockquote>\n<p class=\"p1\"><strong>HANOI LANGUAGE &amp;\u00a0CULTURE ACADEMY<\/strong><\/p>\n<p class=\"p1\"><b>M\u1ecdi chi ti\u1ebft th\u1eafc m\u1eafc vui l\u00f2ng li\u00ean h\u1ec7 v\u1edbi Hanoi L&amp;C Academy qua c\u00e1c k\u00eanh sau:<\/b><\/p>\n<p class=\"p2\"><span class=\"s1\">? Email:\u00a0<a href=\"mailto:info.hanoiacademy@gmail.com\"><span class=\"s2\">info.hanoiacademy@gmail.com<\/span><\/a><\/span><\/p>\n<p class=\"p1\">? \u0110\u1ecba ch\u1ec9: CT4, Khu \u0111\u00f4 th\u1ecb M\u1ef9 \u0110\u00ecnh \u2013 S\u00f4ng \u0110\u00e0, Nam T\u1eeb Li\u00eam, H\u00e0 N\u1ed9i<\/p>\n<p class=\"p1\">? Hotline\/Zalo\/WhatsApp: +84 38 8383 789<\/p>\n<p class=\"p1\">? ID Kakaotalk: Thuylinh590<\/p>\n<p class=\"p1\">? Fanapge:\u00a0<a href=\"https:\/\/www.facebook.com\/hanoiacad\">https:\/\/www.facebook.com\/hanoiacad<\/a><\/p>\n<p class=\"p1\">? Instagram: hanoi.vietnamese<\/p>\n<p class=\"p1\"><span class=\"s3\">?<\/span>\u00a0Tiktok: @hanoi.academy<\/p>\n","protected":false},"excerpt":{"rendered":"<p>KHO\u00c1 H\u1eccC TI\u1ebeNG ANH GIAO TI\u1ebeP ONLINE 1:1 V\u1edaI GI\u00c1O VI\u00caN PHILIPPINES 1. T\u1ea0I SAO N\u00caN H\u1eccC ONLINE 1:1 V\u1edaI GI\u00c1O VI\u00caN PHILIPPINES?\u00a0 H\u1eccC TI\u1ebeNG ANH ONLINE HI\u1ec6U QU\u1ea2\u00a0&#8211; TI\u1ebeT KI\u1ec6M CHI PH\u00cd V\u00c0 TH\u1edcI GIAN LINH HO\u1ea0T H\u1ecdc ti\u1ebfng Anh hi\u1ec7u qu\u1ea3 &#8211; Ti\u1ebft ki\u1ec7m chi ph\u00ed v\u00e0 th\u1eddi gian linh ho\u1ea1t. \u25a0 H\u1ecdc&#8230;<\/p>\n","protected":false},"featured_media":3144,"comment_status":"open","ping_status":"closed","template":"","meta":[],"product_cat":[70],"product_tag":[],"yoast_head":"<!-- This site is optimized with the Yoast SEO plugin v17.7.1 - https:\/\/yoast.com\/wordpress\/plugins\/seo\/ -->\n<title>TI\u1ebeNG ANH GIAO TI\u1ebeP - Language School<\/title>\n<meta name=\"robots\" content=\"index, follow, max-snippet:-1, max-image-preview:large, max-video-preview:-1\" \/>\n<link rel=\"canonical\" href=\"https:\/\/hanoilanguage.vn\/vn\/english\/tieng-anh-giao-tiep\/\" \/>\n<meta property=\"og:locale\" content=\"en_US\" \/>\n<meta property=\"og:type\" content=\"article\" \/>\n<meta property=\"og:title\" content=\"TI\u1ebeNG ANH GIAO TI\u1ebeP - Language School\" \/>\n<meta property=\"og:description\" content=\"KHO\u00c1 H\u1eccC TI\u1ebeNG ANH GIAO TI\u1ebeP ONLINE 1:1 V\u1edaI GI\u00c1O VI\u00caN PHILIPPINES 1. T\u1ea0I SAO N\u00caN H\u1eccC ONLINE 1:1 V\u1edaI GI\u00c1O VI\u00caN PHILIPPINES?\u00a0 H\u1eccC TI\u1ebeNG ANH ONLINE HI\u1ec6U QU\u1ea2\u00a0&#8211; TI\u1ebeT KI\u1ec6M CHI PH\u00cd V\u00c0 TH\u1edcI GIAN LINH HO\u1ea0T H\u1ecdc ti\u1ebfng Anh hi\u1ec7u qu\u1ea3 &#8211; Ti\u1ebft ki\u1ec7m chi ph\u00ed v\u00e0 th\u1eddi gian linh ho\u1ea1t. \u25a0 H\u1ecdc...\" \/>\n<meta property=\"og:url\" content=\"https:\/\/hanoilanguage.vn\/vn\/english\/tieng-anh-giao-tiep\/\" \/>\n<meta property=\"og:site_name\" content=\"Language School\" \/>\n<meta property=\"article:modified_time\" content=\"2025-08-09T04:45:52+00:00\" \/>\n<meta property=\"og:image\" content=\"https:\/\/hanoilanguage.vn\/vn\/wp-content\/uploads\/2021\/11\/21.jpg\" \/>\n\t<meta property=\"og:image:width\" content=\"2091\" \/>\n\t<meta property=\"og:image:height\" content=\"1919\" \/>\n<meta name=\"twitter:card\" content=\"summary_large_image\" \/>\n<meta name=\"twitter:label1\" content=\"Est. reading time\" \/>\n\t<meta name=\"twitter:data1\" content=\"6 minutes\" \/>\n<script type=\"application\/ld+json\" class=\"yoast-schema-graph\">{\"@context\":\"https:\/\/schema.org\",\"@graph\":[{\"@type\":\"WebSite\",\"@id\":\"https:\/\/hanoilanguage.vn\/vn\/#website\",\"url\":\"https:\/\/hanoilanguage.vn\/vn\/\",\"name\":\"Language School\",\"description\":\"HTH\",\"potentialAction\":[{\"@type\":\"SearchAction\",\"target\":{\"@type\":\"EntryPoint\",\"urlTemplate\":\"https:\/\/hanoilanguage.vn\/vn\/?s={search_term_string}\"},\"query-input\":\"required name=search_term_string\"}],\"inLanguage\":\"en-US\"},{\"@type\":\"ImageObject\",\"@id\":\"https:\/\/hanoilanguage.vn\/vn\/english\/tieng-anh-giao-tiep\/#primaryimage\",\"inLanguage\":\"en-US\",\"url\":\"https:\/\/hanoilanguage.vn\/vn\/wp-content\/uploads\/2021\/11\/21-e1754734085527.jpg\",\"contentUrl\":\"https:\/\/hanoilanguage.vn\/vn\/wp-content\/uploads\/2021\/11\/21-e1754734085527.jpg\",\"width\":2091,\"height\":1919},{\"@type\":\"WebPage\",\"@id\":\"https:\/\/hanoilanguage.vn\/vn\/english\/tieng-anh-giao-tiep\/#webpage\",\"url\":\"https:\/\/hanoilanguage.vn\/vn\/english\/tieng-anh-giao-tiep\/\",\"name\":\"TI\\u1ebeNG ANH GIAO TI\\u1ebeP - Language School\",\"isPartOf\":{\"@id\":\"https:\/\/hanoilanguage.vn\/vn\/#website\"},\"primaryImageOfPage\":{\"@id\":\"https:\/\/hanoilanguage.vn\/vn\/english\/tieng-anh-giao-tiep\/#primaryimage\"},\"datePublished\":\"2021-11-18T02:19:14+00:00\",\"dateModified\":\"2025-08-09T04:45:52+00:00\",\"breadcrumb\":{\"@id\":\"https:\/\/hanoilanguage.vn\/vn\/english\/tieng-anh-giao-tiep\/#breadcrumb\"},\"inLanguage\":\"en-US\",\"potentialAction\":[{\"@type\":\"ReadAction\",\"target\":[\"https:\/\/hanoilanguage.vn\/vn\/english\/tieng-anh-giao-tiep\/\"]}]},{\"@type\":\"BreadcrumbList\",\"@id\":\"https:\/\/hanoilanguage.vn\/vn\/english\/tieng-anh-giao-tiep\/#breadcrumb\",\"itemListElement\":[{\"@type\":\"ListItem\",\"position\":1,\"name\":\"Home\",\"item\":\"https:\/\/hanoilanguage.vn\/vn\/\"},{\"@type\":\"ListItem\",\"position\":2,\"name\":\"Courses &#8211; 2\",\"item\":\"https:\/\/hanoilanguage.vn\/vn\/courses-2\/\"},{\"@type\":\"ListItem\",\"position\":3,\"name\":\"TI\\u1ebeNG ANH GIAO TI\\u1ebeP\"}]}]}<\/script>\n<!-- \/ Yoast SEO plugin. -->","yoast_head_json":{"title":"TI\u1ebeNG ANH GIAO TI\u1ebeP - Language School","robots":{"index":"index","follow":"follow","max-snippet":"max-snippet:-1","max-image-preview":"max-image-preview:large","max-video-preview":"max-video-preview:-1"},"canonical":"https:\/\/hanoilanguage.vn\/vn\/english\/tieng-anh-giao-tiep\/","og_locale":"en_US","og_type":"article","og_title":"TI\u1ebeNG ANH GIAO TI\u1ebeP - Language School","og_description":"KHO\u00c1 H\u1eccC TI\u1ebeNG ANH GIAO TI\u1ebeP ONLINE 1:1 V\u1edaI GI\u00c1O VI\u00caN PHILIPPINES 1. T\u1ea0I SAO N\u00caN H\u1eccC ONLINE 1:1 V\u1edaI GI\u00c1O VI\u00caN PHILIPPINES?\u00a0 H\u1eccC TI\u1ebeNG ANH ONLINE HI\u1ec6U QU\u1ea2\u00a0&#8211; TI\u1ebeT KI\u1ec6M CHI PH\u00cd V\u00c0 TH\u1edcI GIAN LINH HO\u1ea0T H\u1ecdc ti\u1ebfng Anh hi\u1ec7u qu\u1ea3 &#8211; Ti\u1ebft ki\u1ec7m chi ph\u00ed v\u00e0 th\u1eddi gian linh ho\u1ea1t. \u25a0 H\u1ecdc...","og_url":"https:\/\/hanoilanguage.vn\/vn\/english\/tieng-anh-giao-tiep\/","og_site_name":"Language School","article_modified_time":"2025-08-09T04:45:52+00:00","og_image":[{"width":2091,"height":1919,"url":"https:\/\/hanoilanguage.vn\/vn\/wp-content\/uploads\/2021\/11\/21.jpg","type":"image\/jpeg"}],"twitter_card":"summary_large_image","twitter_misc":{"Est. reading time":"6 minutes"},"schema":{"@context":"https:\/\/schema.org","@graph":[{"@type":"WebSite","@id":"https:\/\/hanoilanguage.vn\/vn\/#website","url":"https:\/\/hanoilanguage.vn\/vn\/","name":"Language School","description":"HTH","potentialAction":[{"@type":"SearchAction","target":{"@type":"EntryPoint","urlTemplate":"https:\/\/hanoilanguage.vn\/vn\/?s={search_term_string}"},"query-input":"required name=search_term_string"}],"inLanguage":"en-US"},{"@type":"ImageObject","@id":"https:\/\/hanoilanguage.vn\/vn\/english\/tieng-anh-giao-tiep\/#primaryimage","inLanguage":"en-US","url":"https:\/\/hanoilanguage.vn\/vn\/wp-content\/uploads\/2021\/11\/21-e1754734085527.jpg","contentUrl":"https:\/\/hanoilanguage.vn\/vn\/wp-content\/uploads\/2021\/11\/21-e1754734085527.jpg","width":2091,"height":1919},{"@type":"WebPage","@id":"https:\/\/hanoilanguage.vn\/vn\/english\/tieng-anh-giao-tiep\/#webpage","url":"https:\/\/hanoilanguage.vn\/vn\/english\/tieng-anh-giao-tiep\/","name":"TI\u1ebeNG ANH GIAO TI\u1ebeP - Language School","isPartOf":{"@id":"https:\/\/hanoilanguage.vn\/vn\/#website"},"primaryImageOfPage":{"@id":"https:\/\/hanoilanguage.vn\/vn\/english\/tieng-anh-giao-tiep\/#primaryimage"},"datePublished":"2021-11-18T02:19:14+00:00","dateModified":"2025-08-09T04:45:52+00:00","breadcrumb":{"@id":"https:\/\/hanoilanguage.vn\/vn\/english\/tieng-anh-giao-tiep\/#breadcrumb"},"inLanguage":"en-US","potentialAction":[{"@type":"ReadAction","target":["https:\/\/hanoilanguage.vn\/vn\/english\/tieng-anh-giao-tiep\/"]}]},{"@type":"BreadcrumbList","@id":"https:\/\/hanoilanguage.vn\/vn\/english\/tieng-anh-giao-tiep\/#breadcrumb","itemListElement":[{"@type":"ListItem","position":1,"name":"Home","item":"https:\/\/hanoilanguage.vn\/vn\/"},{"@type":"ListItem","position":2,"name":"Courses &#8211; 2","item":"https:\/\/hanoilanguage.vn\/vn\/courses-2\/"},{"@type":"ListItem","position":3,"name":"TI\u1ebeNG ANH GIAO TI\u1ebeP"}]}]}},"_links":{"self":[{"href":"https:\/\/hanoilanguage.vn\/vn\/wp-json\/wp\/v2\/product\/1010"}],"collection":[{"href":"https:\/\/hanoilanguage.vn\/vn\/wp-json\/wp\/v2\/product"}],"about":[{"href":"https:\/\/hanoilanguage.vn\/vn\/wp-json\/wp\/v2\/types\/product"}],"replies":[{"embeddable":true,"href":"https:\/\/hanoilanguage.vn\/vn\/wp-json\/wp\/v2\/comments?post=1010"}],"wp:featuredmedia":[{"embeddable":true,"href":"https:\/\/hanoilanguage.vn\/vn\/wp-json\/wp\/v2\/media\/3144"}],"wp:attachment":[{"href":"https:\/\/hanoilanguage.vn\/vn\/wp-json\/wp\/v2\/media?parent=1010"}],"wp:term":[{"taxonomy":"product_cat","embeddable":true,"href":"https:\/\/hanoilanguage.vn\/vn\/wp-json\/wp\/v2\/product_cat?post=1010"},{"taxonomy":"product_tag","embeddable":true,"href":"https:\/\/hanoilanguage.vn\/vn\/wp-json\/wp\/v2\/product_tag?post=1010"}],"curies":[{"name":"wp","href":"https:\/\/api.w.org\/{rel}","templated":true}]}}