{"id":2936,"date":"2022-03-15T11:28:50","date_gmt":"2022-03-15T04:28:50","guid":{"rendered":"https:\/\/hanoilanguage.vn\/vn\/?page_id=2936"},"modified":"2022-03-15T17:12:12","modified_gmt":"2022-03-15T10:12:12","slug":"giao-vien-part-time-tieng-nhat","status":"publish","type":"page","link":"https:\/\/hanoilanguage.vn\/vn\/tuyen-dung\/giao-vien-part-time-tieng-nhat\/","title":{"rendered":"G\u00edao vi\u00ean part-time ti\u1ebfng Nh\u1eadt"},"content":{"rendered":"<p><img src=\"https:\/\/f2.photo.talk.zdn.vn\/6840990966480408275\/2b347d637fafb0f1e9be.jpg\" \/><\/p>\n<p><span style=\"color: #000000;\">??? Hanoi Language &amp; Culture Academy &#8211; Trung t\u00e2m d\u1ea1y ti\u1ebfng Vi\u1ec7t cho ng\u01b0\u1eddi n\u01b0\u1edbc ngo\u00e0i, ng\u01b0\u1eddi Vi\u1ec7t \u0111ang sinh s\u1ed1ng t\u1ea1i n\u01b0\u1edbc ngo\u00e0i \u0111ang mong mu\u1ed1n h\u1ee3p t\u00e1c th\u1ea7y c\u00f4 d\u1ea1y ti\u1ebfng Vi\u1ec7t part-time bi\u1ebft ti\u1ebfng Nh\u1eadt \u1ea1.<\/span><\/p>\n<p><span style=\"color: #000000;\">V\u1ecb tr\u00ed: Gi\u00e1o vi\u00ean d\u1ea1y Ti\u1ebfng Vi\u1ec7t part-time bi\u1ebft ti\u1ebfng Nh\u1eadt.<\/span><\/p>\n<p><span style=\"color: #000000;\">Y\u00eau c\u1ea7u: &#8211; Giao ti\u1ebfp l\u01b0u lo\u00e1t ti\u1ebfng Nh\u1eadt.<\/span><\/p>\n<p><span style=\"color: #000000;\">&#8211; C\u00f3 kinh nghi\u1ec7m \u0111\u1ee9ng l\u1edbp tr\u00ean 2 n\u0103m.<\/span><\/p>\n<p><span style=\"color: #000000;\">&#8211; N\u0103ng \u0111\u1ed9ng, nhi\u1ec7t t\u00ecnh, c\u00f3 tinh th\u1ea7n tr\u00e1ch nhi\u1ec7m trong c\u00f4ng vi\u1ec7c.<\/span><\/p>\n<p><span style=\"color: #000000;\">&#8211; C\u00f3 th\u1ec3 d\u1ea1y c\u1ea3 online v\u00e0 offline.<\/span><\/p>\n<p><span style=\"color: #000000;\">&#8211; D\u01b0\u1edbi 30 tu\u1ed5i.<\/span><\/p>\n<p><span style=\"color: #000000;\">Th\u1ea7y\/c\u00f4 quan t\u00e2m, vui l\u00f2ng g\u1eedi CV v\u1ec1 \u0111\u1ecba ch\u1ec9 hr.hanoiacademy@gmail.com. N\u1ebfu c\u00f3 b\u1ea5t k\u1ef3 c\u00e2u h\u1ecfi n\u00e0o, th\u1ea7y\/c\u00f4 c\u00f3 th\u1ec3 inbox qua fanpage: Hanoi L&amp;C Academy &#8211; Teaching Vietnamese for foreigners.<\/span><\/p>\n<p><span style=\"color: #000000;\">V\u1edbi Hanoi L&amp;C Academy, ch\u00fang m\u00ecnh kh\u00f4ng ch\u1ec9 d\u1ea1y ngo\u1ea1i ng\u1eef m\u00e0 c\u00f2n l\u00e0m v\u00ec \u0111am mang ti\u1ebfng Vi\u1ec7t, v\u0103n ho\u00e1 Vi\u1ec7t \u0111\u1ebfn g\u1ea7n h\u01a1n v\u1edbi b\u1ea1n b\u00e8 qu\u1ed1c t\u1ebf. V\u00ec m\u1ed9t ni\u1ec1m tin &#8220;\u0110\u01b0a ti\u1ebfng Vi\u1ec7t ra kh\u1eafp th\u1ebf gi\u1edbi&#8221;.\u2764\ufe0f\u2764\ufe0f\u2764\ufe0f<\/span><\/p>\n","protected":false},"excerpt":{"rendered":"<p>??? Hanoi Language &amp; Culture Academy &#8211; Trung t\u00e2m d\u1ea1y ti\u1ebfng Vi\u1ec7t cho ng\u01b0\u1eddi n\u01b0\u1edbc ngo\u00e0i, ng\u01b0\u1eddi Vi\u1ec7t \u0111ang sinh s\u1ed1ng t\u1ea1i n\u01b0\u1edbc ngo\u00e0i \u0111ang mong mu\u1ed1n h\u1ee3p t\u00e1c th\u1ea7y c\u00f4 d\u1ea1y ti\u1ebfng Vi\u1ec7t part-time bi\u1ebft ti\u1ebfng Nh\u1eadt \u1ea1. V\u1ecb tr\u00ed: Gi\u00e1o vi\u00ean d\u1ea1y Ti\u1ebfng Vi\u1ec7t part-time bi\u1ebft ti\u1ebfng Nh\u1eadt. Y\u00eau c\u1ea7u: &#8211; Giao ti\u1ebfp&#8230;<\/p>\n","protected":false},"author":3,"featured_media":0,"parent":2932,"menu_order":0,"comment_status":"closed","ping_status":"closed","template":"","meta":[],"yoast_head":"<!-- This site is optimized with the Yoast SEO plugin v17.7.1 - https:\/\/yoast.com\/wordpress\/plugins\/seo\/ -->\n<title>G\u00edao vi\u00ean part-time ti\u1ebfng Nh\u1eadt - Language School<\/title>\n<meta name=\"robots\" content=\"index, follow, max-snippet:-1, max-image-preview:large, max-video-preview:-1\" \/>\n<link rel=\"canonical\" href=\"https:\/\/hanoilanguage.vn\/vn\/tuyen-dung\/giao-vien-part-time-tieng-nhat\/\" \/>\n<meta property=\"og:locale\" content=\"en_US\" \/>\n<meta property=\"og:type\" content=\"article\" \/>\n<meta property=\"og:title\" content=\"G\u00edao vi\u00ean part-time ti\u1ebfng Nh\u1eadt - Language School\" \/>\n<meta property=\"og:description\" content=\"??? Hanoi Language &amp; Culture Academy &#8211; Trung t\u00e2m d\u1ea1y ti\u1ebfng Vi\u1ec7t cho ng\u01b0\u1eddi n\u01b0\u1edbc ngo\u00e0i, ng\u01b0\u1eddi Vi\u1ec7t \u0111ang sinh s\u1ed1ng t\u1ea1i n\u01b0\u1edbc ngo\u00e0i \u0111ang mong mu\u1ed1n h\u1ee3p t\u00e1c th\u1ea7y c\u00f4 d\u1ea1y ti\u1ebfng Vi\u1ec7t part-time bi\u1ebft ti\u1ebfng Nh\u1eadt \u1ea1. V\u1ecb tr\u00ed: Gi\u00e1o vi\u00ean d\u1ea1y Ti\u1ebfng Vi\u1ec7t part-time bi\u1ebft ti\u1ebfng Nh\u1eadt. Y\u00eau c\u1ea7u: &#8211; Giao ti\u1ebfp...\" \/>\n<meta property=\"og:url\" content=\"https:\/\/hanoilanguage.vn\/vn\/tuyen-dung\/giao-vien-part-time-tieng-nhat\/\" \/>\n<meta property=\"og:site_name\" content=\"Language School\" \/>\n<meta property=\"article:modified_time\" content=\"2022-03-15T10:12:12+00:00\" \/>\n<meta property=\"og:image\" content=\"https:\/\/f2.photo.talk.zdn.vn\/6840990966480408275\/2b347d637fafb0f1e9be.jpg\" \/>\n<meta name=\"twitter:card\" content=\"summary_large_image\" \/>\n<meta name=\"twitter:label1\" content=\"Est. reading time\" \/>\n\t<meta name=\"twitter:data1\" content=\"1 minute\" \/>\n<script type=\"application\/ld+json\" class=\"yoast-schema-graph\">{\"@context\":\"https:\/\/schema.org\",\"@graph\":[{\"@type\":\"WebSite\",\"@id\":\"https:\/\/hanoilanguage.vn\/vn\/#website\",\"url\":\"https:\/\/hanoilanguage.vn\/vn\/\",\"name\":\"Language School\",\"description\":\"HTH\",\"potentialAction\":[{\"@type\":\"SearchAction\",\"target\":{\"@type\":\"EntryPoint\",\"urlTemplate\":\"https:\/\/hanoilanguage.vn\/vn\/?s={search_term_string}\"},\"query-input\":\"required name=search_term_string\"}],\"inLanguage\":\"en-US\"},{\"@type\":\"ImageObject\",\"@id\":\"https:\/\/hanoilanguage.vn\/vn\/tuyen-dung\/giao-vien-part-time-tieng-nhat\/#primaryimage\",\"inLanguage\":\"en-US\",\"url\":\"https:\/\/f2.photo.talk.zdn.vn\/6840990966480408275\/2b347d637fafb0f1e9be.jpg\",\"contentUrl\":\"https:\/\/f2.photo.talk.zdn.vn\/6840990966480408275\/2b347d637fafb0f1e9be.jpg\"},{\"@type\":\"WebPage\",\"@id\":\"https:\/\/hanoilanguage.vn\/vn\/tuyen-dung\/giao-vien-part-time-tieng-nhat\/#webpage\",\"url\":\"https:\/\/hanoilanguage.vn\/vn\/tuyen-dung\/giao-vien-part-time-tieng-nhat\/\",\"name\":\"G\\u00edao vi\\u00ean part-time ti\\u1ebfng Nh\\u1eadt - Language School\",\"isPartOf\":{\"@id\":\"https:\/\/hanoilanguage.vn\/vn\/#website\"},\"primaryImageOfPage\":{\"@id\":\"https:\/\/hanoilanguage.vn\/vn\/tuyen-dung\/giao-vien-part-time-tieng-nhat\/#primaryimage\"},\"datePublished\":\"2022-03-15T04:28:50+00:00\",\"dateModified\":\"2022-03-15T10:12:12+00:00\",\"breadcrumb\":{\"@id\":\"https:\/\/hanoilanguage.vn\/vn\/tuyen-dung\/giao-vien-part-time-tieng-nhat\/#breadcrumb\"},\"inLanguage\":\"en-US\",\"potentialAction\":[{\"@type\":\"ReadAction\",\"target\":[\"https:\/\/hanoilanguage.vn\/vn\/tuyen-dung\/giao-vien-part-time-tieng-nhat\/\"]}]},{\"@type\":\"BreadcrumbList\",\"@id\":\"https:\/\/hanoilanguage.vn\/vn\/tuyen-dung\/giao-vien-part-time-tieng-nhat\/#breadcrumb\",\"itemListElement\":[{\"@type\":\"ListItem\",\"position\":1,\"name\":\"Home\",\"item\":\"https:\/\/hanoilanguage.vn\/vn\/\"},{\"@type\":\"ListItem\",\"position\":2,\"name\":\"TUY\\u1ec2N D\\u1ee4NG\",\"item\":\"https:\/\/hanoilanguage.vn\/vn\/tuyen-dung\/\"},{\"@type\":\"ListItem\",\"position\":3,\"name\":\"G\\u00edao vi\\u00ean part-time ti\\u1ebfng Nh\\u1eadt\"}]}]}<\/script>\n<!-- \/ Yoast SEO plugin. -->","yoast_head_json":{"title":"G\u00edao vi\u00ean part-time ti\u1ebfng Nh\u1eadt - Language School","robots":{"index":"index","follow":"follow","max-snippet":"max-snippet:-1","max-image-preview":"max-image-preview:large","max-video-preview":"max-video-preview:-1"},"canonical":"https:\/\/hanoilanguage.vn\/vn\/tuyen-dung\/giao-vien-part-time-tieng-nhat\/","og_locale":"en_US","og_type":"article","og_title":"G\u00edao vi\u00ean part-time ti\u1ebfng Nh\u1eadt - Language School","og_description":"??? Hanoi Language &amp; Culture Academy &#8211; Trung t\u00e2m d\u1ea1y ti\u1ebfng Vi\u1ec7t cho ng\u01b0\u1eddi n\u01b0\u1edbc ngo\u00e0i, ng\u01b0\u1eddi Vi\u1ec7t \u0111ang sinh s\u1ed1ng t\u1ea1i n\u01b0\u1edbc ngo\u00e0i \u0111ang mong mu\u1ed1n h\u1ee3p t\u00e1c th\u1ea7y c\u00f4 d\u1ea1y ti\u1ebfng Vi\u1ec7t part-time bi\u1ebft ti\u1ebfng Nh\u1eadt \u1ea1. V\u1ecb tr\u00ed: Gi\u00e1o vi\u00ean d\u1ea1y Ti\u1ebfng Vi\u1ec7t part-time bi\u1ebft ti\u1ebfng Nh\u1eadt. Y\u00eau c\u1ea7u: &#8211; Giao ti\u1ebfp...","og_url":"https:\/\/hanoilanguage.vn\/vn\/tuyen-dung\/giao-vien-part-time-tieng-nhat\/","og_site_name":"Language School","article_modified_time":"2022-03-15T10:12:12+00:00","og_image":[{"url":"https:\/\/f2.photo.talk.zdn.vn\/6840990966480408275\/2b347d637fafb0f1e9be.jpg"}],"twitter_card":"summary_large_image","twitter_misc":{"Est. reading time":"1 minute"},"schema":{"@context":"https:\/\/schema.org","@graph":[{"@type":"WebSite","@id":"https:\/\/hanoilanguage.vn\/vn\/#website","url":"https:\/\/hanoilanguage.vn\/vn\/","name":"Language School","description":"HTH","potentialAction":[{"@type":"SearchAction","target":{"@type":"EntryPoint","urlTemplate":"https:\/\/hanoilanguage.vn\/vn\/?s={search_term_string}"},"query-input":"required name=search_term_string"}],"inLanguage":"en-US"},{"@type":"ImageObject","@id":"https:\/\/hanoilanguage.vn\/vn\/tuyen-dung\/giao-vien-part-time-tieng-nhat\/#primaryimage","inLanguage":"en-US","url":"https:\/\/f2.photo.talk.zdn.vn\/6840990966480408275\/2b347d637fafb0f1e9be.jpg","contentUrl":"https:\/\/f2.photo.talk.zdn.vn\/6840990966480408275\/2b347d637fafb0f1e9be.jpg"},{"@type":"WebPage","@id":"https:\/\/hanoilanguage.vn\/vn\/tuyen-dung\/giao-vien-part-time-tieng-nhat\/#webpage","url":"https:\/\/hanoilanguage.vn\/vn\/tuyen-dung\/giao-vien-part-time-tieng-nhat\/","name":"G\u00edao vi\u00ean part-time ti\u1ebfng Nh\u1eadt - Language School","isPartOf":{"@id":"https:\/\/hanoilanguage.vn\/vn\/#website"},"primaryImageOfPage":{"@id":"https:\/\/hanoilanguage.vn\/vn\/tuyen-dung\/giao-vien-part-time-tieng-nhat\/#primaryimage"},"datePublished":"2022-03-15T04:28:50+00:00","dateModified":"2022-03-15T10:12:12+00:00","breadcrumb":{"@id":"https:\/\/hanoilanguage.vn\/vn\/tuyen-dung\/giao-vien-part-time-tieng-nhat\/#breadcrumb"},"inLanguage":"en-US","potentialAction":[{"@type":"ReadAction","target":["https:\/\/hanoilanguage.vn\/vn\/tuyen-dung\/giao-vien-part-time-tieng-nhat\/"]}]},{"@type":"BreadcrumbList","@id":"https:\/\/hanoilanguage.vn\/vn\/tuyen-dung\/giao-vien-part-time-tieng-nhat\/#breadcrumb","itemListElement":[{"@type":"ListItem","position":1,"name":"Home","item":"https:\/\/hanoilanguage.vn\/vn\/"},{"@type":"ListItem","position":2,"name":"TUY\u1ec2N D\u1ee4NG","item":"https:\/\/hanoilanguage.vn\/vn\/tuyen-dung\/"},{"@type":"ListItem","position":3,"name":"G\u00edao vi\u00ean part-time ti\u1ebfng Nh\u1eadt"}]}]}},"_links":{"self":[{"href":"https:\/\/hanoilanguage.vn\/vn\/wp-json\/wp\/v2\/pages\/2936"}],"collection":[{"href":"https:\/\/hanoilanguage.vn\/vn\/wp-json\/wp\/v2\/pages"}],"about":[{"href":"https:\/\/hanoilanguage.vn\/vn\/wp-json\/wp\/v2\/types\/page"}],"author":[{"embeddable":true,"href":"https:\/\/hanoilanguage.vn\/vn\/wp-json\/wp\/v2\/users\/3"}],"replies":[{"embeddable":true,"href":"https:\/\/hanoilanguage.vn\/vn\/wp-json\/wp\/v2\/comments?post=2936"}],"version-history":[{"count":6,"href":"https:\/\/hanoilanguage.vn\/vn\/wp-json\/wp\/v2\/pages\/2936\/revisions"}],"predecessor-version":[{"id":2969,"href":"https:\/\/hanoilanguage.vn\/vn\/wp-json\/wp\/v2\/pages\/2936\/revisions\/2969"}],"up":[{"embeddable":true,"href":"https:\/\/hanoilanguage.vn\/vn\/wp-json\/wp\/v2\/pages\/2932"}],"wp:attachment":[{"href":"https:\/\/hanoilanguage.vn\/vn\/wp-json\/wp\/v2\/media?parent=2936"}],"curies":[{"name":"wp","href":"https:\/\/api.w.org\/{rel}","templated":true}]}}