{"id":1705,"date":"2021-12-02T10:10:14","date_gmt":"2021-12-02T03:10:14","guid":{"rendered":"https:\/\/hanoilanguage.vn\/vn\/?page_id=1705"},"modified":"2022-01-20T18:09:38","modified_gmt":"2022-01-20T11:09:38","slug":"giao-trinh-sejong","status":"publish","type":"page","link":"https:\/\/hanoilanguage.vn\/vn\/book\/giao-trinh-sejong\/","title":{"rendered":"GI\u00c1O TR\u00ccNH SEJONG"},"content":{"rendered":"<p><span style=\"color: #f99b1c;\"><strong><span style=\"font-size: 110%;\"><span style=\"vertical-align: inherit;\"><span style=\"vertical-align: inherit;\"><span style=\"vertical-align: inherit;\"><span style=\"vertical-align: inherit;\">GI\u00c1O TR\u00ccNH TI\u1ebeNG H\u00c0N SEJONG<\/span><\/span><\/span><\/span><\/span><\/strong><\/span><\/p>\n<p><img loading=\"lazy\" class=\"alignnone wp-image-1714\" src=\"https:\/\/hanoilanguage.vn\/vn\/wp-content\/uploads\/2021\/12\/giao-trinh-Sejong.gif\" alt=\"\" width=\"647\" height=\"445\" \/><\/p>\n<p style=\"text-align: justify;\"><strong><span style=\"vertical-align: inherit;\"><span style=\"vertical-align: inherit;\"><span style=\"vertical-align: inherit;\"><span style=\"vertical-align: inherit;\">Gi\u00e1o tr\u00ecnh ti\u1ebfng H\u00e0n Sejong<\/span><\/span><\/span><\/span><\/strong><span style=\"vertical-align: inherit;\"><span style=\"vertical-align: inherit;\"><span style=\"vertical-align: inherit;\"><span style=\"vertical-align: inherit;\"> &#8211; \uc138\uc885 \ud55c\uad6d\uc5b4 \u0111\u01b0\u1ee3c bi\u00ean so\u1ea1n b\u1edfi c\u00e1c gi\u00e1o s\u01b0 ng\u00f4n ng\u1eef c\u1ee7a h\u1ecdc vi\u1ec7n H\u00e0n Sejong tr\u1ef1c ti\u1ebfp thu\u1ed9c tr\u01b0\u1eddng \u0110\u1ea1i h\u1ecdc Sejong tr\u1ef1c ti\u1ebfp bi\u00ean so\u1ea1n. <\/span><\/span><\/span><span style=\"vertical-align: inherit;\"><span style=\"vertical-align: inherit;\"><span style=\"vertical-align: inherit;\">N\u1eb1m trong TOP 4 gi\u00e1o tr\u00ecnh H\u00e0n ng\u1eef ch\u1ea5t l\u01b0\u1ee3ng nh\u1ea5t d\u00e0nh cho du h\u1ecdc sinh bao g\u1ed3m gi\u00e1o tr\u00ecnh Seoul, gi\u00e1o tr\u00ecnh Yonsei,\u00a0 <\/span><\/span><\/span><\/span><b><span style=\"vertical-align: inherit;\"><span style=\"vertical-align: inherit;\"><span style=\"vertical-align: inherit;\"><span style=\"vertical-align: inherit;\">gi\u00e1o tr\u00ecnh Sejong<\/span><\/span><\/span><\/span><\/b><span style=\"vertical-align: inherit;\"><span style=\"vertical-align: inherit;\"><span style=\"vertical-align: inherit;\"><span style=\"vertical-align: inherit;\"> , gi\u00e1o tr\u00ecnh Kyunghee.<\/span><\/span><\/span><\/span><\/p>\n<p style=\"text-align: justify;\"><span style=\"vertical-align: inherit;\"><span style=\"vertical-align: inherit;\"><span style=\"vertical-align: inherit;\"><span style=\"vertical-align: inherit;\">Sejong Education (\uc138\uc885 \ud55c\uad6d\uc5b4) l\u00e0 b\u1ed9 gi\u00e1o d\u1ee5c \u0111\u01b0\u1ee3c c\u00e1c tr\u01b0\u1eddng \u0110\u1ea1i h\u1ecdc t\u1ea1i Vi\u1ec7t Nam \u00e1p d\u1ee5ng v\u00e0o ch\u01b0\u01a1ng tr\u00ecnh gi\u1ea3ng d\u1ea1y ng\u00f4n ng\u1eef H\u00e0n Qu\u1ed1c nh\u01b0 tr\u01b0\u1eddng Khoa h\u1ecdc X\u00e3 h\u1ed9i &amp; Nh\u00e2n v\u0103n H\u00e0 N\u1ed9i v\u00e0 tr\u01b0\u1eddng Khoa h\u1ecdc X\u00e3 h\u1ed9i &amp; Nh\u00e2n v\u0103n TP.HCM hay Trung t\u00e2m H\u00e0n ng\u1eef Sejong \u0111\u1eb7t t\u1ea1i 2 tr\u01b0\u1eddng n\u00e0y. <\/span><\/span><\/span><span style=\"vertical-align: inherit;\"><span style=\"vertical-align: inherit;\"><span style=\"vertical-align: inherit;\">This is the first school of the language at Vi\u1ec7t Nam.<\/span><\/span><\/span><\/span><\/p>\n<p style=\"text-align: justify;\"><span style=\"vertical-align: inherit;\"><span style=\"vertical-align: inherit;\"><span style=\"vertical-align: inherit;\"><span style=\"vertical-align: inherit;\">&#8220;Ng\u00f4n ng\u1eef l\u00e0 m\u1ed9t v\u0103n ph\u00f2ng ma thu\u1eadt&#8221;, k\u1ebft qu\u1ea3 l\u00e0 kh\u00f4ng t\u1ed3i. <\/span><\/span><\/span><span style=\"vertical-align: inherit;\"><span style=\"vertical-align: inherit;\"><span style=\"vertical-align: inherit;\">Sejong gi\u00e1o d\u1ee5c \u0111\u01b0\u1ee3c bi\u00ean so\u1ea1n kh\u00f4ng ch\u1ec9 ch\u1ea5t l\u01b0\u1ee3ng v\u1ec1 ng\u00f4n ng\u1eef, m\u00e0 l\u1ed3ng gh\u00e9p \u0111\u01b0\u1ee3c v\u0103n h\u00f3a, x\u00e3 h\u1ed9i H\u00e0n Qu\u1ed1c. <\/span><\/span><\/span><span style=\"vertical-align: inherit;\"><span style=\"vertical-align: inherit;\"><span style=\"vertical-align: inherit;\">Sejong education bao g\u1ed3m 8 cu\u1ed1n s\u00e1ch v\u1edbi tr\u00ecnh \u0111\u1ed9 s\u01a1 c\u1ea5p &#8211; trung c\u1ea5p &#8211; cao c\u1ea5p. <\/span><\/span><\/span><span style=\"vertical-align: inherit;\"><span style=\"vertical-align: inherit;\"><span style=\"vertical-align: inherit;\">M\u1ecdi ch\u1ebf \u0111\u1ed9 \u0111\u1ec1u ph\u00f9 h\u1ee3p v\u1edbi 2 cu\u1ed1n s\u00e1ch.<\/span><\/span><\/span><\/span><\/p>\n<p style=\"text-align: justify;\"><span style=\"vertical-align: inherit;\"><span style=\"vertical-align: inherit;\"><span style=\"vertical-align: inherit;\"><span style=\"vertical-align: inherit;\">M\u1ed7i b\u00e0i vi\u1ebft bao g\u1ed3m 2 \u0111o\u1ea1n h\u1ed9i tho\u1ea1i m\u1edf \u0111\u1ea7u, t\u1eeb v\u1ef1ng, ng\u1eef ph\u00e1p, ph\u00e2n t\u00edch c\u00e1c ph\u01b0\u01a1ng ph\u00e1p v\u00e0 luy\u1ec7n t\u1eadp k\u1ef9 n\u0103ng. <\/span><\/span><\/span><span style=\"vertical-align: inherit;\"><span style=\"vertical-align: inherit;\"><span style=\"vertical-align: inherit;\">V\u00ec v\u1eady, trong t\u1eebng b\u00e0i h\u1ecdc, c\u00e1c b\u1ea1n h\u1ecdc \u0111\u1ec1u c\u00f3 th\u1ec3 r\u00e8n luy\u1ec7n cho b\u1ea3n th\u00e2n c\u1ea3 4 k\u1ef9 n\u0103ng: nghe, n\u00f3i, \u0111\u1ecdc, vi\u1ebft. <\/span><\/span><\/span><span style=\"vertical-align: inherit;\"><span style=\"vertical-align: inherit;\"><span style=\"vertical-align: inherit;\">C\u00e1c \u0111o\u1ea1n h\u1ed9i tho\u1ea1i c\u1ee7a ch\u01b0\u01a1ng tr\u00ecnh gi\u00e1o d\u1ee5c \u0111\u1ec1u c\u00f3 thanh \u0111\u00ednh k\u00e8m.<\/span><\/span><\/span><\/span><\/p>\n<ul style=\"text-align: justify;\">\n<li aria-level=\"1\"><span style=\"vertical-align: inherit;\"><span style=\"vertical-align: inherit;\"><span style=\"vertical-align: inherit;\"><span style=\"vertical-align: inherit;\">Gi\u00e1o tr\u00ecnh ti\u1ebfng H\u00e0n Sejong 1 &#8211; \uc138\uc885 \ud55c\uad6d\uc5b4 1<\/span><\/span><\/span><\/span><\/li>\n<li aria-level=\"1\"><span style=\"vertical-align: inherit;\"><span style=\"vertical-align: inherit;\"><span style=\"vertical-align: inherit;\"><span style=\"vertical-align: inherit;\">Gi\u00e1o tr\u00ecnh ti\u1ebfng H\u00e0n Sejong 2 &#8211; \uc138\uc885 \ud55c\uad6d\uc5b4 2<\/span><\/span><\/span><\/span><\/li>\n<li aria-level=\"1\"><span style=\"vertical-align: inherit;\"><span style=\"vertical-align: inherit;\"><span style=\"vertical-align: inherit;\"><span style=\"vertical-align: inherit;\">Gi\u00e1o tr\u00ecnh ti\u1ebfng H\u00e0n Sejong 3 &#8211; \uc138\uc885 \ud55c\uad6d\uc5b4 3<\/span><\/span><\/span><\/span><\/li>\n<li aria-level=\"1\"><span style=\"vertical-align: inherit;\"><span style=\"vertical-align: inherit;\"><span style=\"vertical-align: inherit;\"><span style=\"vertical-align: inherit;\">Gi\u00e1o tr\u00ecnh ti\u1ebfng H\u00e0n Sejong 4 &#8211; \uc138\uc885 \ud55c\uad6d\uc5b4 4<\/span><\/span><\/span><\/span><\/li>\n<li aria-level=\"1\"><span style=\"vertical-align: inherit;\"><span style=\"vertical-align: inherit;\"><span style=\"vertical-align: inherit;\"><span style=\"vertical-align: inherit;\">Gi\u00e1o tr\u00ecnh ti\u1ebfng H\u00e0n Sejong 5 &#8211; \uc138\uc885 \ud55c\uad6d\uc5b4 5<\/span><\/span><\/span><\/span><\/li>\n<li aria-level=\"1\"><span style=\"vertical-align: inherit;\"><span style=\"vertical-align: inherit;\"><span style=\"vertical-align: inherit;\"><span style=\"vertical-align: inherit;\">Gi\u00e1o tr\u00ecnh ti\u1ebfng H\u00e0n Sejong 6 &#8211; \uc138\uc885 \ud55c\uad6d\uc5b4 6<\/span><\/span><\/span><\/span><\/li>\n<li aria-level=\"1\"><span style=\"vertical-align: inherit;\"><span style=\"vertical-align: inherit;\"><span style=\"vertical-align: inherit;\"><span style=\"vertical-align: inherit;\">Gi\u00e1o tr\u00ecnh ti\u1ebfng H\u00e0n Sejong 7 &#8211; \uc138\uc885 \ud55c\uad6d\uc5b4 7<\/span><\/span><\/span><\/span><\/li>\n<li aria-level=\"1\"><span style=\"vertical-align: inherit;\"><span style=\"vertical-align: inherit;\"><span style=\"vertical-align: inherit;\"><span style=\"vertical-align: inherit;\">Gi\u00e1o tr\u00ecnh ti\u1ebfng H\u00e0n Sejong 8 &#8211; \uc138\uc885 \ud55c\uad6d\uc5b4 8<\/span><\/span><\/span><\/span><\/li>\n<\/ul>\n<p style=\"text-align: justify;\"><span style=\"vertical-align: inherit;\"><span style=\"vertical-align: inherit;\"><span style=\"vertical-align: inherit;\"><span style=\"vertical-align: inherit;\">Sejong file center th\u00e0nh h\u1ed9i tho\u1ea1i (c\u00f3 file nghe n\u00f3i \u0111\u00ednh k\u00e8m). <\/span><\/span><\/span><span style=\"vertical-align: inherit;\"><span style=\"vertical-align: inherit;\"><span style=\"vertical-align: inherit;\">Sejong m\u1ee5c ti\u00eau c\u1ee7a gi\u00e1o d\u1ee5c gi\u00fap c\u00e1c b\u1ea1n h\u1ecdc vi\u00ean c\u00f3 th\u1ec3 n\u00f3i th\u00e0nh th\u1ea1o ti\u1ebfng H\u00e0n khi ho\u00e0n th\u00e0nh c\u00e1c kh\u00f3a h\u1ecdc.\u00a0<\/span><\/span><\/span><\/span><\/p>\n<p style=\"text-align: justify;\"><span style=\"vertical-align: inherit;\"><span style=\"vertical-align: inherit;\"><span style=\"vertical-align: inherit;\"><span style=\"vertical-align: inherit;\">Sejong gi\u00e1o d\u1ee5c \u0111\u01b0\u1ee3c bi\u00ean so\u1ea1n bao g\u1ed3m c\u00e1c c\u1ea5u tr\u00fac ph\u01b0\u01a1ng ph\u00e1p v\u00e0 h\u1ecdc vi\u00ean c\u1ea7n ho\u00e0n th\u00e0nh c\u00e1c b\u00e0i vi\u1ebft, c\u0169ng nh\u01b0 th\u1ef1c h\u00e0nh. <\/span><\/span><\/span><span style=\"vertical-align: inherit;\"><span style=\"vertical-align: inherit;\"><span style=\"vertical-align: inherit;\">Kh\u1ea3 n\u0103ng \u0111\u1ecdc v\u00e0 vi\u1ebft t\u1ed1t s\u1ebd \u0111\u1ea3m b\u1ea3o r\u1eb1ng khi h\u1ecdc vi\u00ean s\u1eed d\u1ee5ng ti\u1ebfng H\u00e0n trong giao ti\u1ebfp s\u1ebd \u0111\u00fang ph\u00e1p lu\u1eadt c\u0169ng nh\u01b0 ph\u00e1t \u00e2m ch\u00ednh x\u00e1c.<\/span><\/span><\/span><\/span><\/p>\n<p style=\"text-align: justify;\"><span style=\"vertical-align: inherit;\"><span style=\"vertical-align: inherit;\"><span style=\"vertical-align: inherit;\"><span style=\"vertical-align: inherit;\">Do that, Sejong gi\u00e1o tr\u00ecnh \u0111\u01b0\u1ee3c bi\u00ean so\u1ea1n \u0111\u01a1n gi\u1ea3n, x\u00fac t\u00edch, d\u1ec5 hi\u1ec3u v\u00e0 c\u00f3 c\u00e1c \u0111i\u1ec3m t\u1eeb v\u00e0 c\u00e1c ph\u01b0\u01a1ng ph\u00e1p r\u00fat g\u1ecdn. Sejong gi\u00e1o tr\u00ecnh bao g\u1ed3m c\u00e1c t\u1eeb v\u1ef1ng \u0111\u01b0\u1ee3c so\u1ea1n th\u1ea3o g\u1ea7n v\u1edbi k\u1ef3 thi TOPIK, do \u0111\u00f3 Sejong gi\u00e1o d\u1ee5c c\u00f3 \u00edch r\u1ea5t nhi\u1ec1u cho c\u00e1c b\u1ea1n h\u1ecdc th\u00e0nh vi\u00ean ho\u1eb7c du h\u1ecdc sinh mu\u1ed1n c\u00f3 k\u1ebft qu\u1ea3 cao trong k\u1ef3 thi TOPIK. <\/span><\/span><\/span><span style=\"vertical-align: inherit;\"><span style=\"vertical-align: inherit;\"><span style=\"vertical-align: inherit;\">Ph\u01b0\u01a1ng ph\u00e1p h\u1ecdc ng\u00f4n ng\u1eef lu\u00f4n l\u00e0 v\u1ea5n \u0111\u1ec1 quan t\u00e2m l\u1edbn c\u1ee7a c\u00e1c b\u1ea1n h\u1ecdc vi\u00ean khi t\u00ecm hi\u1ec3u ch\u01b0\u01a1ng tr\u00ecnh d\u1ea1y h\u1ecdc ti\u1ebfng H\u00e0n.<\/span><\/span><\/span><\/span><\/p>\n<p style=\"text-align: justify;\"><span style=\"vertical-align: inherit;\"><span style=\"vertical-align: inherit;\"><span style=\"vertical-align: inherit;\"><span style=\"vertical-align: inherit;\">Sejong gi\u00e1o d\u1ee5c c\u00f3 \u0111i\u1ec3m s\u00e1ng l\u00e0 c\u00f3 1 ph\u01b0\u01a1ng ph\u00e1p gi\u1ea3ng d\u1ea1y \u0111\u00fang \u0111\u1eafn, d\u00f9 kh\u00f4ng b\u1ecf s\u00f3t k\u1ef9 n\u0103ng n\u00e0o, nh\u01b0ng Sejong gi\u00e1o d\u1ee5c c\u00f3 \u0111\u1ec1 cao k\u1ef9 n\u0103ng nghe, n\u00f3i do \u0111\u00f3 t\u00ednh to\u00e1n v\u1eadn d\u1ee5ng khi giao ti\u1ebfp r\u1ea5t cao.\u00a0<\/span><\/span><\/span><\/span><\/p>\n<p style=\"text-align: justify;\"><span style=\"vertical-align: inherit;\"><span style=\"vertical-align: inherit;\"><span style=\"vertical-align: inherit;\"><span style=\"vertical-align: inherit;\">B\u00ean c\u1ea1nh nh\u1eefng \u0111i\u1ec3m \u01b0u ti\u00ean, Sejong gi\u00e1o d\u1ee5c c\u00f3 m\u1ed9t \u0111i\u1ec3m y\u1ebfu l\u00e0 ch\u01b0\u01a1ng tr\u00ecnh gi\u00e1o d\u1ee5c \u0111\u01b0\u1ee3c vi\u1ebft 100% b\u1eb1ng ti\u1ebfng H\u00e0n, kh\u00f4ng c\u00f3 gi\u1ea3i ngh\u0129a b\u1eb1ng ti\u1ebfng Anh. <\/span><\/span><\/span><span style=\"vertical-align: inherit;\"><span style=\"vertical-align: inherit;\"><span style=\"vertical-align: inherit;\">Do \u0111\u00f3, Sejong gi\u00e1o d\u1ee5c s\u1ebd ph\u00f9 h\u1ee3p h\u01a1n v\u1edbi vi\u1ec7c h\u1ecdc ti\u1ebfng H\u00e0n c\u00f3 ng\u01b0\u1eddi h\u01b0\u1edbng d\u1eabn ho\u1eb7c \u1edf trung t\u00e2m H\u00e0n ng\u1eef so v\u1edbi vi\u1ec7c h\u1ecdc, d\u00f9 100% ti\u1ebfng H\u00e0n s\u1ebd gi\u00fap c\u00e1c b\u1ea1n h\u1ecdc th\u00e0nh vi\u00ean m\u1edbi t\u1eadp quen m\u1eb7t T\u1ed1t h\u01a1n .<\/span><\/span><\/span><\/span><\/p>\n<blockquote><p><a href=\"https:\/\/docs.google.com\/forms\/d\/e\/1FAIpQLScV8tuKZQV2snH89r6_orpryEaHvVWzPyDBjwekFrv9paBInw\/viewform\"><span style=\"font-size: 110%;\">&gt;&gt; \u0110\u0103ng k\u00fd h\u1ecdc th\u1eed mi\u1ec5n ph\u00ed T\u1ea0I \u0110\u00c2Y<\/span><\/a><\/p><\/blockquote>\n<p class=\"p1\"><span style=\"color: #f99b1c;\"><strong>HANOI LANGUAGE &amp;\u00a0CULTURE ACADEMY<\/strong><\/span><\/p>\n<p class=\"p1\"><b>M\u1ecdi chi ti\u1ebft th\u1eafc m\u1eafc vui l\u00f2ng li\u00ean h\u1ec7 v\u1edbi Hanoi L&amp;C Academy qua c\u00e1c k\u00eanh sau:<\/b><\/p>\n<p class=\"p2\"><span class=\"s1\">? Email:\u00a0<a href=\"mailto:info.hanoiacademy@gmail.com\"><span class=\"s2\">info.hanoiacademy@gmail.com<\/span><\/a><\/span><\/p>\n<p class=\"p1\">? \u0110\u1ecba ch\u1ec9: CT4, Khu \u0111\u00f4 th\u1ecb M\u1ef9 \u0110\u00ecnh \u2013 S\u00f4ng \u0110\u00e0, Nam T\u1eeb Li\u00eam, H\u00e0 N\u1ed9i<\/p>\n<p class=\"p1\">? Hotline\/Zalo\/WhatsApp: +84 38 8383 789<\/p>\n<p class=\"p1\">? ID Kakaotalk: Thuylinh590<\/p>\n<p class=\"p1\">? Fanapge: <a href=\"https:\/\/www.facebook.com\/hnlcacademy\">https:\/\/www.facebook.com\/hnlcacademy\u00a0<\/a><\/p>\n<p class=\"p1\">? Instagram: hanoi.vietnamese<\/p>\n<p class=\"p1\"><span class=\"s3\">?<\/span> Tiktok: @hanoiacademi<\/p>\n<p><span data-sheets-value=\"{&quot;1&quot;:2,&quot;2&quot;:&quot;M\u1ecdi chi ti\u1ebft th\u1eafc m\u1eafc vui l\u00f2ng li\u00ean h\u1ec7 v\u1edbi Hanoi L&amp;C Academy qua c\u00e1c k\u00eanh sau:\\n? Email: info.hanoiacademy@gmail.com\\n? \u0110\u1ecba ch\u1ec9: CT4, Khu \u0111\u00f4 th\u1ecb M\u1ef9 \u0110\u00ecnh - S\u00f4ng \u0110\u00e0, Nam T\u1eeb Li\u00eam, H\u00e0 N\u1ed9i\\n? Hotline\/Zalo\/Whassap: +84 38 8383 789\\n? ID Kakaotalk: Thuylinh590\\n? Fanapge: https:\/\/www.facebook.com\/hanoiacademi\\n? Instagram: hanoi.vietnamese\\n? Tiktok: @hanoi.academy \\n&quot;}\" data-sheets-userformat=\"{&quot;2&quot;:1049537,&quot;3&quot;:{&quot;1&quot;:0},&quot;9&quot;:0,&quot;10&quot;:1,&quot;11&quot;:4,&quot;12&quot;:0,&quot;23&quot;:1}\" data-sheets-textstyleruns=\"{&quot;1&quot;:0}\uee10{&quot;1&quot;:266,&quot;2&quot;:{&quot;2&quot;:{&quot;1&quot;:2,&quot;2&quot;:1136076},&quot;9&quot;:1}}\uee10{&quot;1&quot;:304}\" data-sheets-hyperlinkruns=\"{&quot;1&quot;:266,&quot;2&quot;:&quot;https:\/\/www.facebook.com\/hanoiacademi&quot;}\uee10{&quot;1&quot;:304}\">\u00a0<\/span><\/p>\n","protected":false},"excerpt":{"rendered":"<p>GI\u00c1O TR\u00ccNH TI\u1ebeNG H\u00c0N SEJONG Gi\u00e1o tr\u00ecnh ti\u1ebfng H\u00e0n Sejong &#8211; \uc138\uc885 \ud55c\uad6d\uc5b4 \u0111\u01b0\u1ee3c bi\u00ean so\u1ea1n b\u1edfi c\u00e1c gi\u00e1o s\u01b0 ng\u00f4n ng\u1eef c\u1ee7a h\u1ecdc vi\u1ec7n H\u00e0n Sejong tr\u1ef1c ti\u1ebfp thu\u1ed9c tr\u01b0\u1eddng \u0110\u1ea1i h\u1ecdc Sejong tr\u1ef1c ti\u1ebfp bi\u00ean so\u1ea1n. N\u1eb1m trong TOP 4 gi\u00e1o tr\u00ecnh H\u00e0n ng\u1eef ch\u1ea5t l\u01b0\u1ee3ng nh\u1ea5t d\u00e0nh cho du h\u1ecdc sinh bao&#8230;<\/p>\n","protected":false},"author":3,"featured_media":0,"parent":938,"menu_order":0,"comment_status":"closed","ping_status":"closed","template":"","meta":[],"yoast_head":"<!-- This site is optimized with the Yoast SEO plugin v17.7.1 - https:\/\/yoast.com\/wordpress\/plugins\/seo\/ -->\n<title>GI\u00c1O TR\u00ccNH SEJONG - Language School<\/title>\n<meta name=\"robots\" content=\"index, follow, max-snippet:-1, max-image-preview:large, max-video-preview:-1\" \/>\n<link rel=\"canonical\" href=\"https:\/\/hanoilanguage.vn\/vn\/book\/giao-trinh-sejong\/\" \/>\n<meta property=\"og:locale\" content=\"en_US\" \/>\n<meta property=\"og:type\" content=\"article\" \/>\n<meta property=\"og:title\" content=\"GI\u00c1O TR\u00ccNH SEJONG - Language School\" \/>\n<meta property=\"og:description\" content=\"GI\u00c1O TR\u00ccNH TI\u1ebeNG H\u00c0N SEJONG Gi\u00e1o tr\u00ecnh ti\u1ebfng H\u00e0n Sejong &#8211; \uc138\uc885 \ud55c\uad6d\uc5b4 \u0111\u01b0\u1ee3c bi\u00ean so\u1ea1n b\u1edfi c\u00e1c gi\u00e1o s\u01b0 ng\u00f4n ng\u1eef c\u1ee7a h\u1ecdc vi\u1ec7n H\u00e0n Sejong tr\u1ef1c ti\u1ebfp thu\u1ed9c tr\u01b0\u1eddng \u0110\u1ea1i h\u1ecdc Sejong tr\u1ef1c ti\u1ebfp bi\u00ean so\u1ea1n. N\u1eb1m trong TOP 4 gi\u00e1o tr\u00ecnh H\u00e0n ng\u1eef ch\u1ea5t l\u01b0\u1ee3ng nh\u1ea5t d\u00e0nh cho du h\u1ecdc sinh bao...\" \/>\n<meta property=\"og:url\" content=\"https:\/\/hanoilanguage.vn\/vn\/book\/giao-trinh-sejong\/\" \/>\n<meta property=\"og:site_name\" content=\"Language School\" \/>\n<meta property=\"article:modified_time\" content=\"2022-01-20T11:09:38+00:00\" \/>\n<meta property=\"og:image\" content=\"https:\/\/hanoilanguage.vn\/vn\/wp-content\/uploads\/2021\/12\/giao-trinh-Sejong.gif\" \/>\n<meta name=\"twitter:card\" content=\"summary_large_image\" \/>\n<meta name=\"twitter:label1\" content=\"Est. reading time\" \/>\n\t<meta name=\"twitter:data1\" content=\"4 minutes\" \/>\n<script type=\"application\/ld+json\" class=\"yoast-schema-graph\">{\"@context\":\"https:\/\/schema.org\",\"@graph\":[{\"@type\":\"WebSite\",\"@id\":\"https:\/\/hanoilanguage.vn\/vn\/#website\",\"url\":\"https:\/\/hanoilanguage.vn\/vn\/\",\"name\":\"Language School\",\"description\":\"HTH\",\"potentialAction\":[{\"@type\":\"SearchAction\",\"target\":{\"@type\":\"EntryPoint\",\"urlTemplate\":\"https:\/\/hanoilanguage.vn\/vn\/?s={search_term_string}\"},\"query-input\":\"required name=search_term_string\"}],\"inLanguage\":\"en-US\"},{\"@type\":\"ImageObject\",\"@id\":\"https:\/\/hanoilanguage.vn\/vn\/book\/giao-trinh-sejong\/#primaryimage\",\"inLanguage\":\"en-US\",\"url\":\"https:\/\/hanoilanguage.vn\/vn\/wp-content\/uploads\/2021\/12\/giao-trinh-Sejong.gif\",\"contentUrl\":\"https:\/\/hanoilanguage.vn\/vn\/wp-content\/uploads\/2021\/12\/giao-trinh-Sejong.gif\",\"width\":500,\"height\":344},{\"@type\":\"WebPage\",\"@id\":\"https:\/\/hanoilanguage.vn\/vn\/book\/giao-trinh-sejong\/#webpage\",\"url\":\"https:\/\/hanoilanguage.vn\/vn\/book\/giao-trinh-sejong\/\",\"name\":\"GI\\u00c1O TR\\u00ccNH SEJONG - Language School\",\"isPartOf\":{\"@id\":\"https:\/\/hanoilanguage.vn\/vn\/#website\"},\"primaryImageOfPage\":{\"@id\":\"https:\/\/hanoilanguage.vn\/vn\/book\/giao-trinh-sejong\/#primaryimage\"},\"datePublished\":\"2021-12-02T03:10:14+00:00\",\"dateModified\":\"2022-01-20T11:09:38+00:00\",\"breadcrumb\":{\"@id\":\"https:\/\/hanoilanguage.vn\/vn\/book\/giao-trinh-sejong\/#breadcrumb\"},\"inLanguage\":\"en-US\",\"potentialAction\":[{\"@type\":\"ReadAction\",\"target\":[\"https:\/\/hanoilanguage.vn\/vn\/book\/giao-trinh-sejong\/\"]}]},{\"@type\":\"BreadcrumbList\",\"@id\":\"https:\/\/hanoilanguage.vn\/vn\/book\/giao-trinh-sejong\/#breadcrumb\",\"itemListElement\":[{\"@type\":\"ListItem\",\"position\":1,\"name\":\"Home\",\"item\":\"https:\/\/hanoilanguage.vn\/vn\/\"},{\"@type\":\"ListItem\",\"position\":2,\"name\":\"Book\",\"item\":\"https:\/\/hanoilanguage.vn\/vn\/book\/\"},{\"@type\":\"ListItem\",\"position\":3,\"name\":\"GI\\u00c1O TR\\u00ccNH SEJONG\"}]}]}<\/script>\n<!-- \/ Yoast SEO plugin. -->","yoast_head_json":{"title":"GI\u00c1O TR\u00ccNH SEJONG - Language School","robots":{"index":"index","follow":"follow","max-snippet":"max-snippet:-1","max-image-preview":"max-image-preview:large","max-video-preview":"max-video-preview:-1"},"canonical":"https:\/\/hanoilanguage.vn\/vn\/book\/giao-trinh-sejong\/","og_locale":"en_US","og_type":"article","og_title":"GI\u00c1O TR\u00ccNH SEJONG - Language School","og_description":"GI\u00c1O TR\u00ccNH TI\u1ebeNG H\u00c0N SEJONG Gi\u00e1o tr\u00ecnh ti\u1ebfng H\u00e0n Sejong &#8211; \uc138\uc885 \ud55c\uad6d\uc5b4 \u0111\u01b0\u1ee3c bi\u00ean so\u1ea1n b\u1edfi c\u00e1c gi\u00e1o s\u01b0 ng\u00f4n ng\u1eef c\u1ee7a h\u1ecdc vi\u1ec7n H\u00e0n Sejong tr\u1ef1c ti\u1ebfp thu\u1ed9c tr\u01b0\u1eddng \u0110\u1ea1i h\u1ecdc Sejong tr\u1ef1c ti\u1ebfp bi\u00ean so\u1ea1n. N\u1eb1m trong TOP 4 gi\u00e1o tr\u00ecnh H\u00e0n ng\u1eef ch\u1ea5t l\u01b0\u1ee3ng nh\u1ea5t d\u00e0nh cho du h\u1ecdc sinh bao...","og_url":"https:\/\/hanoilanguage.vn\/vn\/book\/giao-trinh-sejong\/","og_site_name":"Language School","article_modified_time":"2022-01-20T11:09:38+00:00","og_image":[{"url":"https:\/\/hanoilanguage.vn\/vn\/wp-content\/uploads\/2021\/12\/giao-trinh-Sejong.gif"}],"twitter_card":"summary_large_image","twitter_misc":{"Est. reading time":"4 minutes"},"schema":{"@context":"https:\/\/schema.org","@graph":[{"@type":"WebSite","@id":"https:\/\/hanoilanguage.vn\/vn\/#website","url":"https:\/\/hanoilanguage.vn\/vn\/","name":"Language School","description":"HTH","potentialAction":[{"@type":"SearchAction","target":{"@type":"EntryPoint","urlTemplate":"https:\/\/hanoilanguage.vn\/vn\/?s={search_term_string}"},"query-input":"required name=search_term_string"}],"inLanguage":"en-US"},{"@type":"ImageObject","@id":"https:\/\/hanoilanguage.vn\/vn\/book\/giao-trinh-sejong\/#primaryimage","inLanguage":"en-US","url":"https:\/\/hanoilanguage.vn\/vn\/wp-content\/uploads\/2021\/12\/giao-trinh-Sejong.gif","contentUrl":"https:\/\/hanoilanguage.vn\/vn\/wp-content\/uploads\/2021\/12\/giao-trinh-Sejong.gif","width":500,"height":344},{"@type":"WebPage","@id":"https:\/\/hanoilanguage.vn\/vn\/book\/giao-trinh-sejong\/#webpage","url":"https:\/\/hanoilanguage.vn\/vn\/book\/giao-trinh-sejong\/","name":"GI\u00c1O TR\u00ccNH SEJONG - Language School","isPartOf":{"@id":"https:\/\/hanoilanguage.vn\/vn\/#website"},"primaryImageOfPage":{"@id":"https:\/\/hanoilanguage.vn\/vn\/book\/giao-trinh-sejong\/#primaryimage"},"datePublished":"2021-12-02T03:10:14+00:00","dateModified":"2022-01-20T11:09:38+00:00","breadcrumb":{"@id":"https:\/\/hanoilanguage.vn\/vn\/book\/giao-trinh-sejong\/#breadcrumb"},"inLanguage":"en-US","potentialAction":[{"@type":"ReadAction","target":["https:\/\/hanoilanguage.vn\/vn\/book\/giao-trinh-sejong\/"]}]},{"@type":"BreadcrumbList","@id":"https:\/\/hanoilanguage.vn\/vn\/book\/giao-trinh-sejong\/#breadcrumb","itemListElement":[{"@type":"ListItem","position":1,"name":"Home","item":"https:\/\/hanoilanguage.vn\/vn\/"},{"@type":"ListItem","position":2,"name":"Book","item":"https:\/\/hanoilanguage.vn\/vn\/book\/"},{"@type":"ListItem","position":3,"name":"GI\u00c1O TR\u00ccNH SEJONG"}]}]}},"_links":{"self":[{"href":"https:\/\/hanoilanguage.vn\/vn\/wp-json\/wp\/v2\/pages\/1705"}],"collection":[{"href":"https:\/\/hanoilanguage.vn\/vn\/wp-json\/wp\/v2\/pages"}],"about":[{"href":"https:\/\/hanoilanguage.vn\/vn\/wp-json\/wp\/v2\/types\/page"}],"author":[{"embeddable":true,"href":"https:\/\/hanoilanguage.vn\/vn\/wp-json\/wp\/v2\/users\/3"}],"replies":[{"embeddable":true,"href":"https:\/\/hanoilanguage.vn\/vn\/wp-json\/wp\/v2\/comments?post=1705"}],"version-history":[{"count":7,"href":"https:\/\/hanoilanguage.vn\/vn\/wp-json\/wp\/v2\/pages\/1705\/revisions"}],"predecessor-version":[{"id":2819,"href":"https:\/\/hanoilanguage.vn\/vn\/wp-json\/wp\/v2\/pages\/1705\/revisions\/2819"}],"up":[{"embeddable":true,"href":"https:\/\/hanoilanguage.vn\/vn\/wp-json\/wp\/v2\/pages\/938"}],"wp:attachment":[{"href":"https:\/\/hanoilanguage.vn\/vn\/wp-json\/wp\/v2\/media?parent=1705"}],"curies":[{"name":"wp","href":"https:\/\/api.w.org\/{rel}","templated":true}]}}