{"id":1688,"date":"2021-12-02T09:42:47","date_gmt":"2021-12-02T02:42:47","guid":{"rendered":"https:\/\/hanoilanguage.vn\/vn\/?page_id=1688"},"modified":"2022-01-20T16:53:21","modified_gmt":"2022-01-20T09:53:21","slug":"interchange-123","status":"publish","type":"page","link":"https:\/\/hanoilanguage.vn\/vn\/book\/interchange-123\/","title":{"rendered":"B\u1ed8 S\u00c1CH INTERCHAGE 1,2,3"},"content":{"rendered":"<p><span style=\"font-size: 180%;\"><strong>B\u1ed9 s\u00e1ch Cambridge Interchange &#8211; Chinh ph\u1ee5c ti\u1ebfng Anh<\/strong><\/span><\/p>\n<p><span style=\"font-size: 120%;\"><strong>1. Gi\u1edbi thi\u1ec7u v\u1ec1 Cambridge Interchange<\/strong><\/span><\/p>\n<p><strong>Cambridge Interchange Fourth Edition<\/strong>\u00a0l\u00e0 phi\u00ean b\u1ea3n t\u00e1i b\u1ea3n l\u1ea7n th\u1ee9 4 c\u1ee7a b\u1ed9 gi\u00e1o tr\u00ecnh Interchange, series th\u00e0nh c\u00f4ng nh\u1ea5t tr\u00ean th\u1ebf gi\u1edbi d\u00e0nh cho c\u00e1c b\u1ea1n tu\u1ed5i Teen v\u00e0 ng\u01b0\u1eddi l\u1edbn h\u1ecdc ti\u1ebfng Anh M\u1ef9. Phi\u00ean b\u1ea3n \u0111\u00e3 \u0111\u01b0\u1ee3c s\u1eeda \u0111\u1ed5i \u0111\u1ec3 c\u1eadp nh\u1eadt nh\u1eefng ph\u01b0\u01a1ng ph\u00e1p h\u1ecdc t\u1eadp v\u00e0 ti\u1ebfp c\u1eadn ng\u00f4n ng\u1eef hi\u1ec7n \u0111\u1ea1i. N\u00f3 c\u0169ng c\u1eadp nh\u1eadt l\u1ea1i nh\u1eefng n\u00e9t m\u1edbi trong gi\u1ea3ng d\u1ea1y \u0111\u01b0\u1ee3c ch\u00ednh c\u00e1c gi\u00e1o vi\u00ean t\u1eeb nhi\u1ec1u n\u01b0\u1edbc tr\u00ean th\u1ebf gi\u1edbi \u0111\u00f3ng g\u00f3p v\u00e0 th\u00eam v\u00e0o nh\u1eefng n\u00e9t m\u1edbi theo y\u00eau c\u1ea7u c\u1ee7a sinh vi\u00ean t\u1eeb nhi\u1ec1u n\u01b0\u1edbc g\u1eedi v\u1ec1.<br \/>\nPhi\u00ean b\u1ea3n Fourth Edition n\u00e0y cung c\u1ea5p c\u00e1c n\u1ed9i dung c\u1eadp nh\u1eadt trong t\u1eebng b\u00e0i h\u1ecdc, th\u1ef1c h\u00e0nh ng\u1eef ph\u00e1p v\u00e0 mang \u0111\u1ebfn nhi\u1ec1u ph\u1ea7n \u0111\u1ec3 ng\u01b0\u1eddi h\u1ecdc ph\u00e1t tri\u1ec3n k\u1ef9 n\u0103ng Nghe v\u00e0 N\u00f3i.\u00a0<strong>Interchange Fourth Edition<\/strong>\u00a0mang \u0111\u1ebfn c\u00e1c ch\u1ee7 \u0111\u1ec1 h\u1ecdc \u0111\u01b0\u01a1ng \u0111\u1ea1i trong \u0111\u00f3 ch\u00fa tr\u1ecdng \u0111\u1ebfn 2 ph\u1ea7n: S\u1ef1 ch\u00ednh x\u00e1c trong ph\u00e1t \u00e2m v\u00e0 L\u01b0u lo\u00e1t trong c\u00e1ch n\u00f3i. B\u1ed9 ph\u1ea7n m\u1ec1m t\u01b0\u01a1ng t\u00e1c tuy\u1ec7t v\u1eddi c\u1ee7a n\u00f3 s\u1ebd gi\u00fap ng\u01b0\u1eddi h\u1ecdc ph\u00e1t tri\u1ec3n 5 k\u1ef9 n\u0103ng \u0111\u1ed3ng th\u1eddi:\u00a0<strong>Nghe, N\u00f3i, \u0110\u1ecdc, Vi\u1ebft v\u00e0 Ng\u1eef ph\u00e1p<\/strong>. B\u00ean c\u1ea1nh \u0111\u00f3, ph\u1ea7n t\u1eeb v\u1ef1ng c\u0169ng lu\u00f4n \u0111\u01b0\u1ee3c \u0111\u1ea9y m\u1ea1nh trong t\u1eebng c\u1ea5p \u0111\u1ed9 c\u1ee7a ch\u01b0\u01a1ng tr\u00ecnh.<\/p>\n<p>&nbsp;<\/p>\n<p>B\u1ed9 s\u00e1ch bao g\u1ed3m <strong>Cambridge Interchange <\/strong>bao g\u1ed3m 4 c\u1ea5p \u0111\u1ed9 t\u1eeb d\u1ec5 \u0111\u1ebfn kh\u00f3 t\u01b0\u01a1ng \u1ee9ng v\u1edbi s\u00e1ch cu\u1ed1n s\u1ed1 Intro, 1, 2, 3.<\/p>\n<p>&nbsp;<\/p>\n<p><img src=\"https:\/\/langmaster.edu.vn\/public\/files\/editor-upload\/images\/Thu-Vien\/Interchange-4.jpg\" alt=\" Interchange-4.jpg\" \/><\/p>\n<p>&nbsp;<\/p>\n<p><span style=\"font-size: 120%;\"><strong>2. M\u1ed9t s\u1ed1 \u0111\u1eb7c \u0111i\u1ec3m ch\u00ednh c\u1ee7a Gi\u00e1o Tr\u00ecnh Interchange Fourth Edition:<\/strong><\/span><\/p>\n<p>&#8211; L\u00e0 b\u1ed9 gi\u00e1o tr\u00ecnh \u0111a k\u1ef9 n\u0103ng \u0111\u00e3 \u0111\u01b0\u1ee3c ch\u1ee9ng minh v\u00e0 ki\u1ec3m ch\u1ee9ng.<br \/>\n&#8211; T\u1eadp trung v\u00e0o t\u00ednh ch\u00ednh x\u00e1c v\u00e0 l\u01b0u lo\u00e1t.<br \/>\n&#8211; C\u00e1c ch\u1ee7 \u0111\u1ec1 h\u1ecdc ph\u00f9 h\u1ee3p v\u1edbi th\u1ebf gi\u1edbi \u0111\u01b0\u01a1ng \u0111\u1ea1i.<br \/>\n&#8211; T\u1ef1 nhi\u00ean trong c\u00e1ch \u0111\u00e0m tho\u1ea1i.<br \/>\n&#8211; Ng\u1eef ph\u00e1p \u0111\u01b0\u1ee3c t\u00edch h\u1ee3p trong t\u1eebng ng\u1eef c\u1ea3nh giao ti\u1ebfp.<br \/>\n&#8211; C\u00e1c ho\u1ea1t \u0111\u1ed9ng nghe \u0111\u01b0\u1ee3c ch\u00fa tr\u1ecdng.<br \/>\n&#8211; L\u00e0 b\u1ed9 gi\u00e1o tr\u00ecnh lu\u00f4n ch\u00fa tr\u1ecdng \u0111\u1ebfn s\u1ef1 ch\u00ednh x\u00e1c trong ph\u00e1t \u00e2m.<\/p>\n<p>Gi\u00e1o tr\u00ecnh g\u1ed3m c\u00f3 nh\u1eefng ph\u1ea7n sau:<br \/>\nN\u1ebfu h\u1ecdc vi\u00ean mu\u1ed1n h\u1ecdc t\u1eadp trung v\u00e0o Giao ti\u1ebfp online 1 k\u00e8m 1 th\u00ec gi\u00e1o vi\u00ean s\u1ebd t\u1eadp trung v\u00e0o:<br \/>\n1. Conversation (\u0110\u00e0m tho\u1ea1i)<br \/>\n2. Speaking (N\u00f3i)<br \/>\n3. Pronunciation (Ph\u00e1t \u00e2m)<br \/>\n4. Word power (T\u1eeb V\u1ef1ng)<br \/>\n5 . Snapshot (Th\u1ea3o Lu\u1eadn)<br \/>\n===================<br \/>\nNgo\u00e0i gi\u1edd h\u1ecdc online 1 k\u00e8m 1 tr\u00ean l\u1edbp th\u00ec nh\u1eefng ph\u1ea7n v\u1ec1 ng\u1eef ph\u00e1p v\u00e0 \u0111\u1ecdc c\u00f3 th\u1ec3 l\u00e0m th\u00eam \u1edf nh\u00e0 ho\u1eb7c h\u1ecdc tr\u00ean l\u1edbp ( t\u00f9y ch\u1ecdn)<br \/>\n6. Grammar (Ng\u1eef Ph\u00e1p)<br \/>\n7. Listening (Nghe)<br \/>\n8. Writing and Reading (Vi\u1ebft v\u00e0 \u0111\u1ecdc)<\/p>\n<p><img loading=\"lazy\" class=\"alignnone wp-image-1775\" src=\"https:\/\/hanoilanguage.vn\/vn\/wp-content\/uploads\/2021\/12\/Screen-Shot-2021-12-02-at-15.34.38-638x400.png\" alt=\"\" width=\"896\" height=\"562\" srcset=\"https:\/\/hanoilanguage.vn\/vn\/wp-content\/uploads\/2021\/12\/Screen-Shot-2021-12-02-at-15.34.38-638x400.png 638w, https:\/\/hanoilanguage.vn\/vn\/wp-content\/uploads\/2021\/12\/Screen-Shot-2021-12-02-at-15.34.38-1276x800.png 1276w, https:\/\/hanoilanguage.vn\/vn\/wp-content\/uploads\/2021\/12\/Screen-Shot-2021-12-02-at-15.34.38-768x481.png 768w, https:\/\/hanoilanguage.vn\/vn\/wp-content\/uploads\/2021\/12\/Screen-Shot-2021-12-02-at-15.34.38-300x188.png 300w, https:\/\/hanoilanguage.vn\/vn\/wp-content\/uploads\/2021\/12\/Screen-Shot-2021-12-02-at-15.34.38-600x376.png 600w, https:\/\/hanoilanguage.vn\/vn\/wp-content\/uploads\/2021\/12\/Screen-Shot-2021-12-02-at-15.34.38.png 1356w\" sizes=\"(max-width: 896px) 100vw, 896px\" \/> <img loading=\"lazy\" class=\"alignnone wp-image-1776\" src=\"https:\/\/hanoilanguage.vn\/vn\/wp-content\/uploads\/2021\/12\/Screen-Shot-2021-12-02-at-15.34.48-639x400.png\" alt=\"\" width=\"898\" height=\"562\" srcset=\"https:\/\/hanoilanguage.vn\/vn\/wp-content\/uploads\/2021\/12\/Screen-Shot-2021-12-02-at-15.34.48-639x400.png 639w, https:\/\/hanoilanguage.vn\/vn\/wp-content\/uploads\/2021\/12\/Screen-Shot-2021-12-02-at-15.34.48-1278x800.png 1278w, https:\/\/hanoilanguage.vn\/vn\/wp-content\/uploads\/2021\/12\/Screen-Shot-2021-12-02-at-15.34.48-768x481.png 768w, https:\/\/hanoilanguage.vn\/vn\/wp-content\/uploads\/2021\/12\/Screen-Shot-2021-12-02-at-15.34.48-300x188.png 300w, https:\/\/hanoilanguage.vn\/vn\/wp-content\/uploads\/2021\/12\/Screen-Shot-2021-12-02-at-15.34.48-600x376.png 600w, https:\/\/hanoilanguage.vn\/vn\/wp-content\/uploads\/2021\/12\/Screen-Shot-2021-12-02-at-15.34.48.png 1356w\" sizes=\"(max-width: 898px) 100vw, 898px\" \/> <img loading=\"lazy\" class=\"alignnone wp-image-1777\" src=\"https:\/\/hanoilanguage.vn\/vn\/wp-content\/uploads\/2021\/12\/Screen-Shot-2021-12-02-at-15.35.02-640x400.png\" alt=\"\" width=\"898\" height=\"561\" srcset=\"https:\/\/hanoilanguage.vn\/vn\/wp-content\/uploads\/2021\/12\/Screen-Shot-2021-12-02-at-15.35.02-640x400.png 640w, https:\/\/hanoilanguage.vn\/vn\/wp-content\/uploads\/2021\/12\/Screen-Shot-2021-12-02-at-15.35.02-1280x800.png 1280w, https:\/\/hanoilanguage.vn\/vn\/wp-content\/uploads\/2021\/12\/Screen-Shot-2021-12-02-at-15.35.02-768x480.png 768w, https:\/\/hanoilanguage.vn\/vn\/wp-content\/uploads\/2021\/12\/Screen-Shot-2021-12-02-at-15.35.02-300x187.png 300w, https:\/\/hanoilanguage.vn\/vn\/wp-content\/uploads\/2021\/12\/Screen-Shot-2021-12-02-at-15.35.02-600x375.png 600w, https:\/\/hanoilanguage.vn\/vn\/wp-content\/uploads\/2021\/12\/Screen-Shot-2021-12-02-at-15.35.02.png 1357w\" sizes=\"(max-width: 898px) 100vw, 898px\" \/><\/p>\n<p><span style=\"font-size: 120%;\"><strong>3. M\u1ed9t s\u1ed1 h\u01b0\u1edbng d\u1eabn h\u1ecdc ti\u1ebfng Anh v\u1edbi gi\u00e1o tr\u00ecnh Cambridge Interchange<\/strong><\/span><\/p>\n<p><strong>B\u01b0\u1edbc 1. Xem qua SB tr\u01b0\u1edbc 1, 2 l\u1ea7n<\/strong><\/p>\n<p>\u0110\u00e2y l\u00e0 b\u01b0\u1edbc kh\u00e1 quan tr\u1ecdng trong khi b\u1ea1n s\u1eed d\u1ee5ng b\u1ed9 t\u00e0i li\u1ec7u n\u00e0y. T\u1ea1i sao v\u1eady? B\u01b0\u1edbc n\u00e0y s\u1ebd gi\u00fap b\u1ea1n \u0111\u1ecbnh h\u00ecnh \u0111\u01b0\u1ee3c b\u00e0i h\u1ecdc m\u00e0 c\u00e1c b\u1ea1n s\u1ebd ph\u1ea3i \u201cchi\u1ebfn \u0111\u1ea5u\u201d h\u00f4m nay l\u00e0 g\u00ec. Ch\u00fa \u00fd trong b\u01b0\u1edbc n\u00e0y \u0111\u1eebng c\u1ed1 g\u1eafng \u00e9p bu\u1ed9c m\u00ecnh nh\u1edb. H\u00e3y th\u1eadt th\u1ea3 l\u1ecfng tinh th\u1ea7n nh\u00e9.<\/p>\n<p><strong>B\u01b0\u1edbc 2: Nghe b\u1eb1ng Audio<\/strong><\/p>\n<p>Trong b\u01b0\u1edbc luy\u1ec7n nghe n\u00e0y c\u00e1c b\u1ea1n h\u00e3y ch\u00fa \u00fd nghe nhi\u1ec1u l\u1ea7n nh\u00e9. L\u1ea7n 1 nghe ch\u1ec9 b\u1eaft \u00fd ch\u00ednh, c\u1ed1 g\u1eafng b\u1eaft c\u00e1c t\u1eeb keywwork. L\u1ea7n th\u1ee9u hai nghe cho c\u00e1c chi ti\u1ebft c\u1ee5 th\u1ec3. B\u01b0\u1edbc n\u00e0y h\u00e3y t\u1eadp trung v\u00e0o c\u00e1c \u0111\u1ed9ng t\u1eeb, t\u00ean ri\u00eang, con s\u1ed1. Nghe l\u1ea7n 2, l\u1ea7n 3\u2026 c\u1ed1 g\u1eafng nghe \u0111\u01b0\u1ee3c nhi\u1ec1u nh\u1ea5t c\u00f3 th\u1ec3. N\u1ebfu em c\u00f3 th\u1ec3 d\u00f9ng ph\u01b0\u01a1ng ph\u00e1p dictation (nghe ch\u00e9p ch\u00ednh t\u1ea3) \u0111\u1ec3 th\u1ef1c hi\u1ec7n b\u01b0\u1edbc n\u00e0y th\u00ec c\u1ea3ng t\u1ed1t.<\/p>\n<p><strong>B\u01b0\u1edbc 3. Ki\u1ec3m tra Student book<\/strong><\/p>\n<p>Sau khi nghe nhi\u1ec1u l\u1ea7n, h\u00e3y m\u1edf s\u00e1ch SB v\u00e0 so s\u00e1nh. Trong khi v\u1eeba nghe v\u1eeba nh\u00ecn script ph\u1ea3i nh\u1edb ch\u00fa \u00fd \u0111\u1ebfn nh\u1eefng \u0111o\u1ea1n m\u00e0 b\u1ea1n kh\u00f4ng th\u1ec3 nghe \u0111\u01b0\u1ee3c \u1edf b\u01b0\u1edbc tr\u01b0\u1edbc nh\u00e9. \u0110o\u1ea1n n\u00e0y s\u1ebd ch\u1ec9 ra nh\u1eefng t\u1eeb m\u00e0 ch\u00fang ta kh\u00f4ng bi\u1ebft, nh\u1eefng t\u1eeb ch\u00fang ta \u0111\u1ecdc sai, nh\u1eefng t\u1eeb c\u00f3 n\u1ed1i \u00e2m, bi\u1ebfn \u00e2m\u2026Ti\u1ebfp theo v\u1eeba nghe v\u00f9a b\u1eaft ch\u01b0\u1edbc \u0111\u1ecdc theo. B\u01b0\u1edbc n\u00e0y r\u1ea5t quan tr\u1ecdng trong vi\u1ec7c ph\u00e1t tri\u1ec3n k\u1ef9 n\u0103ng n\u00f3i c\u1ee7a b\u1ea1n.<\/p>\n<p><strong>B\u01b0\u1edbc 4. L\u00e0m b\u00e0i t\u1eadp WB.<\/strong><\/p>\n<p>M\u1edf s\u00e1ch b\u00e0i t\u1eadp ra v\u00e0 l\u00e0m c\u00e1c b\u00e0i t\u1eadp \u0111\u1ec3 c\u1ee7ng c\u1ed1 ki\u1ebfn th\u1ee9c. Sau khi ho\u00e0n th\u00e0nh, tham kh\u1ea3o \u0111\u00e1p \u00e1n b\u1eb1ng qua TB \u0111\u1ec3 ki\u1ec3m tra m\u00ecnh l\u00e0m \u0111\u00fang bao nhi\u00eau %. Ch\u00fa \u00fd nh\u1eefng c\u00e2u l\u00e0m sai. Ph\u1ea3i t\u00ecm hi\u1ec3u t\u1ea1i sao m\u00ecnh l\u1ea1i sai nh\u00e9.<\/p>\n<p><strong>B\u01b0\u1edbc 5. Th\u1ef1c h\u00e0nh v\u1edbi gi\u00e1o vi\u00ean Philippines c\u1ee7a Hanoi L&amp;C Academy.<\/strong><\/p>\n<p>\u0110\u00e2y l\u00e0 ph\u1ea7n hay nh\u1ea5t c\u1ee7a b\u1ed9 gi\u00e1o tr\u00ecnh. T\u1ea1i \u0111\u00e2y b\u1ea1n c\u00f3 th\u1ec3 luy\u1ec7n t\u1eadp, th\u1ef1c h\u00e0nh t\u1ea5t c\u1ea3 c\u00e1c k\u1ef9 n\u0103ng ti\u1ebfng Anh nh\u01b0 nghe n\u00f3i, \u0111\u1ecdc vi\u1ebft, ng\u1eef ph\u00e1p, t\u1eeb v\u1ef1ng\u2026 H\u00e3y d\u00e0nh 1h m\u1ed7i ng\u00e0y cho vi\u1ec7c h\u1ecdc ti\u1ebfng Anh online 1:1 c\u00f9ng gi\u00e1o vi\u00ean Philippines c\u1ee7a Hanoi L&amp;C Academy nh\u00e9.<\/p>\n<blockquote><p><span style=\"font-size: 120%;\"><a href=\"https:\/\/docs.google.com\/forms\/d\/e\/1FAIpQLSf8MxHYkmySz3wiIZFSn6e1ibYG-OglhrrEb0TlcodCf73uiQ\/viewform\">&gt;&gt; \u0110\u0103ng k\u00fd h\u1ecdc th\u1eed mi\u1ec5n ph\u00ed T\u1ea0I \u0110\u00c2Y<\/a><\/span><\/p><\/blockquote>\n<p class=\"p1\"><strong>HANOI LANGUAGE &amp;\u00a0CULTURE ACADEMY<\/strong><\/p>\n<p class=\"p1\"><b>M\u1ecdi chi ti\u1ebft th\u1eafc m\u1eafc vui l\u00f2ng li\u00ean h\u1ec7 v\u1edbi Hanoi L&amp;C Academy qua c\u00e1c k\u00eanh sau:<\/b><\/p>\n<p class=\"p2\"><span class=\"s1\">? Email:\u00a0<a href=\"mailto:info.hanoiacademy@gmail.com\"><span class=\"s2\">info.hanoiacademy@gmail.com<\/span><\/a><\/span><\/p>\n<p class=\"p1\">? \u0110\u1ecba ch\u1ec9: CT4, Khu \u0111\u00f4 th\u1ecb M\u1ef9 \u0110\u00ecnh \u2013 S\u00f4ng \u0110\u00e0, Nam T\u1eeb Li\u00eam, H\u00e0 N\u1ed9i<\/p>\n<p class=\"p1\">? Hotline\/Zalo\/WhatsApp: +84 38 8383 789<\/p>\n<p class=\"p1\">? ID Kakaotalk: Thuylinh590<\/p>\n<p class=\"p1\">? Fanapge:\u00a0<a href=\"https:\/\/www.facebook.com\/hanoiacad\">https:\/\/www.facebook.com\/hanoiacad<\/a><\/p>\n<p class=\"p1\">? Instagram: hanoi.vietnamese<\/p>\n<p class=\"p1\"><span class=\"s3\">?<\/span>\u00a0Tiktok: @hanoi.academy<\/p>\n","protected":false},"excerpt":{"rendered":"<p>B\u1ed9 s\u00e1ch Cambridge Interchange &#8211; Chinh ph\u1ee5c ti\u1ebfng Anh 1. Gi\u1edbi thi\u1ec7u v\u1ec1 Cambridge Interchange Cambridge Interchange Fourth Edition\u00a0l\u00e0 phi\u00ean b\u1ea3n t\u00e1i b\u1ea3n l\u1ea7n th\u1ee9 4 c\u1ee7a b\u1ed9 gi\u00e1o tr\u00ecnh Interchange, series th\u00e0nh c\u00f4ng nh\u1ea5t tr\u00ean th\u1ebf gi\u1edbi d\u00e0nh cho c\u00e1c b\u1ea1n tu\u1ed5i Teen v\u00e0 ng\u01b0\u1eddi l\u1edbn h\u1ecdc ti\u1ebfng Anh M\u1ef9. Phi\u00ean b\u1ea3n \u0111\u00e3 \u0111\u01b0\u1ee3c&#8230;<\/p>\n","protected":false},"author":3,"featured_media":0,"parent":938,"menu_order":0,"comment_status":"closed","ping_status":"closed","template":"","meta":[],"yoast_head":"<!-- This site is optimized with the Yoast SEO plugin v17.7.1 - https:\/\/yoast.com\/wordpress\/plugins\/seo\/ -->\n<title>B\u1ed8 S\u00c1CH INTERCHAGE 1,2,3 - Language School<\/title>\n<meta name=\"robots\" content=\"index, follow, max-snippet:-1, max-image-preview:large, max-video-preview:-1\" \/>\n<link rel=\"canonical\" href=\"https:\/\/hanoilanguage.vn\/vn\/book\/interchange-123\/\" \/>\n<meta property=\"og:locale\" content=\"en_US\" \/>\n<meta property=\"og:type\" content=\"article\" \/>\n<meta property=\"og:title\" content=\"B\u1ed8 S\u00c1CH INTERCHAGE 1,2,3 - Language School\" \/>\n<meta property=\"og:description\" content=\"B\u1ed9 s\u00e1ch Cambridge Interchange &#8211; Chinh ph\u1ee5c ti\u1ebfng Anh 1. Gi\u1edbi thi\u1ec7u v\u1ec1 Cambridge Interchange Cambridge Interchange Fourth Edition\u00a0l\u00e0 phi\u00ean b\u1ea3n t\u00e1i b\u1ea3n l\u1ea7n th\u1ee9 4 c\u1ee7a b\u1ed9 gi\u00e1o tr\u00ecnh Interchange, series th\u00e0nh c\u00f4ng nh\u1ea5t tr\u00ean th\u1ebf gi\u1edbi d\u00e0nh cho c\u00e1c b\u1ea1n tu\u1ed5i Teen v\u00e0 ng\u01b0\u1eddi l\u1edbn h\u1ecdc ti\u1ebfng Anh M\u1ef9. Phi\u00ean b\u1ea3n \u0111\u00e3 \u0111\u01b0\u1ee3c...\" \/>\n<meta property=\"og:url\" content=\"https:\/\/hanoilanguage.vn\/vn\/book\/interchange-123\/\" \/>\n<meta property=\"og:site_name\" content=\"Language School\" \/>\n<meta property=\"article:modified_time\" content=\"2022-01-20T09:53:21+00:00\" \/>\n<meta property=\"og:image\" content=\"https:\/\/langmaster.edu.vn\/public\/files\/editor-upload\/images\/Thu-Vien\/Interchange-4.jpg\" \/>\n<meta name=\"twitter:card\" content=\"summary_large_image\" \/>\n<meta name=\"twitter:label1\" content=\"Est. reading time\" \/>\n\t<meta name=\"twitter:data1\" content=\"5 minutes\" \/>\n<script type=\"application\/ld+json\" class=\"yoast-schema-graph\">{\"@context\":\"https:\/\/schema.org\",\"@graph\":[{\"@type\":\"WebSite\",\"@id\":\"https:\/\/hanoilanguage.vn\/vn\/#website\",\"url\":\"https:\/\/hanoilanguage.vn\/vn\/\",\"name\":\"Language School\",\"description\":\"HTH\",\"potentialAction\":[{\"@type\":\"SearchAction\",\"target\":{\"@type\":\"EntryPoint\",\"urlTemplate\":\"https:\/\/hanoilanguage.vn\/vn\/?s={search_term_string}\"},\"query-input\":\"required name=search_term_string\"}],\"inLanguage\":\"en-US\"},{\"@type\":\"ImageObject\",\"@id\":\"https:\/\/hanoilanguage.vn\/vn\/book\/interchange-123\/#primaryimage\",\"inLanguage\":\"en-US\",\"url\":\"https:\/\/langmaster.edu.vn\/public\/files\/editor-upload\/images\/Thu-Vien\/Interchange-4.jpg\",\"contentUrl\":\"https:\/\/langmaster.edu.vn\/public\/files\/editor-upload\/images\/Thu-Vien\/Interchange-4.jpg\"},{\"@type\":\"WebPage\",\"@id\":\"https:\/\/hanoilanguage.vn\/vn\/book\/interchange-123\/#webpage\",\"url\":\"https:\/\/hanoilanguage.vn\/vn\/book\/interchange-123\/\",\"name\":\"B\\u1ed8 S\\u00c1CH INTERCHAGE 1,2,3 - Language School\",\"isPartOf\":{\"@id\":\"https:\/\/hanoilanguage.vn\/vn\/#website\"},\"primaryImageOfPage\":{\"@id\":\"https:\/\/hanoilanguage.vn\/vn\/book\/interchange-123\/#primaryimage\"},\"datePublished\":\"2021-12-02T02:42:47+00:00\",\"dateModified\":\"2022-01-20T09:53:21+00:00\",\"breadcrumb\":{\"@id\":\"https:\/\/hanoilanguage.vn\/vn\/book\/interchange-123\/#breadcrumb\"},\"inLanguage\":\"en-US\",\"potentialAction\":[{\"@type\":\"ReadAction\",\"target\":[\"https:\/\/hanoilanguage.vn\/vn\/book\/interchange-123\/\"]}]},{\"@type\":\"BreadcrumbList\",\"@id\":\"https:\/\/hanoilanguage.vn\/vn\/book\/interchange-123\/#breadcrumb\",\"itemListElement\":[{\"@type\":\"ListItem\",\"position\":1,\"name\":\"Home\",\"item\":\"https:\/\/hanoilanguage.vn\/vn\/\"},{\"@type\":\"ListItem\",\"position\":2,\"name\":\"Book\",\"item\":\"https:\/\/hanoilanguage.vn\/vn\/book\/\"},{\"@type\":\"ListItem\",\"position\":3,\"name\":\"B\\u1ed8 S\\u00c1CH INTERCHAGE 1,2,3\"}]}]}<\/script>\n<!-- \/ Yoast SEO plugin. -->","yoast_head_json":{"title":"B\u1ed8 S\u00c1CH INTERCHAGE 1,2,3 - Language School","robots":{"index":"index","follow":"follow","max-snippet":"max-snippet:-1","max-image-preview":"max-image-preview:large","max-video-preview":"max-video-preview:-1"},"canonical":"https:\/\/hanoilanguage.vn\/vn\/book\/interchange-123\/","og_locale":"en_US","og_type":"article","og_title":"B\u1ed8 S\u00c1CH INTERCHAGE 1,2,3 - Language School","og_description":"B\u1ed9 s\u00e1ch Cambridge Interchange &#8211; Chinh ph\u1ee5c ti\u1ebfng Anh 1. Gi\u1edbi thi\u1ec7u v\u1ec1 Cambridge Interchange Cambridge Interchange Fourth Edition\u00a0l\u00e0 phi\u00ean b\u1ea3n t\u00e1i b\u1ea3n l\u1ea7n th\u1ee9 4 c\u1ee7a b\u1ed9 gi\u00e1o tr\u00ecnh Interchange, series th\u00e0nh c\u00f4ng nh\u1ea5t tr\u00ean th\u1ebf gi\u1edbi d\u00e0nh cho c\u00e1c b\u1ea1n tu\u1ed5i Teen v\u00e0 ng\u01b0\u1eddi l\u1edbn h\u1ecdc ti\u1ebfng Anh M\u1ef9. Phi\u00ean b\u1ea3n \u0111\u00e3 \u0111\u01b0\u1ee3c...","og_url":"https:\/\/hanoilanguage.vn\/vn\/book\/interchange-123\/","og_site_name":"Language School","article_modified_time":"2022-01-20T09:53:21+00:00","og_image":[{"url":"https:\/\/langmaster.edu.vn\/public\/files\/editor-upload\/images\/Thu-Vien\/Interchange-4.jpg"}],"twitter_card":"summary_large_image","twitter_misc":{"Est. reading time":"5 minutes"},"schema":{"@context":"https:\/\/schema.org","@graph":[{"@type":"WebSite","@id":"https:\/\/hanoilanguage.vn\/vn\/#website","url":"https:\/\/hanoilanguage.vn\/vn\/","name":"Language School","description":"HTH","potentialAction":[{"@type":"SearchAction","target":{"@type":"EntryPoint","urlTemplate":"https:\/\/hanoilanguage.vn\/vn\/?s={search_term_string}"},"query-input":"required name=search_term_string"}],"inLanguage":"en-US"},{"@type":"ImageObject","@id":"https:\/\/hanoilanguage.vn\/vn\/book\/interchange-123\/#primaryimage","inLanguage":"en-US","url":"https:\/\/langmaster.edu.vn\/public\/files\/editor-upload\/images\/Thu-Vien\/Interchange-4.jpg","contentUrl":"https:\/\/langmaster.edu.vn\/public\/files\/editor-upload\/images\/Thu-Vien\/Interchange-4.jpg"},{"@type":"WebPage","@id":"https:\/\/hanoilanguage.vn\/vn\/book\/interchange-123\/#webpage","url":"https:\/\/hanoilanguage.vn\/vn\/book\/interchange-123\/","name":"B\u1ed8 S\u00c1CH INTERCHAGE 1,2,3 - Language School","isPartOf":{"@id":"https:\/\/hanoilanguage.vn\/vn\/#website"},"primaryImageOfPage":{"@id":"https:\/\/hanoilanguage.vn\/vn\/book\/interchange-123\/#primaryimage"},"datePublished":"2021-12-02T02:42:47+00:00","dateModified":"2022-01-20T09:53:21+00:00","breadcrumb":{"@id":"https:\/\/hanoilanguage.vn\/vn\/book\/interchange-123\/#breadcrumb"},"inLanguage":"en-US","potentialAction":[{"@type":"ReadAction","target":["https:\/\/hanoilanguage.vn\/vn\/book\/interchange-123\/"]}]},{"@type":"BreadcrumbList","@id":"https:\/\/hanoilanguage.vn\/vn\/book\/interchange-123\/#breadcrumb","itemListElement":[{"@type":"ListItem","position":1,"name":"Home","item":"https:\/\/hanoilanguage.vn\/vn\/"},{"@type":"ListItem","position":2,"name":"Book","item":"https:\/\/hanoilanguage.vn\/vn\/book\/"},{"@type":"ListItem","position":3,"name":"B\u1ed8 S\u00c1CH INTERCHAGE 1,2,3"}]}]}},"_links":{"self":[{"href":"https:\/\/hanoilanguage.vn\/vn\/wp-json\/wp\/v2\/pages\/1688"}],"collection":[{"href":"https:\/\/hanoilanguage.vn\/vn\/wp-json\/wp\/v2\/pages"}],"about":[{"href":"https:\/\/hanoilanguage.vn\/vn\/wp-json\/wp\/v2\/types\/page"}],"author":[{"embeddable":true,"href":"https:\/\/hanoilanguage.vn\/vn\/wp-json\/wp\/v2\/users\/3"}],"replies":[{"embeddable":true,"href":"https:\/\/hanoilanguage.vn\/vn\/wp-json\/wp\/v2\/comments?post=1688"}],"version-history":[{"count":10,"href":"https:\/\/hanoilanguage.vn\/vn\/wp-json\/wp\/v2\/pages\/1688\/revisions"}],"predecessor-version":[{"id":2799,"href":"https:\/\/hanoilanguage.vn\/vn\/wp-json\/wp\/v2\/pages\/1688\/revisions\/2799"}],"up":[{"embeddable":true,"href":"https:\/\/hanoilanguage.vn\/vn\/wp-json\/wp\/v2\/pages\/938"}],"wp:attachment":[{"href":"https:\/\/hanoilanguage.vn\/vn\/wp-json\/wp\/v2\/media?parent=1688"}],"curies":[{"name":"wp","href":"https:\/\/api.w.org\/{rel}","templated":true}]}}