{"id":1604,"date":"2021-11-30T20:56:27","date_gmt":"2021-11-30T13:56:27","guid":{"rendered":"https:\/\/hanoilanguage.vn\/vn\/?page_id=1604"},"modified":"2022-01-20T18:10:01","modified_gmt":"2022-01-20T11:10:01","slug":"tieng-han-tong-hop","status":"publish","type":"page","link":"https:\/\/hanoilanguage.vn\/vn\/book\/tieng-han-tong-hop\/","title":{"rendered":"TI\u1ebeNG H\u00c0N T\u1ed4NG H\u1ee2P"},"content":{"rendered":"<p><span style=\"color: #f99b1c;\"><strong><span style=\"font-size: 15.84px;\">TI\u1ebeNG H\u00c0N T\u1ed4NG H\u1ee2P<\/span><\/strong><\/span><\/p>\n<p><img loading=\"lazy\" class=\"alignnone wp-image-1605\" src=\"https:\/\/hanoilanguage.vn\/vn\/wp-content\/uploads\/2021\/11\/giao-trinh-tieng-Han-tong-hop-cho-nguoi-viet-moi-571x400.png\" alt=\"\" width=\"640\" height=\"448\" srcset=\"https:\/\/hanoilanguage.vn\/vn\/wp-content\/uploads\/2021\/11\/giao-trinh-tieng-Han-tong-hop-cho-nguoi-viet-moi-571x400.png 571w, https:\/\/hanoilanguage.vn\/vn\/wp-content\/uploads\/2021\/11\/giao-trinh-tieng-Han-tong-hop-cho-nguoi-viet-moi-300x210.png 300w, https:\/\/hanoilanguage.vn\/vn\/wp-content\/uploads\/2021\/11\/giao-trinh-tieng-Han-tong-hop-cho-nguoi-viet-moi-600x420.png 600w, https:\/\/hanoilanguage.vn\/vn\/wp-content\/uploads\/2021\/11\/giao-trinh-tieng-Han-tong-hop-cho-nguoi-viet-moi.png 700w\" sizes=\"(max-width: 640px) 100vw, 640px\" \/><\/p>\n<p><strong>B\u1ed9 gi\u00e1o tr\u00ecnh ti\u1ebfng H\u00e0n t\u1ed5ng h\u1ee3p<\/strong>\u00a0\u0111\u01b0\u1ee3c bi\u00ean so\u1ea1n b\u1edfi c\u00e1c gi\u00e1o s\u01b0 ng\u00f4n ng\u1eef \u0111\u1ebfn t\u1eeb nh\u1eefng tr\u01b0\u1eddng \u0111\u1ea1i h\u1ecdc H\u00e0n Qu\u1ed1c n\u1ed5i ti\u1ebfng (Cho Hang Rok v\u00e0 Lee Mi Rye) c\u00f9ng c\u00e1c gi\u1ea3ng vi\u00ean chuy\u00ean ng\u00e0nh c\u1ee7a Tr\u01b0\u1eddng \u0110\u1ea1i h\u1ecdc Khoa h\u1ecdc X\u00e3 h\u1ed9i v\u00e0 Nh\u00e2n v\u0103n H\u00e0 N\u1ed9i, TP.HCM<\/p>\n<p>\u0110\u00e2y l\u00e0 b\u1ed9 s\u00e1ch th\u00edch h\u1ee3p cho nh\u1eefng ng\u01b0\u1eddi m\u1edbi b\u1eaft \u0111\u1ea7u h\u1ecdc ti\u1ebfng H\u00e0n, \u0111\u1eb7c bi\u1ec7t l\u00e0 nh\u1eefng ng\u01b0\u1eddi\u00a0t\u1ef1 h\u1ecdc ti\u1ebfng H\u00e0n t\u1ea1i nh\u00e0, \u0111\u01b0\u1ee3c\u00a0tin t\u01b0\u1edfng s\u1eed d\u1ee5ng trong c\u00e1c tr\u01b0\u1eddng \u0111\u1ea1i h\u1ecdc v\u00e0 h\u1ea7u h\u1ebft c\u00e1c trung t\u00e2m tr\u00ean to\u00e0n l\u00e3nh th\u1ed5 Vi\u1ec7t Nam.<\/p>\n<p>Gi\u00e1o tr\u00ecnh ti\u1ebfng H\u00e0n vi\u1ebft ri\u00eang cho ng\u01b0\u1eddi Vi\u1ec7t v\u1edbi v\u0103n phong thu\u1ea7n Vi\u1ec7t, gi\u00fap ng\u01b0\u1eddi m\u1edbi h\u1ecdc d\u1ec5 ti\u1ebfp c\u1eadn v\u00e0 hi\u1ec3u s\u00e2u \u00fd ngh\u0129a t\u1eeb v\u1ef1ng c\u0169ng nh\u01b0 ng\u1eef ph\u00e1p.<\/p>\n<p>Gi\u00e1o tr\u00ecnh ti\u1ebfng H\u00e0n t\u1ed5ng h\u1ee3p bao g\u1ed3m t\u1ed5ng c\u1ed9ng 6 quy\u1ec3n chia l\u00e0m 3 c\u1ea5p \u0111\u1ed9: S\u01a1 c\u1ea5p (quy\u1ec3n 1 v\u00e0 quy\u1ec3n 2, trung c\u1ea5p quy\u1ec3n 3 + quy\u1ec3n 4 v\u00e0 cao c\u1ea5p l\u00e0 quy\u1ec3n 5 + 6). M\u1ed7i quy\u1ec3n c\u00f3 15 b\u00e0i h\u1ecdc v\u1ec1 c\u00e1c ch\u1ee7 \u0111\u1ec1 ti\u1ebfng H\u00e0n th\u01b0\u1eddng g\u1eb7p trong cu\u1ed9c s\u1ed1ng, v\u00e0 m\u1ed7i b\u00e0i h\u1ecdc c\u00f3 t\u1eeb v\u1ef1ng, ng\u1eef ph\u00e1p r\u1ed3i \u0111\u1ebfn 4 k\u1ef9 n\u0103ng: Nghe \u2013 N\u00f3i \u2013 \u0110\u1ecdc \u2013 Vi\u1ebft.<\/p>\n<blockquote><p><a href=\"https:\/\/docs.google.com\/forms\/d\/e\/1FAIpQLScV8tuKZQV2snH89r6_orpryEaHvVWzPyDBjwekFrv9paBInw\/viewform\"><span style=\"font-size: 110%;\">&gt;&gt; \u0110\u0103ng k\u00fd h\u1ecdc th\u1eed mi\u1ec5n ph\u00ed T\u1ea0I \u0110\u00c2Y<\/span><\/a><\/p><\/blockquote>\n<p class=\"p1\"><span style=\"color: #f99b1c;\"><strong>HANOI LANGUAGE &amp;\u00a0CULTURE ACADEMY<\/strong><\/span><\/p>\n<p class=\"p1\"><b>M\u1ecdi chi ti\u1ebft th\u1eafc m\u1eafc vui l\u00f2ng li\u00ean h\u1ec7 v\u1edbi Hanoi L&amp;C Academy qua c\u00e1c k\u00eanh sau:<\/b><\/p>\n<p class=\"p2\"><span class=\"s1\">? Email:\u00a0<a href=\"mailto:info.hanoiacademy@gmail.com\"><span class=\"s2\">info.hanoiacademy@gmail.com<\/span><\/a><\/span><\/p>\n<p class=\"p1\">? \u0110\u1ecba ch\u1ec9: CT4, Khu \u0111\u00f4 th\u1ecb M\u1ef9 \u0110\u00ecnh \u2013 S\u00f4ng \u0110\u00e0, Nam T\u1eeb Li\u00eam, H\u00e0 N\u1ed9i<\/p>\n<p class=\"p1\">? Hotline\/Zalo\/WhatsApp: +84 38 8383 789<\/p>\n<p class=\"p1\">? ID Kakaotalk: Thuylinh590<\/p>\n<p class=\"p1\">? Fanapge: <a href=\"https:\/\/www.facebook.com\/hnlcacademy\">https:\/\/www.facebook.com\/hnlcacademy\u00a0<\/a><\/p>\n<p class=\"p1\">? Instagram: hanoi.vietnamese<\/p>\n<p class=\"p1\"><span class=\"s3\">?<\/span> Tiktok: @hanoiacademi<\/p>\n<p>&nbsp;<\/p>\n<p>&nbsp;<\/p>\n","protected":false},"excerpt":{"rendered":"<p>TI\u1ebeNG H\u00c0N T\u1ed4NG H\u1ee2P B\u1ed9 gi\u00e1o tr\u00ecnh ti\u1ebfng H\u00e0n t\u1ed5ng h\u1ee3p\u00a0\u0111\u01b0\u1ee3c bi\u00ean so\u1ea1n b\u1edfi c\u00e1c gi\u00e1o s\u01b0 ng\u00f4n ng\u1eef \u0111\u1ebfn t\u1eeb nh\u1eefng tr\u01b0\u1eddng \u0111\u1ea1i h\u1ecdc H\u00e0n Qu\u1ed1c n\u1ed5i ti\u1ebfng (Cho Hang Rok v\u00e0 Lee Mi Rye) c\u00f9ng c\u00e1c gi\u1ea3ng vi\u00ean chuy\u00ean ng\u00e0nh c\u1ee7a Tr\u01b0\u1eddng \u0110\u1ea1i h\u1ecdc Khoa h\u1ecdc X\u00e3 h\u1ed9i v\u00e0 Nh\u00e2n v\u0103n H\u00e0 N\u1ed9i,&#8230;<\/p>\n","protected":false},"author":3,"featured_media":0,"parent":938,"menu_order":0,"comment_status":"closed","ping_status":"closed","template":"","meta":[],"yoast_head":"<!-- This site is optimized with the Yoast SEO plugin v17.7.1 - https:\/\/yoast.com\/wordpress\/plugins\/seo\/ -->\n<title>TI\u1ebeNG H\u00c0N T\u1ed4NG H\u1ee2P - Language School<\/title>\n<meta name=\"robots\" content=\"index, follow, max-snippet:-1, max-image-preview:large, max-video-preview:-1\" \/>\n<link rel=\"canonical\" href=\"https:\/\/hanoilanguage.vn\/vn\/book\/tieng-han-tong-hop\/\" \/>\n<meta property=\"og:locale\" content=\"en_US\" \/>\n<meta property=\"og:type\" content=\"article\" \/>\n<meta property=\"og:title\" content=\"TI\u1ebeNG H\u00c0N T\u1ed4NG H\u1ee2P - Language School\" \/>\n<meta property=\"og:description\" content=\"TI\u1ebeNG H\u00c0N T\u1ed4NG H\u1ee2P B\u1ed9 gi\u00e1o tr\u00ecnh ti\u1ebfng H\u00e0n t\u1ed5ng h\u1ee3p\u00a0\u0111\u01b0\u1ee3c bi\u00ean so\u1ea1n b\u1edfi c\u00e1c gi\u00e1o s\u01b0 ng\u00f4n ng\u1eef \u0111\u1ebfn t\u1eeb nh\u1eefng tr\u01b0\u1eddng \u0111\u1ea1i h\u1ecdc H\u00e0n Qu\u1ed1c n\u1ed5i ti\u1ebfng (Cho Hang Rok v\u00e0 Lee Mi Rye) c\u00f9ng c\u00e1c gi\u1ea3ng vi\u00ean chuy\u00ean ng\u00e0nh c\u1ee7a Tr\u01b0\u1eddng \u0110\u1ea1i h\u1ecdc Khoa h\u1ecdc X\u00e3 h\u1ed9i v\u00e0 Nh\u00e2n v\u0103n H\u00e0 N\u1ed9i,...\" \/>\n<meta property=\"og:url\" content=\"https:\/\/hanoilanguage.vn\/vn\/book\/tieng-han-tong-hop\/\" \/>\n<meta property=\"og:site_name\" content=\"Language School\" \/>\n<meta property=\"article:modified_time\" content=\"2022-01-20T11:10:01+00:00\" \/>\n<meta property=\"og:image\" content=\"https:\/\/hanoilanguage.vn\/vn\/wp-content\/uploads\/2021\/11\/giao-trinh-tieng-Han-tong-hop-cho-nguoi-viet-moi-571x400.png\" \/>\n<meta name=\"twitter:card\" content=\"summary_large_image\" \/>\n<meta name=\"twitter:label1\" content=\"Est. reading time\" \/>\n\t<meta name=\"twitter:data1\" content=\"2 minutes\" \/>\n<script type=\"application\/ld+json\" class=\"yoast-schema-graph\">{\"@context\":\"https:\/\/schema.org\",\"@graph\":[{\"@type\":\"WebSite\",\"@id\":\"https:\/\/hanoilanguage.vn\/vn\/#website\",\"url\":\"https:\/\/hanoilanguage.vn\/vn\/\",\"name\":\"Language School\",\"description\":\"HTH\",\"potentialAction\":[{\"@type\":\"SearchAction\",\"target\":{\"@type\":\"EntryPoint\",\"urlTemplate\":\"https:\/\/hanoilanguage.vn\/vn\/?s={search_term_string}\"},\"query-input\":\"required name=search_term_string\"}],\"inLanguage\":\"en-US\"},{\"@type\":\"ImageObject\",\"@id\":\"https:\/\/hanoilanguage.vn\/vn\/book\/tieng-han-tong-hop\/#primaryimage\",\"inLanguage\":\"en-US\",\"url\":\"https:\/\/hanoilanguage.vn\/vn\/wp-content\/uploads\/2021\/11\/giao-trinh-tieng-Han-tong-hop-cho-nguoi-viet-moi.png\",\"contentUrl\":\"https:\/\/hanoilanguage.vn\/vn\/wp-content\/uploads\/2021\/11\/giao-trinh-tieng-Han-tong-hop-cho-nguoi-viet-moi.png\",\"width\":700,\"height\":490},{\"@type\":\"WebPage\",\"@id\":\"https:\/\/hanoilanguage.vn\/vn\/book\/tieng-han-tong-hop\/#webpage\",\"url\":\"https:\/\/hanoilanguage.vn\/vn\/book\/tieng-han-tong-hop\/\",\"name\":\"TI\\u1ebeNG H\\u00c0N T\\u1ed4NG H\\u1ee2P - Language School\",\"isPartOf\":{\"@id\":\"https:\/\/hanoilanguage.vn\/vn\/#website\"},\"primaryImageOfPage\":{\"@id\":\"https:\/\/hanoilanguage.vn\/vn\/book\/tieng-han-tong-hop\/#primaryimage\"},\"datePublished\":\"2021-11-30T13:56:27+00:00\",\"dateModified\":\"2022-01-20T11:10:01+00:00\",\"breadcrumb\":{\"@id\":\"https:\/\/hanoilanguage.vn\/vn\/book\/tieng-han-tong-hop\/#breadcrumb\"},\"inLanguage\":\"en-US\",\"potentialAction\":[{\"@type\":\"ReadAction\",\"target\":[\"https:\/\/hanoilanguage.vn\/vn\/book\/tieng-han-tong-hop\/\"]}]},{\"@type\":\"BreadcrumbList\",\"@id\":\"https:\/\/hanoilanguage.vn\/vn\/book\/tieng-han-tong-hop\/#breadcrumb\",\"itemListElement\":[{\"@type\":\"ListItem\",\"position\":1,\"name\":\"Home\",\"item\":\"https:\/\/hanoilanguage.vn\/vn\/\"},{\"@type\":\"ListItem\",\"position\":2,\"name\":\"Book\",\"item\":\"https:\/\/hanoilanguage.vn\/vn\/book\/\"},{\"@type\":\"ListItem\",\"position\":3,\"name\":\"TI\\u1ebeNG H\\u00c0N T\\u1ed4NG H\\u1ee2P\"}]}]}<\/script>\n<!-- \/ Yoast SEO plugin. -->","yoast_head_json":{"title":"TI\u1ebeNG H\u00c0N T\u1ed4NG H\u1ee2P - Language School","robots":{"index":"index","follow":"follow","max-snippet":"max-snippet:-1","max-image-preview":"max-image-preview:large","max-video-preview":"max-video-preview:-1"},"canonical":"https:\/\/hanoilanguage.vn\/vn\/book\/tieng-han-tong-hop\/","og_locale":"en_US","og_type":"article","og_title":"TI\u1ebeNG H\u00c0N T\u1ed4NG H\u1ee2P - Language School","og_description":"TI\u1ebeNG H\u00c0N T\u1ed4NG H\u1ee2P B\u1ed9 gi\u00e1o tr\u00ecnh ti\u1ebfng H\u00e0n t\u1ed5ng h\u1ee3p\u00a0\u0111\u01b0\u1ee3c bi\u00ean so\u1ea1n b\u1edfi c\u00e1c gi\u00e1o s\u01b0 ng\u00f4n ng\u1eef \u0111\u1ebfn t\u1eeb nh\u1eefng tr\u01b0\u1eddng \u0111\u1ea1i h\u1ecdc H\u00e0n Qu\u1ed1c n\u1ed5i ti\u1ebfng (Cho Hang Rok v\u00e0 Lee Mi Rye) c\u00f9ng c\u00e1c gi\u1ea3ng vi\u00ean chuy\u00ean ng\u00e0nh c\u1ee7a Tr\u01b0\u1eddng \u0110\u1ea1i h\u1ecdc Khoa h\u1ecdc X\u00e3 h\u1ed9i v\u00e0 Nh\u00e2n v\u0103n H\u00e0 N\u1ed9i,...","og_url":"https:\/\/hanoilanguage.vn\/vn\/book\/tieng-han-tong-hop\/","og_site_name":"Language School","article_modified_time":"2022-01-20T11:10:01+00:00","og_image":[{"url":"https:\/\/hanoilanguage.vn\/vn\/wp-content\/uploads\/2021\/11\/giao-trinh-tieng-Han-tong-hop-cho-nguoi-viet-moi-571x400.png"}],"twitter_card":"summary_large_image","twitter_misc":{"Est. reading time":"2 minutes"},"schema":{"@context":"https:\/\/schema.org","@graph":[{"@type":"WebSite","@id":"https:\/\/hanoilanguage.vn\/vn\/#website","url":"https:\/\/hanoilanguage.vn\/vn\/","name":"Language School","description":"HTH","potentialAction":[{"@type":"SearchAction","target":{"@type":"EntryPoint","urlTemplate":"https:\/\/hanoilanguage.vn\/vn\/?s={search_term_string}"},"query-input":"required name=search_term_string"}],"inLanguage":"en-US"},{"@type":"ImageObject","@id":"https:\/\/hanoilanguage.vn\/vn\/book\/tieng-han-tong-hop\/#primaryimage","inLanguage":"en-US","url":"https:\/\/hanoilanguage.vn\/vn\/wp-content\/uploads\/2021\/11\/giao-trinh-tieng-Han-tong-hop-cho-nguoi-viet-moi.png","contentUrl":"https:\/\/hanoilanguage.vn\/vn\/wp-content\/uploads\/2021\/11\/giao-trinh-tieng-Han-tong-hop-cho-nguoi-viet-moi.png","width":700,"height":490},{"@type":"WebPage","@id":"https:\/\/hanoilanguage.vn\/vn\/book\/tieng-han-tong-hop\/#webpage","url":"https:\/\/hanoilanguage.vn\/vn\/book\/tieng-han-tong-hop\/","name":"TI\u1ebeNG H\u00c0N T\u1ed4NG H\u1ee2P - Language School","isPartOf":{"@id":"https:\/\/hanoilanguage.vn\/vn\/#website"},"primaryImageOfPage":{"@id":"https:\/\/hanoilanguage.vn\/vn\/book\/tieng-han-tong-hop\/#primaryimage"},"datePublished":"2021-11-30T13:56:27+00:00","dateModified":"2022-01-20T11:10:01+00:00","breadcrumb":{"@id":"https:\/\/hanoilanguage.vn\/vn\/book\/tieng-han-tong-hop\/#breadcrumb"},"inLanguage":"en-US","potentialAction":[{"@type":"ReadAction","target":["https:\/\/hanoilanguage.vn\/vn\/book\/tieng-han-tong-hop\/"]}]},{"@type":"BreadcrumbList","@id":"https:\/\/hanoilanguage.vn\/vn\/book\/tieng-han-tong-hop\/#breadcrumb","itemListElement":[{"@type":"ListItem","position":1,"name":"Home","item":"https:\/\/hanoilanguage.vn\/vn\/"},{"@type":"ListItem","position":2,"name":"Book","item":"https:\/\/hanoilanguage.vn\/vn\/book\/"},{"@type":"ListItem","position":3,"name":"TI\u1ebeNG H\u00c0N T\u1ed4NG H\u1ee2P"}]}]}},"_links":{"self":[{"href":"https:\/\/hanoilanguage.vn\/vn\/wp-json\/wp\/v2\/pages\/1604"}],"collection":[{"href":"https:\/\/hanoilanguage.vn\/vn\/wp-json\/wp\/v2\/pages"}],"about":[{"href":"https:\/\/hanoilanguage.vn\/vn\/wp-json\/wp\/v2\/types\/page"}],"author":[{"embeddable":true,"href":"https:\/\/hanoilanguage.vn\/vn\/wp-json\/wp\/v2\/users\/3"}],"replies":[{"embeddable":true,"href":"https:\/\/hanoilanguage.vn\/vn\/wp-json\/wp\/v2\/comments?post=1604"}],"version-history":[{"count":10,"href":"https:\/\/hanoilanguage.vn\/vn\/wp-json\/wp\/v2\/pages\/1604\/revisions"}],"predecessor-version":[{"id":2821,"href":"https:\/\/hanoilanguage.vn\/vn\/wp-json\/wp\/v2\/pages\/1604\/revisions\/2821"}],"up":[{"embeddable":true,"href":"https:\/\/hanoilanguage.vn\/vn\/wp-json\/wp\/v2\/pages\/938"}],"wp:attachment":[{"href":"https:\/\/hanoilanguage.vn\/vn\/wp-json\/wp\/v2\/media?parent=1604"}],"curies":[{"name":"wp","href":"https:\/\/api.w.org\/{rel}","templated":true}]}}