{"id":1319,"date":"2021-11-27T15:58:22","date_gmt":"2021-11-27T08:58:22","guid":{"rendered":"https:\/\/hanoilanguage.vn\/vn\/?page_id=1319"},"modified":"2022-01-21T18:02:36","modified_gmt":"2022-01-21T11:02:36","slug":"tieng-viet-123","status":"publish","type":"page","link":"https:\/\/hanoilanguage.vn\/vn\/tieng-viet-123\/","title":{"rendered":"TI\u1ebeNG VI\u1ec6T 123"},"content":{"rendered":"<p><strong><span style=\"font-size: 110%; color: #e14d43;\"><span style=\"vertical-align: inherit;\"><span style=\"vertical-align: inherit;\"><span style=\"vertical-align: inherit;\"><span style=\"vertical-align: inherit;\"><span style=\"vertical-align: inherit;\"><span style=\"vertical-align: inherit;\"><span style=\"vertical-align: inherit;\"><span style=\"vertical-align: inherit;\">TI\u1ebeNG VI\u1ec6T 123<\/span><\/span><\/span><\/span><\/span><\/span><\/span><\/span><\/span><\/strong><\/p>\n<p><img loading=\"lazy\" class=\"alignnone size-medium wp-image-2788\" src=\"https:\/\/hanoilanguage.vn\/vn\/wp-content\/uploads\/2022\/01\/Tie\u0302\u0301ng-vie\u0323\u0302t-123-637x400.jpeg\" alt=\"\" width=\"637\" height=\"400\" srcset=\"https:\/\/hanoilanguage.vn\/vn\/wp-content\/uploads\/2022\/01\/Tie\u0302\u0301ng-vie\u0323\u0302t-123-637x400.jpeg 637w, https:\/\/hanoilanguage.vn\/vn\/wp-content\/uploads\/2022\/01\/Tie\u0302\u0301ng-vie\u0323\u0302t-123-768x482.jpeg 768w, https:\/\/hanoilanguage.vn\/vn\/wp-content\/uploads\/2022\/01\/Tie\u0302\u0301ng-vie\u0323\u0302t-123-300x188.jpeg 300w, https:\/\/hanoilanguage.vn\/vn\/wp-content\/uploads\/2022\/01\/Tie\u0302\u0301ng-vie\u0323\u0302t-123-600x377.jpeg 600w, https:\/\/hanoilanguage.vn\/vn\/wp-content\/uploads\/2022\/01\/Tie\u0302\u0301ng-vie\u0323\u0302t-123.jpeg 925w\" sizes=\"(max-width: 637px) 100vw, 637px\" \/><\/p>\n<p>V\u1edbi m\u1ee5c \u0111\u00edch l\u00e0m cho ti\u1ebfng Vi\u1ec7t tr\u1edf n\u00ean g\u1ea7n g\u0169i, th\u1ef1c t\u1ebf h\u01a1n trung t\u00e2m 123VIETNAMESE \u0111\u00e3 x\u00e2y d\u1ef1ng ri\u00eang gi\u00e1o tr\u00ecnh Ti\u1ebfng Vi\u1ec7t 123 cho tr\u00ecnh \u0111\u1ed9 m\u1edbi b\u1eaft \u0111\u1ea7u.<br \/>\nNgo\u00e0i c\u00e1c ph\u1ea7n gi\u1edbi thi\u1ec7u h\u1ec7 th\u1ed1ng nguy\u00ean \u00e2m, ph\u1ee5 \u00e2m, thanh \u0111i\u1ec7u ti\u1ebfng Vi\u1ec7t, 3 b\u00e0i \u00f4n t\u1eadp, 5 b\u00e0i v\u0103n h\u00f3a, s\u00e1ch g\u1ed3m 16 b\u00e0i h\u1ecdc v\u1edbi c\u00e1c ch\u1ee7 \u0111\u1ec1 quen thu\u1ed9c trong cu\u1ed9c s\u1ed1ng nh\u01b0: l\u00e0m quen, mua s\u1eafm, th\u1eddi ti\u1ebft, ch\u1ec9 \u0111\u01b0\u1eddng\u2026C\u1ea5u tr\u00fac m\u1ed9t b\u00e0i h\u1ecdc bao g\u1ed3m h\u1ed9i tho\u1ea1i \u2013 t\u1eeb v\u1ef1ng \u2013 ng\u1eef ph\u00e1p v\u00e0 ng\u1eef \u00e2m.<\/p>\n<p>C\u00e1c b\u00e0i gi\u1edbi thi\u1ec7u v\u0103n h\u00f3a mang \u0111\u1ebfn cho ng\u01b0\u1eddi n\u01b0\u1edbc ngo\u00e0i nh\u1eefng tr\u1ea3i nghi\u1ec7m \u0111\u1ea7u ti\u00ean v\u1ec1 \u0111\u1ea5t n\u01b0\u1edbc Vi\u1ec7t Nam khi h\u1ecdc ti\u1ebfng Vi\u1ec7t.<\/p>\n<p><span style=\"color: #e14d43;\"><strong><span style=\"vertical-align: inherit;\"><span style=\"vertical-align: inherit;\"><span style=\"vertical-align: inherit;\"><span style=\"vertical-align: inherit;\"><span style=\"vertical-align: inherit;\"><span style=\"vertical-align: inherit;\"><span style=\"vertical-align: inherit;\"><span style=\"vertical-align: inherit;\">D\u01b0\u1edbi \u0111\u00e2y l\u00e0 cu\u1ed1n l\u1ee5c m\u1ee5c Ti\u1ebfng Vi\u1ec7t 123 tr\u00ecnh \u0111\u1ed9 A:<\/span><\/span><\/span><\/span><\/span><\/span><\/span><\/span><\/strong><\/span><\/p>\n<p><img src=\"https:\/\/hanoilanguage.vn\/vn\/wp-content\/uploads\/2021\/12\/123-1-276x400.jpg\" \/><img src=\"https:\/\/hanoilanguage.vn\/vn\/wp-content\/uploads\/2021\/12\/123-2-250x400.jpg\" \/><img src=\"https:\/\/hanoilanguage.vn\/vn\/wp-content\/uploads\/2021\/12\/123-3-296x400.jpg\" \/><\/p>\n<p>&nbsp;<\/p>\n<p style=\"text-align: justify;\"><span style=\"color: #e14d43;\"><strong><span style=\"vertical-align: inherit;\"><span style=\"vertical-align: inherit;\"><span style=\"vertical-align: inherit;\"><span style=\"vertical-align: inherit;\"><span style=\"vertical-align: inherit;\"><span style=\"vertical-align: inherit;\"> D\u01b0\u1edbi \u0111\u00e2y l\u00e0 cu\u1ed1n l\u1ee5c m\u1ee5c Ti\u1ebfng Vi\u1ec7t 123 tr\u00ecnh \u0111\u1ed9 B:<\/span><\/span><\/span><\/span><\/span><\/span><\/strong><\/span><\/p>\n<p><img src=\"https:\/\/hanoilanguage.vn\/vn\/wp-content\/uploads\/2021\/12\/123-2-1-279x400.jpg\" \/><img src=\"https:\/\/hanoilanguage.vn\/vn\/wp-content\/uploads\/2021\/12\/123-2-2-255x400.jpg\" \/><\/p>\n<div class=\"cmsmasters_text\" style=\"text-align: justify;\">\n<div class=\"cmsmasters_text\">\n<p><strong><span style=\"color: #f99b1c;\">HANOI LANGUAGE &amp; CULTURE ACADEMY<\/span><\/strong><\/p>\n<\/div>\n<\/div>\n<div id=\"bb_msg_id_1637752866621\" class=\"chat-message wrap-message rotate-container \" data-node-type=\"bubble-message\">\n<div class=\"\">\n<div class=\"card show-sender card--text\" data-id=\"div_ReceivedMsg_Text\">\n<div>\n<p>M\u1ecdi chi ti\u1ebft th\u1eafc m\u1eafc vui l\u00f2ng li\u00ean h\u1ec7 v\u1edbi Hanoi L&amp;C Academy qua c\u00e1c k\u00eanh sau:<\/p>\n<p>? Email: info.hanoiacademy@gmail.com<\/p>\n<p>? \u0110\u1ecba ch\u1ec9: CT4, Khu \u0111\u00f4 th\u1ecb M\u1ef9 \u0110\u00ecnh &#8211; S\u00f4ng \u0110\u00e0, Nam T\u1eeb Li\u00eam, H\u00e0 N\u1ed9i<\/p>\n<p>? Hotline\/Zalo\/WhatsApp: +84 38 8383 789<\/p>\n<p>? ID Kakaotalk: Thuylinh590<\/p>\n<p>? Fanapge: https:\/\/www.facebook.com\/hanoiacademi<\/p>\n<p>? Instagram: hanoi.vietnamese<\/p>\n<p>? Tiktok: @hanoi.academy<\/p>\n<\/div>\n<\/div>\n<\/div>\n<\/div>\n","protected":false},"excerpt":{"rendered":"<p>TI\u1ebeNG VI\u1ec6T 123 V\u1edbi m\u1ee5c \u0111\u00edch l\u00e0m cho ti\u1ebfng Vi\u1ec7t tr\u1edf n\u00ean g\u1ea7n g\u0169i, th\u1ef1c t\u1ebf h\u01a1n trung t\u00e2m 123VIETNAMESE \u0111\u00e3 x\u00e2y d\u1ef1ng ri\u00eang gi\u00e1o tr\u00ecnh Ti\u1ebfng Vi\u1ec7t 123 cho tr\u00ecnh \u0111\u1ed9 m\u1edbi b\u1eaft \u0111\u1ea7u. Ngo\u00e0i c\u00e1c ph\u1ea7n gi\u1edbi thi\u1ec7u h\u1ec7 th\u1ed1ng nguy\u00ean \u00e2m, ph\u1ee5 \u00e2m, thanh \u0111i\u1ec7u ti\u1ebfng Vi\u1ec7t, 3 b\u00e0i \u00f4n t\u1eadp, 5&#8230;<\/p>\n","protected":false},"author":3,"featured_media":0,"parent":0,"menu_order":0,"comment_status":"closed","ping_status":"closed","template":"","meta":[],"yoast_head":"<!-- This site is optimized with the Yoast SEO plugin v17.7.1 - https:\/\/yoast.com\/wordpress\/plugins\/seo\/ -->\n<title>TI\u1ebeNG VI\u1ec6T 123 - Language School<\/title>\n<meta name=\"robots\" content=\"index, follow, max-snippet:-1, max-image-preview:large, max-video-preview:-1\" \/>\n<link rel=\"canonical\" href=\"https:\/\/hanoilanguage.vn\/vn\/tieng-viet-123\/\" \/>\n<meta property=\"og:locale\" content=\"en_US\" \/>\n<meta property=\"og:type\" content=\"article\" \/>\n<meta property=\"og:title\" content=\"TI\u1ebeNG VI\u1ec6T 123 - Language School\" \/>\n<meta property=\"og:description\" content=\"TI\u1ebeNG VI\u1ec6T 123 V\u1edbi m\u1ee5c \u0111\u00edch l\u00e0m cho ti\u1ebfng Vi\u1ec7t tr\u1edf n\u00ean g\u1ea7n g\u0169i, th\u1ef1c t\u1ebf h\u01a1n trung t\u00e2m 123VIETNAMESE \u0111\u00e3 x\u00e2y d\u1ef1ng ri\u00eang gi\u00e1o tr\u00ecnh Ti\u1ebfng Vi\u1ec7t 123 cho tr\u00ecnh \u0111\u1ed9 m\u1edbi b\u1eaft \u0111\u1ea7u. Ngo\u00e0i c\u00e1c ph\u1ea7n gi\u1edbi thi\u1ec7u h\u1ec7 th\u1ed1ng nguy\u00ean \u00e2m, ph\u1ee5 \u00e2m, thanh \u0111i\u1ec7u ti\u1ebfng Vi\u1ec7t, 3 b\u00e0i \u00f4n t\u1eadp, 5...\" \/>\n<meta property=\"og:url\" content=\"https:\/\/hanoilanguage.vn\/vn\/tieng-viet-123\/\" \/>\n<meta property=\"og:site_name\" content=\"Language School\" \/>\n<meta property=\"article:modified_time\" content=\"2022-01-21T11:02:36+00:00\" \/>\n<meta property=\"og:image\" content=\"https:\/\/hanoilanguage.vn\/vn\/wp-content\/uploads\/2022\/01\/Tie\u0302\u0301ng-vie\u0323\u0302t-123-637x400.jpeg\" \/>\n<meta name=\"twitter:card\" content=\"summary_large_image\" \/>\n<meta name=\"twitter:label1\" content=\"Est. reading time\" \/>\n\t<meta name=\"twitter:data1\" content=\"3 minutes\" \/>\n<script type=\"application\/ld+json\" class=\"yoast-schema-graph\">{\"@context\":\"https:\/\/schema.org\",\"@graph\":[{\"@type\":\"WebSite\",\"@id\":\"https:\/\/hanoilanguage.vn\/vn\/#website\",\"url\":\"https:\/\/hanoilanguage.vn\/vn\/\",\"name\":\"Language School\",\"description\":\"HTH\",\"potentialAction\":[{\"@type\":\"SearchAction\",\"target\":{\"@type\":\"EntryPoint\",\"urlTemplate\":\"https:\/\/hanoilanguage.vn\/vn\/?s={search_term_string}\"},\"query-input\":\"required name=search_term_string\"}],\"inLanguage\":\"en-US\"},{\"@type\":\"ImageObject\",\"@id\":\"https:\/\/hanoilanguage.vn\/vn\/tieng-viet-123\/#primaryimage\",\"inLanguage\":\"en-US\",\"url\":\"https:\/\/hanoilanguage.vn\/vn\/wp-content\/uploads\/2022\/01\/Tie\\u0302\\u0301ng-vie\\u0323\\u0302t-123.jpeg\",\"contentUrl\":\"https:\/\/hanoilanguage.vn\/vn\/wp-content\/uploads\/2022\/01\/Tie\\u0302\\u0301ng-vie\\u0323\\u0302t-123.jpeg\",\"width\":925,\"height\":581},{\"@type\":\"WebPage\",\"@id\":\"https:\/\/hanoilanguage.vn\/vn\/tieng-viet-123\/#webpage\",\"url\":\"https:\/\/hanoilanguage.vn\/vn\/tieng-viet-123\/\",\"name\":\"TI\\u1ebeNG VI\\u1ec6T 123 - Language School\",\"isPartOf\":{\"@id\":\"https:\/\/hanoilanguage.vn\/vn\/#website\"},\"primaryImageOfPage\":{\"@id\":\"https:\/\/hanoilanguage.vn\/vn\/tieng-viet-123\/#primaryimage\"},\"datePublished\":\"2021-11-27T08:58:22+00:00\",\"dateModified\":\"2022-01-21T11:02:36+00:00\",\"breadcrumb\":{\"@id\":\"https:\/\/hanoilanguage.vn\/vn\/tieng-viet-123\/#breadcrumb\"},\"inLanguage\":\"en-US\",\"potentialAction\":[{\"@type\":\"ReadAction\",\"target\":[\"https:\/\/hanoilanguage.vn\/vn\/tieng-viet-123\/\"]}]},{\"@type\":\"BreadcrumbList\",\"@id\":\"https:\/\/hanoilanguage.vn\/vn\/tieng-viet-123\/#breadcrumb\",\"itemListElement\":[{\"@type\":\"ListItem\",\"position\":1,\"name\":\"Home\",\"item\":\"https:\/\/hanoilanguage.vn\/vn\/\"},{\"@type\":\"ListItem\",\"position\":2,\"name\":\"TI\\u1ebeNG VI\\u1ec6T 123\"}]}]}<\/script>\n<!-- \/ Yoast SEO plugin. -->","yoast_head_json":{"title":"TI\u1ebeNG VI\u1ec6T 123 - Language School","robots":{"index":"index","follow":"follow","max-snippet":"max-snippet:-1","max-image-preview":"max-image-preview:large","max-video-preview":"max-video-preview:-1"},"canonical":"https:\/\/hanoilanguage.vn\/vn\/tieng-viet-123\/","og_locale":"en_US","og_type":"article","og_title":"TI\u1ebeNG VI\u1ec6T 123 - Language School","og_description":"TI\u1ebeNG VI\u1ec6T 123 V\u1edbi m\u1ee5c \u0111\u00edch l\u00e0m cho ti\u1ebfng Vi\u1ec7t tr\u1edf n\u00ean g\u1ea7n g\u0169i, th\u1ef1c t\u1ebf h\u01a1n trung t\u00e2m 123VIETNAMESE \u0111\u00e3 x\u00e2y d\u1ef1ng ri\u00eang gi\u00e1o tr\u00ecnh Ti\u1ebfng Vi\u1ec7t 123 cho tr\u00ecnh \u0111\u1ed9 m\u1edbi b\u1eaft \u0111\u1ea7u. Ngo\u00e0i c\u00e1c ph\u1ea7n gi\u1edbi thi\u1ec7u h\u1ec7 th\u1ed1ng nguy\u00ean \u00e2m, ph\u1ee5 \u00e2m, thanh \u0111i\u1ec7u ti\u1ebfng Vi\u1ec7t, 3 b\u00e0i \u00f4n t\u1eadp, 5...","og_url":"https:\/\/hanoilanguage.vn\/vn\/tieng-viet-123\/","og_site_name":"Language School","article_modified_time":"2022-01-21T11:02:36+00:00","og_image":[{"url":"https:\/\/hanoilanguage.vn\/vn\/wp-content\/uploads\/2022\/01\/Tie\u0302\u0301ng-vie\u0323\u0302t-123-637x400.jpeg"}],"twitter_card":"summary_large_image","twitter_misc":{"Est. reading time":"3 minutes"},"schema":{"@context":"https:\/\/schema.org","@graph":[{"@type":"WebSite","@id":"https:\/\/hanoilanguage.vn\/vn\/#website","url":"https:\/\/hanoilanguage.vn\/vn\/","name":"Language School","description":"HTH","potentialAction":[{"@type":"SearchAction","target":{"@type":"EntryPoint","urlTemplate":"https:\/\/hanoilanguage.vn\/vn\/?s={search_term_string}"},"query-input":"required name=search_term_string"}],"inLanguage":"en-US"},{"@type":"ImageObject","@id":"https:\/\/hanoilanguage.vn\/vn\/tieng-viet-123\/#primaryimage","inLanguage":"en-US","url":"https:\/\/hanoilanguage.vn\/vn\/wp-content\/uploads\/2022\/01\/Tie\u0302\u0301ng-vie\u0323\u0302t-123.jpeg","contentUrl":"https:\/\/hanoilanguage.vn\/vn\/wp-content\/uploads\/2022\/01\/Tie\u0302\u0301ng-vie\u0323\u0302t-123.jpeg","width":925,"height":581},{"@type":"WebPage","@id":"https:\/\/hanoilanguage.vn\/vn\/tieng-viet-123\/#webpage","url":"https:\/\/hanoilanguage.vn\/vn\/tieng-viet-123\/","name":"TI\u1ebeNG VI\u1ec6T 123 - Language School","isPartOf":{"@id":"https:\/\/hanoilanguage.vn\/vn\/#website"},"primaryImageOfPage":{"@id":"https:\/\/hanoilanguage.vn\/vn\/tieng-viet-123\/#primaryimage"},"datePublished":"2021-11-27T08:58:22+00:00","dateModified":"2022-01-21T11:02:36+00:00","breadcrumb":{"@id":"https:\/\/hanoilanguage.vn\/vn\/tieng-viet-123\/#breadcrumb"},"inLanguage":"en-US","potentialAction":[{"@type":"ReadAction","target":["https:\/\/hanoilanguage.vn\/vn\/tieng-viet-123\/"]}]},{"@type":"BreadcrumbList","@id":"https:\/\/hanoilanguage.vn\/vn\/tieng-viet-123\/#breadcrumb","itemListElement":[{"@type":"ListItem","position":1,"name":"Home","item":"https:\/\/hanoilanguage.vn\/vn\/"},{"@type":"ListItem","position":2,"name":"TI\u1ebeNG VI\u1ec6T 123"}]}]}},"_links":{"self":[{"href":"https:\/\/hanoilanguage.vn\/vn\/wp-json\/wp\/v2\/pages\/1319"}],"collection":[{"href":"https:\/\/hanoilanguage.vn\/vn\/wp-json\/wp\/v2\/pages"}],"about":[{"href":"https:\/\/hanoilanguage.vn\/vn\/wp-json\/wp\/v2\/types\/page"}],"author":[{"embeddable":true,"href":"https:\/\/hanoilanguage.vn\/vn\/wp-json\/wp\/v2\/users\/3"}],"replies":[{"embeddable":true,"href":"https:\/\/hanoilanguage.vn\/vn\/wp-json\/wp\/v2\/comments?post=1319"}],"version-history":[{"count":14,"href":"https:\/\/hanoilanguage.vn\/vn\/wp-json\/wp\/v2\/pages\/1319\/revisions"}],"predecessor-version":[{"id":2837,"href":"https:\/\/hanoilanguage.vn\/vn\/wp-json\/wp\/v2\/pages\/1319\/revisions\/2837"}],"wp:attachment":[{"href":"https:\/\/hanoilanguage.vn\/vn\/wp-json\/wp\/v2\/media?parent=1319"}],"curies":[{"name":"wp","href":"https:\/\/api.w.org\/{rel}","templated":true}]}}