{"id":1733,"date":"2021-12-02T10:26:15","date_gmt":"2021-12-02T03:26:15","guid":{"rendered":"https:\/\/hanoilanguage.vn\/kr\/?page_id=1733"},"modified":"2022-01-13T10:49:54","modified_gmt":"2022-01-13T03:49:54","slug":"barrons-essential-words-for-the-ielts","status":"publish","type":"page","link":"https:\/\/hanoilanguage.vn\/kr\/book\/barrons-essential-words-for-the-ielts\/","title":{"rendered":"BARRON&#8217;S ESSENTIAL WORDS FOR IELTS"},"content":{"rendered":"<h1 class=\"title_h1\">Barron\u2019s Essential Words for the IELTS<\/h1>\n<div class=\"entry-content\">\n<p>Barron Publishing is one of the major publishers with many books for IELTS preparation. Barron&#8217;s Essential Words for the IELTS is the most mentioned book, which is highly appreciated by many experts, helping new learners to improve vocabulary for common topics mentioned in the IELTS&#8217;s test.<\/p>\n<div class=\"entry-content\">\n<h3>1. Information<\/h3>\n<p>S\u00e1ch Essential Words for the IELTS l\u00e0 m\u1ed9t cu\u1ed1n s\u00e1ch gi\u00fap th\u00ed sinh n\u00e2ng cao v\u1ed1n t\u1eeb v\u1ef1ng cho k\u00ec thi IELTS. S\u00e1ch ph\u00f9 h\u1ee3p cho c\u00e1c b\u1ea1n m\u1edbi b\u1eaft \u0111\u1ea7u h\u1ecdc v\u00e0 \u00f4n luy\u1ec7n.<\/p>\n<h3>2. What do books give you?<\/h3>\n<p>Essential Words for the IELTS includes more than 600 words and vocabulary commonly found in the IELTS test, divided into common topics such as: nature and the environment, leisure activities and hobbies, the arts and culture, transportation, health, etc.<\/p>\n<p>In addition, the book also includes tips to help you remember words more easily.<\/p>\n<h3>3. How to use the book<\/h3>\n<p>After learning vocabulary, the book has exercises with answers to help readers practice and remember words longer. If you have trouble in remembering words, use this exercise.<\/p>\n<\/div>\n<div class=\"row review-suggestions\">\n<div class=\"col-md-12 col-sm-12 col-lg-12\">\n<div class=\"inside-article\">\n<div class=\"entry-summary\"><\/div>\n<\/div>\n<\/div>\n<\/div>\n<figure class=\"wp-block-image size-large\"><img loading=\"lazy\" class=\"alignnone wp-image-2776\" src=\"https:\/\/hanoilanguage.vn\/wp-content\/uploads\/2022\/01\/Review-Sach-Barrons-Essential-Words-for-the-IELTS-800x347.png\" alt=\"\" width=\"844\" height=\"366\" \/><figcaption>Barron\u2019s Essential Words for the IELTS<\/figcaption><\/figure>\n<p>This book helps learners to become familiar with some words that often appear in the IELTS Reading and Listening tests. As learners&#8217; vocabulary improves, speaking and writing skills will also develop. This part of the book will introduce learners to about 600 useful words for all 4 skills in the IELTS test.<\/p>\n<h3>4. Advantages of this book.<\/h3>\n<ul>\n<li>Content, diverse topics, including 10 articles with 10 different academic topics.<\/li>\n<\/ul>\n<p><img loading=\"lazy\" class=\"alignnone wp-image-2775\" src=\"https:\/\/hanoilanguage.vn\/wp-content\/uploads\/2022\/01\/Screen-Shot-2022-01-13-at-10.26.45-565x400.png\" alt=\"\" width=\"839\" height=\"594\" \/><\/p>\n<ul>\n<li>Each lesson is divided into 3 parts, each part includes 20 vocabulary words and exercises. Exercises in each section include all 4 skills Listening, Speaking, Reading and Writing.<\/li>\n<\/ul>\n<figure class=\"wp-block-image size-large\"><img loading=\"lazy\" class=\"wp-image-104417\" src=\"https:\/\/www.ieltsvietop.vn\/wp-content\/uploads\/2020\/09\/unit-1-the-natural-world.png\" sizes=\"(max-width: 638px) 100vw, 638px\" srcset=\"https:\/\/www.ieltsvietop.vn\/wp-content\/uploads\/2020\/09\/unit-1-the-natural-world.png 638w, https:\/\/www.ieltsvietop.vn\/wp-content\/uploads\/2020\/09\/unit-1-the-natural-world-280x339.png 280w\" alt=\"\" width=\"638\" height=\"773\" \/><\/figure>\n<figure class=\"wp-block-image size-large\"><img loading=\"lazy\" class=\"wp-image-104430\" src=\"https:\/\/www.ieltsvietop.vn\/wp-content\/uploads\/2020\/09\/reading.png\" sizes=\"(max-width: 636px) 100vw, 636px\" srcset=\"https:\/\/www.ieltsvietop.vn\/wp-content\/uploads\/2020\/09\/reading.png 636w, https:\/\/www.ieltsvietop.vn\/wp-content\/uploads\/2020\/09\/reading-280x118.png 280w\" alt=\"\" width=\"636\" height=\"267\" \/><\/figure>\n<figure class=\"wp-block-image size-large\"><img loading=\"lazy\" class=\"wp-image-104441\" src=\"https:\/\/www.ieltsvietop.vn\/wp-content\/uploads\/2020\/09\/listening.png\" sizes=\"(max-width: 613px) 100vw, 613px\" srcset=\"https:\/\/www.ieltsvietop.vn\/wp-content\/uploads\/2020\/09\/listening.png 613w, https:\/\/www.ieltsvietop.vn\/wp-content\/uploads\/2020\/09\/listening-280x74.png 280w\" alt=\"\" width=\"613\" height=\"163\" \/><\/figure>\n<figure class=\"wp-block-image size-large\"><img loading=\"lazy\" class=\"wp-image-104450\" src=\"https:\/\/www.ieltsvietop.vn\/wp-content\/uploads\/2020\/09\/wiring.png\" sizes=\"(max-width: 636px) 100vw, 636px\" srcset=\"https:\/\/www.ieltsvietop.vn\/wp-content\/uploads\/2020\/09\/wiring.png 636w, https:\/\/www.ieltsvietop.vn\/wp-content\/uploads\/2020\/09\/wiring-280x162.png 280w\" alt=\"\" width=\"636\" height=\"369\" \/><\/figure>\n<ul>\n<li>And there will be an extra note section so that learners can add some vocabulary in addition to the words introduced before.<\/li>\n<\/ul>\n<figure class=\"wp-block-image size-large\"><img loading=\"lazy\" class=\"wp-image-104457\" src=\"https:\/\/www.ieltsvietop.vn\/wp-content\/uploads\/2020\/09\/my-words.png\" sizes=\"(max-width: 796px) 100vw, 796px\" srcset=\"https:\/\/www.ieltsvietop.vn\/wp-content\/uploads\/2020\/09\/my-words.png 796w, https:\/\/www.ieltsvietop.vn\/wp-content\/uploads\/2020\/09\/my-words-768x583.png 768w, https:\/\/www.ieltsvietop.vn\/wp-content\/uploads\/2020\/09\/my-words-280x212.png 280w\" alt=\"\" width=\"796\" height=\"604\" \/><\/figure>\n<ul>\n<li>Besides introducing vocabulary, the author also focuses on the \u00a0word form\u00a0and some in-depth knowledge (such as \u00a0prefix, suffix\u2026) and skills in using dictionary.<\/li>\n<\/ul>\n<figure class=\"wp-block-image size-large\"><img loading=\"lazy\" class=\"wp-image-104480\" src=\"https:\/\/www.ieltsvietop.vn\/wp-content\/uploads\/2020\/09\/noun.png\" sizes=\"(max-width: 645px) 100vw, 645px\" srcset=\"https:\/\/www.ieltsvietop.vn\/wp-content\/uploads\/2020\/09\/noun.png 645w, https:\/\/www.ieltsvietop.vn\/wp-content\/uploads\/2020\/09\/noun-280x89.png 280w\" alt=\"\" width=\"645\" height=\"204\" \/><\/figure>\n<figure class=\"wp-block-image size-large\"><img loading=\"lazy\" class=\"wp-image-104495\" src=\"https:\/\/www.ieltsvietop.vn\/wp-content\/uploads\/2020\/09\/word-skill.png\" sizes=\"(max-width: 630px) 100vw, 630px\" srcset=\"https:\/\/www.ieltsvietop.vn\/wp-content\/uploads\/2020\/09\/word-skill.png 630w, https:\/\/www.ieltsvietop.vn\/wp-content\/uploads\/2020\/09\/word-skill-280x148.png 280w\" alt=\"\" width=\"630\" height=\"333\" \/><\/figure>\n<figure class=\"wp-block-image size-large\"><img loading=\"lazy\" class=\"wp-image-104506\" src=\"https:\/\/www.ieltsvietop.vn\/wp-content\/uploads\/2020\/09\/dictionary-skill.png\" sizes=\"(max-width: 630px) 100vw, 630px\" srcset=\"https:\/\/www.ieltsvietop.vn\/wp-content\/uploads\/2020\/09\/dictionary-skill.png 630w, https:\/\/www.ieltsvietop.vn\/wp-content\/uploads\/2020\/09\/dictionary-skill-280x129.png 280w\" alt=\"\" width=\"630\" height=\"290\" \/><\/figure>\n<ul>\n<li>There are Script and Key sections so that learners can learn by themselves more effectively.<\/li>\n<\/ul>\n<h3>5. Disadvantages of this book.<\/h3>\n<ul>\n<li>Missing illustrations<\/li>\n<li>The writing test is not for IELTS<\/li>\n<li>The content of each lesson is relatively long, learners are easily frustrated<\/li>\n<\/ul>\n<h3>6. In conclusion:<\/h3>\n<ul>\n<li>This book is for 6.0+ learners who want to improve their vocabulary and IELTS score<\/li>\n<li>The book is well designed for self-study purposes, learners will have a very good vocabulary after completing all the content of the book.<\/li>\n<li>I highly recommend you to use this book to learn vocabulary.<\/li>\n<li>Books can be found on e-commerce sites and at major bookstores.<\/li>\n<\/ul>\n<\/div>\n<div class=\"row review-suggestions\">\n<div class=\"col-md-12 col-sm-12 col-lg-12\">\n<div class=\"inside-article\">\n<div class=\"entry-summary\">\n<p><strong>Please feel free to contact Hanoi L&amp;C Academy if you need any further information.<\/strong><\/p>\n<p>? Email: info.hanoiacademy@gmail.com<\/p>\n<p>? Address: CT4, My Dinh Urban Area \u2013 Song Da, Nam Tu Liem, Hanoi<\/p>\n<p>? Hotline \/ Zalo \/ WhasApp: +84 38 8383 789<\/p>\n<p>? ID Kakaotalk: Thuylinh590<\/p>\n<p>? Fanapge: https:\/\/www.facebook.com\/hanoiacademi<\/p>\n<p>? Instagram: hanoi.vietnamese<\/p>\n<p>? Tiktok: @ hanoi.academy<\/p>\n<\/div>\n<\/div>\n<\/div>\n<\/div>\n","protected":false},"excerpt":{"rendered":"<p>Barron\u2019s Essential Words for the IELTS Barron Publishing is one of the major publishers with many books for IELTS preparation. Barron&#8217;s Essential Words for the IELTS is the most mentioned book, which is highly appreciated by many experts, helping new learners to improve vocabulary for common topics mentioned in the IELTS&#8217;s test. 1. Information S\u00e1ch&#8230;<\/p>\n","protected":false},"author":3,"featured_media":0,"parent":938,"menu_order":0,"comment_status":"closed","ping_status":"closed","template":"","meta":[],"yoast_head":"<!-- This site is optimized with the Yoast SEO plugin v17.7.1 - https:\/\/yoast.com\/wordpress\/plugins\/seo\/ -->\n<title>BARRON&#039;S ESSENTIAL WORDS FOR IELTS - Language School<\/title>\n<meta name=\"robots\" content=\"index, follow, max-snippet:-1, max-image-preview:large, max-video-preview:-1\" \/>\n<link rel=\"canonical\" href=\"https:\/\/hanoilanguage.vn\/kr\/book\/barrons-essential-words-for-the-ielts\/\" \/>\n<meta property=\"og:locale\" content=\"en_US\" \/>\n<meta property=\"og:type\" content=\"article\" \/>\n<meta property=\"og:title\" content=\"BARRON&#039;S ESSENTIAL WORDS FOR IELTS - Language School\" \/>\n<meta property=\"og:description\" content=\"Barron\u2019s Essential Words for the IELTS Barron Publishing is one of the major publishers with many books for IELTS preparation. Barron&#8217;s Essential Words for the IELTS is the most mentioned book, which is highly appreciated by many experts, helping new learners to improve vocabulary for common topics mentioned in the IELTS&#8217;s test. 1. Information S\u00e1ch...\" \/>\n<meta property=\"og:url\" content=\"https:\/\/hanoilanguage.vn\/kr\/book\/barrons-essential-words-for-the-ielts\/\" \/>\n<meta property=\"og:site_name\" content=\"Language School\" \/>\n<meta property=\"article:modified_time\" content=\"2022-01-13T03:49:54+00:00\" \/>\n<meta property=\"og:image\" content=\"https:\/\/hanoilanguage.vn\/wp-content\/uploads\/2022\/01\/Review-Sach-Barrons-Essential-Words-for-the-IELTS-800x347.png\" \/>\n<meta name=\"twitter:card\" content=\"summary_large_image\" \/>\n<meta name=\"twitter:label1\" content=\"Est. reading time\" \/>\n\t<meta name=\"twitter:data1\" content=\"5 minutes\" \/>\n<script type=\"application\/ld+json\" class=\"yoast-schema-graph\">{\"@context\":\"https:\/\/schema.org\",\"@graph\":[{\"@type\":\"WebSite\",\"@id\":\"https:\/\/hanoilanguage.vn\/kr\/#website\",\"url\":\"https:\/\/hanoilanguage.vn\/kr\/\",\"name\":\"Language School\",\"description\":\"HTH\",\"potentialAction\":[{\"@type\":\"SearchAction\",\"target\":{\"@type\":\"EntryPoint\",\"urlTemplate\":\"https:\/\/hanoilanguage.vn\/kr\/?s={search_term_string}\"},\"query-input\":\"required name=search_term_string\"}],\"inLanguage\":\"en-US\"},{\"@type\":\"ImageObject\",\"@id\":\"https:\/\/hanoilanguage.vn\/kr\/book\/barrons-essential-words-for-the-ielts\/#primaryimage\",\"inLanguage\":\"en-US\",\"url\":\"https:\/\/hanoilanguage.vn\/wp-content\/uploads\/2022\/01\/Review-Sach-Barrons-Essential-Words-for-the-IELTS-800x347.png\",\"contentUrl\":\"https:\/\/hanoilanguage.vn\/wp-content\/uploads\/2022\/01\/Review-Sach-Barrons-Essential-Words-for-the-IELTS-800x347.png\"},{\"@type\":\"WebPage\",\"@id\":\"https:\/\/hanoilanguage.vn\/kr\/book\/barrons-essential-words-for-the-ielts\/#webpage\",\"url\":\"https:\/\/hanoilanguage.vn\/kr\/book\/barrons-essential-words-for-the-ielts\/\",\"name\":\"BARRON'S ESSENTIAL WORDS FOR IELTS - Language School\",\"isPartOf\":{\"@id\":\"https:\/\/hanoilanguage.vn\/kr\/#website\"},\"primaryImageOfPage\":{\"@id\":\"https:\/\/hanoilanguage.vn\/kr\/book\/barrons-essential-words-for-the-ielts\/#primaryimage\"},\"datePublished\":\"2021-12-02T03:26:15+00:00\",\"dateModified\":\"2022-01-13T03:49:54+00:00\",\"breadcrumb\":{\"@id\":\"https:\/\/hanoilanguage.vn\/kr\/book\/barrons-essential-words-for-the-ielts\/#breadcrumb\"},\"inLanguage\":\"en-US\",\"potentialAction\":[{\"@type\":\"ReadAction\",\"target\":[\"https:\/\/hanoilanguage.vn\/kr\/book\/barrons-essential-words-for-the-ielts\/\"]}]},{\"@type\":\"BreadcrumbList\",\"@id\":\"https:\/\/hanoilanguage.vn\/kr\/book\/barrons-essential-words-for-the-ielts\/#breadcrumb\",\"itemListElement\":[{\"@type\":\"ListItem\",\"position\":1,\"name\":\"Home\",\"item\":\"https:\/\/hanoilanguage.vn\/kr\/\"},{\"@type\":\"ListItem\",\"position\":2,\"name\":\"Book\",\"item\":\"https:\/\/hanoilanguage.vn\/kr\/book\/\"},{\"@type\":\"ListItem\",\"position\":3,\"name\":\"BARRON&#8217;S ESSENTIAL WORDS FOR IELTS\"}]}]}<\/script>\n<!-- \/ Yoast SEO plugin. -->","yoast_head_json":{"title":"BARRON'S ESSENTIAL WORDS FOR IELTS - Language School","robots":{"index":"index","follow":"follow","max-snippet":"max-snippet:-1","max-image-preview":"max-image-preview:large","max-video-preview":"max-video-preview:-1"},"canonical":"https:\/\/hanoilanguage.vn\/kr\/book\/barrons-essential-words-for-the-ielts\/","og_locale":"en_US","og_type":"article","og_title":"BARRON'S ESSENTIAL WORDS FOR IELTS - Language School","og_description":"Barron\u2019s Essential Words for the IELTS Barron Publishing is one of the major publishers with many books for IELTS preparation. Barron&#8217;s Essential Words for the IELTS is the most mentioned book, which is highly appreciated by many experts, helping new learners to improve vocabulary for common topics mentioned in the IELTS&#8217;s test. 1. Information S\u00e1ch...","og_url":"https:\/\/hanoilanguage.vn\/kr\/book\/barrons-essential-words-for-the-ielts\/","og_site_name":"Language School","article_modified_time":"2022-01-13T03:49:54+00:00","og_image":[{"url":"https:\/\/hanoilanguage.vn\/wp-content\/uploads\/2022\/01\/Review-Sach-Barrons-Essential-Words-for-the-IELTS-800x347.png"}],"twitter_card":"summary_large_image","twitter_misc":{"Est. reading time":"5 minutes"},"schema":{"@context":"https:\/\/schema.org","@graph":[{"@type":"WebSite","@id":"https:\/\/hanoilanguage.vn\/kr\/#website","url":"https:\/\/hanoilanguage.vn\/kr\/","name":"Language School","description":"HTH","potentialAction":[{"@type":"SearchAction","target":{"@type":"EntryPoint","urlTemplate":"https:\/\/hanoilanguage.vn\/kr\/?s={search_term_string}"},"query-input":"required name=search_term_string"}],"inLanguage":"en-US"},{"@type":"ImageObject","@id":"https:\/\/hanoilanguage.vn\/kr\/book\/barrons-essential-words-for-the-ielts\/#primaryimage","inLanguage":"en-US","url":"https:\/\/hanoilanguage.vn\/wp-content\/uploads\/2022\/01\/Review-Sach-Barrons-Essential-Words-for-the-IELTS-800x347.png","contentUrl":"https:\/\/hanoilanguage.vn\/wp-content\/uploads\/2022\/01\/Review-Sach-Barrons-Essential-Words-for-the-IELTS-800x347.png"},{"@type":"WebPage","@id":"https:\/\/hanoilanguage.vn\/kr\/book\/barrons-essential-words-for-the-ielts\/#webpage","url":"https:\/\/hanoilanguage.vn\/kr\/book\/barrons-essential-words-for-the-ielts\/","name":"BARRON'S ESSENTIAL WORDS FOR IELTS - Language School","isPartOf":{"@id":"https:\/\/hanoilanguage.vn\/kr\/#website"},"primaryImageOfPage":{"@id":"https:\/\/hanoilanguage.vn\/kr\/book\/barrons-essential-words-for-the-ielts\/#primaryimage"},"datePublished":"2021-12-02T03:26:15+00:00","dateModified":"2022-01-13T03:49:54+00:00","breadcrumb":{"@id":"https:\/\/hanoilanguage.vn\/kr\/book\/barrons-essential-words-for-the-ielts\/#breadcrumb"},"inLanguage":"en-US","potentialAction":[{"@type":"ReadAction","target":["https:\/\/hanoilanguage.vn\/kr\/book\/barrons-essential-words-for-the-ielts\/"]}]},{"@type":"BreadcrumbList","@id":"https:\/\/hanoilanguage.vn\/kr\/book\/barrons-essential-words-for-the-ielts\/#breadcrumb","itemListElement":[{"@type":"ListItem","position":1,"name":"Home","item":"https:\/\/hanoilanguage.vn\/kr\/"},{"@type":"ListItem","position":2,"name":"Book","item":"https:\/\/hanoilanguage.vn\/kr\/book\/"},{"@type":"ListItem","position":3,"name":"BARRON&#8217;S ESSENTIAL WORDS FOR IELTS"}]}]}},"_links":{"self":[{"href":"https:\/\/hanoilanguage.vn\/kr\/wp-json\/wp\/v2\/pages\/1733"}],"collection":[{"href":"https:\/\/hanoilanguage.vn\/kr\/wp-json\/wp\/v2\/pages"}],"about":[{"href":"https:\/\/hanoilanguage.vn\/kr\/wp-json\/wp\/v2\/types\/page"}],"author":[{"embeddable":true,"href":"https:\/\/hanoilanguage.vn\/kr\/wp-json\/wp\/v2\/users\/3"}],"replies":[{"embeddable":true,"href":"https:\/\/hanoilanguage.vn\/kr\/wp-json\/wp\/v2\/comments?post=1733"}],"version-history":[{"count":3,"href":"https:\/\/hanoilanguage.vn\/kr\/wp-json\/wp\/v2\/pages\/1733\/revisions"}],"predecessor-version":[{"id":2391,"href":"https:\/\/hanoilanguage.vn\/kr\/wp-json\/wp\/v2\/pages\/1733\/revisions\/2391"}],"up":[{"embeddable":true,"href":"https:\/\/hanoilanguage.vn\/kr\/wp-json\/wp\/v2\/pages\/938"}],"wp:attachment":[{"href":"https:\/\/hanoilanguage.vn\/kr\/wp-json\/wp\/v2\/media?parent=1733"}],"curies":[{"name":"wp","href":"https:\/\/api.w.org\/{rel}","templated":true}]}}